
{"id":926,"date":"2024-12-04T11:13:14","date_gmt":"2024-12-04T11:13:14","guid":{"rendered":"https:\/\/kromogen.com\/?page_id=926"},"modified":"2024-12-04T11:18:38","modified_gmt":"2024-12-04T11:18:38","slug":"uv-vis-spektrofotometreler","status":"publish","type":"page","link":"https:\/\/kromogen.com\/en\/uv-vis-spectrophotometers\/","title":{"rendered":"UV - VIS Spectrophotometers"},"content":{"rendered":"<p>Spectrophotometers, one of the most basic techniques used in laboratories,<\/p>\n<ul>\n<li>Visible Region (380 nm -780 nm and above, usually up to 1100 nm)<\/li>\n<li>Ultraviolet Region (UV) (190-380 nm)<\/li>\n<\/ul>\n<p>those who work in the ranges<\/p>\n<ul>\n<li>Single light source (Single Beam)<\/li>\n<li>Double Beam Light Source<\/li>\n<\/ul>\n<p>They have different classifications, such as those divided according to light sources.<\/p>\n<p><img loading=\"lazy\" decoding=\"async\" class=\"\" src=\"https:\/\/ch.vwr.com\/stibo\/low_res\/std.lang.all\/06\/52\/47360652.jpg\" alt=\"VWR\u00ae P6, UV\/Vis-Spectrophotometer | VWR\" width=\"389\" height=\"228\" \/> <img loading=\"lazy\" decoding=\"async\" class=\"\" src=\"https:\/\/ch.vwr.com\/stibo\/low_res\/std.lang.all\/11\/46\/43821146.jpg\" alt=\"VWR\u00ae Nano Spectrophotometer\" width=\"426\" height=\"376\" \/><\/p>\n<p><strong>KromoGEN<\/strong> through our representative offices <strong>VWR<\/strong> brand, <strong>Thermo Scientific<\/strong> We offer you alternatives with dozens of different options such as brands. While sometimes we provide simple spectrophotometers for student laboratories, sometimes we can provide wavelength width adjustable; models with high stability and accuracy, narrowable down to 0.1 nm; different sample accessories, constant temperature, high-tech devices and accessories suitable for absorbance-transmittance-reflectance-kinetic measurements.<\/p>\n<p>Multiplate Readers or Nano - Micro Spectrophotometers for biological studies are also in our product portfolio. You can contact our experts for the right choice of brand, model and price\/performance: satis@kromogen.com<\/p>\n<p>&nbsp;<\/p>\n<blockquote><p>VWR Spectrophotometer Models Catalog<\/p><\/blockquote>\n<div class=\"_df_book df-lite\" id=\"df_927\"  _slug=\"vwr-spektrofotometre-katalogu\" data-title=\"vwr-spektrofotometre-katalogu\" wpoptions=\"true\" thumbtype=\"\" ><\/div><script class=\"df-shortcode-script\" type=\"application\/javascript\">window.option_df_927 = {\"outline\":[],\"autoEnableOutline\":\"false\",\"autoEnableThumbnail\":\"false\",\"overwritePDFOutline\":\"false\",\"direction\":\"1\",\"pageSize\":\"0\",\"source\":\"https:\\\/\\\/kromogen.com\\\/wp-content\\\/uploads\\\/2024\\\/08\\\/VWR-Spectrophotometers.pdf\",\"wpOptions\":\"true\"}; if(window.DFLIP && window.DFLIP.parseBooks){window.DFLIP.parseBooks();}<\/script>\n<p>&nbsp;<\/p>\n<blockquote><p>VWR Nano Spectrophotometer Catalog<\/p><\/blockquote>\n<div class=\"_df_book df-lite\" id=\"df_932\"  _slug=\"vwr-nano-spektrofotometre\" data-title=\"vwr-nano-spektrofotometre\" wpoptions=\"true\" thumbtype=\"\" ><\/div><script class=\"df-shortcode-script\" type=\"application\/javascript\">window.option_df_932 = {\"outline\":[],\"autoEnableOutline\":\"false\",\"autoEnableThumbnail\":\"false\",\"overwritePDFOutline\":\"false\",\"direction\":\"1\",\"pageSize\":\"0\",\"source\":\"https:\\\/\\\/kromogen.com\\\/wp-content\\\/uploads\\\/2024\\\/08\\\/VWR_Nano_Spectrometer_Brochure.pdf\",\"wpOptions\":\"true\"}; if(window.DFLIP && window.DFLIP.parseBooks){window.DFLIP.parseBooks();}<\/script>\n<p>&nbsp;<\/p>\n<p>&nbsp;<\/p>","protected":false},"excerpt":{"rendered":"<p>Spectrophotometers, which are one of the most basic techniques used by laboratories, have different classifications such as those working in the Visible Region (Visible) (380 nm -780 nm and above, usually up to 1100 nm) Ultraviolet Region (UV) (190-380 nm) ranges... Single light source (Single Beam) Double Light Source (Double Beam). As KromoGEN, through our representatives, we offer VWR brand, Thermo Scientific brand [...]","protected":false},"author":2,"featured_media":0,"parent":0,"menu_order":0,"comment_status":"closed","ping_status":"closed","template":"","meta":{"footnotes":""},"class_list":["post-926","page","type-page","status-publish","hentry"],"yoast_head":"<!-- This site is optimized with the Yoast SEO plugin v23.4 - https:\/\/yoast.com\/wordpress\/plugins\/seo\/ -->\n<title>UV - VIS Spektrofotometreler - Kromogen<\/title>\n<meta name=\"description\" content=\"Farkl\u0131 marka, model ve \u00f6zelliklerde UV-VIS Spektrofotometre alternatifleri i\u00e7in en uygun \u00e7\u00f6z\u00fcmler KromoGEN&#039;de\" \/>\n<meta name=\"robots\" content=\"index, follow, max-snippet:-1, max-image-preview:large, max-video-preview:-1\" \/>\n<link rel=\"canonical\" href=\"https:\/\/kromogen.com\/en\/uv-vis-spectrophotometers\/\" \/>\n<meta property=\"og:locale\" content=\"en_US\" \/>\n<meta property=\"og:type\" content=\"article\" \/>\n<meta property=\"og:title\" content=\"UV - VIS Spektrofotometreler - Kromogen\" \/>\n<meta property=\"og:description\" content=\"Farkl\u0131 marka, model ve \u00f6zelliklerde UV-VIS Spektrofotometre alternatifleri i\u00e7in en uygun \u00e7\u00f6z\u00fcmler KromoGEN&#039;de\" \/>\n<meta property=\"og:url\" content=\"https:\/\/kromogen.com\/en\/uv-vis-spectrophotometers\/\" \/>\n<meta property=\"og:site_name\" content=\"Kromogen\" \/>\n<meta property=\"article:modified_time\" content=\"2024-12-04T11:18:38+00:00\" \/>\n<meta property=\"og:image\" content=\"https:\/\/ch.vwr.com\/stibo\/low_res\/std.lang.all\/06\/52\/47360652.jpg\" \/>\n<meta name=\"twitter:card\" content=\"summary_large_image\" \/>\n<meta name=\"twitter:label1\" content=\"Est. reading time\" \/>\n\t<meta name=\"twitter:data1\" content=\"2 minutes\" \/>\n<script type=\"application\/ld+json\" class=\"yoast-schema-graph\">{\"@context\":\"https:\/\/schema.org\",\"@graph\":[{\"@type\":\"WebPage\",\"@id\":\"https:\/\/kromogen.com\/uv-vis-spektrofotometreler\/\",\"url\":\"https:\/\/kromogen.com\/uv-vis-spektrofotometreler\/\",\"name\":\"UV - VIS Spektrofotometreler - Kromogen\",\"isPartOf\":{\"@id\":\"https:\/\/kromogen.com\/#website\"},\"primaryImageOfPage\":{\"@id\":\"https:\/\/kromogen.com\/uv-vis-spektrofotometreler\/#primaryimage\"},\"image\":{\"@id\":\"https:\/\/kromogen.com\/uv-vis-spektrofotometreler\/#primaryimage\"},\"thumbnailUrl\":\"https:\/\/ch.vwr.com\/stibo\/low_res\/std.lang.all\/06\/52\/47360652.jpg\",\"datePublished\":\"2024-12-04T11:13:14+00:00\",\"dateModified\":\"2024-12-04T11:18:38+00:00\",\"description\":\"Farkl\u0131 marka, model ve \u00f6zelliklerde UV-VIS Spektrofotometre alternatifleri i\u00e7in en uygun \u00e7\u00f6z\u00fcmler KromoGEN'de\",\"breadcrumb\":{\"@id\":\"https:\/\/kromogen.com\/uv-vis-spektrofotometreler\/#breadcrumb\"},\"inLanguage\":\"en-US\",\"potentialAction\":[{\"@type\":\"ReadAction\",\"target\":[\"https:\/\/kromogen.com\/uv-vis-spektrofotometreler\/\"]}]},{\"@type\":\"ImageObject\",\"inLanguage\":\"en-US\",\"@id\":\"https:\/\/kromogen.com\/uv-vis-spektrofotometreler\/#primaryimage\",\"url\":\"https:\/\/ch.vwr.com\/stibo\/low_res\/std.lang.all\/06\/52\/47360652.jpg\",\"contentUrl\":\"https:\/\/ch.vwr.com\/stibo\/low_res\/std.lang.all\/06\/52\/47360652.jpg\"},{\"@type\":\"BreadcrumbList\",\"@id\":\"https:\/\/kromogen.com\/uv-vis-spektrofotometreler\/#breadcrumb\",\"itemListElement\":[{\"@type\":\"ListItem\",\"position\":1,\"name\":\"Anasayfa\",\"item\":\"https:\/\/kromogen.com\/\"},{\"@type\":\"ListItem\",\"position\":2,\"name\":\"UV &#8211; VIS Spektrofotometreler\"}]},{\"@type\":\"WebSite\",\"@id\":\"https:\/\/kromogen.com\/#website\",\"url\":\"https:\/\/kromogen.com\/\",\"name\":\"Kromogen\",\"description\":\"Kromogen Biyoteknoloji\",\"potentialAction\":[{\"@type\":\"SearchAction\",\"target\":{\"@type\":\"EntryPoint\",\"urlTemplate\":\"https:\/\/kromogen.com\/?s={search_term_string}\"},\"query-input\":{\"@type\":\"PropertyValueSpecification\",\"valueRequired\":true,\"valueName\":\"search_term_string\"}}],\"inLanguage\":\"en-US\"}]}<\/script>\n<!-- \/ Yoast SEO plugin. -->","yoast_head_json":{"title":"UV - VIS Spektrofotometreler - Kromogen","description":"Farkl\u0131 marka, model ve \u00f6zelliklerde UV-VIS Spektrofotometre alternatifleri i\u00e7in en uygun \u00e7\u00f6z\u00fcmler KromoGEN'de","robots":{"index":"index","follow":"follow","max-snippet":"max-snippet:-1","max-image-preview":"max-image-preview:large","max-video-preview":"max-video-preview:-1"},"canonical":"https:\/\/kromogen.com\/en\/uv-vis-spectrophotometers\/","og_locale":"en_US","og_type":"article","og_title":"UV - VIS Spektrofotometreler - Kromogen","og_description":"Farkl\u0131 marka, model ve \u00f6zelliklerde UV-VIS Spektrofotometre alternatifleri i\u00e7in en uygun \u00e7\u00f6z\u00fcmler KromoGEN'de","og_url":"https:\/\/kromogen.com\/en\/uv-vis-spectrophotometers\/","og_site_name":"Kromogen","article_modified_time":"2024-12-04T11:18:38+00:00","og_image":[{"url":"https:\/\/ch.vwr.com\/stibo\/low_res\/std.lang.all\/06\/52\/47360652.jpg"}],"twitter_card":"summary_large_image","twitter_misc":{"Est. reading time":"2 minutes"},"schema":{"@context":"https:\/\/schema.org","@graph":[{"@type":"WebPage","@id":"https:\/\/kromogen.com\/uv-vis-spektrofotometreler\/","url":"https:\/\/kromogen.com\/uv-vis-spektrofotometreler\/","name":"UV - VIS Spektrofotometreler - Kromogen","isPartOf":{"@id":"https:\/\/kromogen.com\/#website"},"primaryImageOfPage":{"@id":"https:\/\/kromogen.com\/uv-vis-spektrofotometreler\/#primaryimage"},"image":{"@id":"https:\/\/kromogen.com\/uv-vis-spektrofotometreler\/#primaryimage"},"thumbnailUrl":"https:\/\/ch.vwr.com\/stibo\/low_res\/std.lang.all\/06\/52\/47360652.jpg","datePublished":"2024-12-04T11:13:14+00:00","dateModified":"2024-12-04T11:18:38+00:00","description":"Farkl\u0131 marka, model ve \u00f6zelliklerde UV-VIS Spektrofotometre alternatifleri i\u00e7in en uygun \u00e7\u00f6z\u00fcmler KromoGEN'de","breadcrumb":{"@id":"https:\/\/kromogen.com\/uv-vis-spektrofotometreler\/#breadcrumb"},"inLanguage":"en-US","potentialAction":[{"@type":"ReadAction","target":["https:\/\/kromogen.com\/uv-vis-spektrofotometreler\/"]}]},{"@type":"ImageObject","inLanguage":"en-US","@id":"https:\/\/kromogen.com\/uv-vis-spektrofotometreler\/#primaryimage","url":"https:\/\/ch.vwr.com\/stibo\/low_res\/std.lang.all\/06\/52\/47360652.jpg","contentUrl":"https:\/\/ch.vwr.com\/stibo\/low_res\/std.lang.all\/06\/52\/47360652.jpg"},{"@type":"BreadcrumbList","@id":"https:\/\/kromogen.com\/uv-vis-spektrofotometreler\/#breadcrumb","itemListElement":[{"@type":"ListItem","position":1,"name":"Anasayfa","item":"https:\/\/kromogen.com\/"},{"@type":"ListItem","position":2,"name":"UV &#8211; VIS Spektrofotometreler"}]},{"@type":"WebSite","@id":"https:\/\/kromogen.com\/#website","url":"https:\/\/kromogen.com\/","name":"Kromogen","description":"Kromogen Biyoteknoloji","potentialAction":[{"@type":"SearchAction","target":{"@type":"EntryPoint","urlTemplate":"https:\/\/kromogen.com\/?s={search_term_string}"},"query-input":{"@type":"PropertyValueSpecification","valueRequired":true,"valueName":"search_term_string"}}],"inLanguage":"en-US"}]}},"_links":{"self":[{"href":"https:\/\/kromogen.com\/en\/wp-json\/wp\/v2\/pages\/926"}],"collection":[{"href":"https:\/\/kromogen.com\/en\/wp-json\/wp\/v2\/pages"}],"about":[{"href":"https:\/\/kromogen.com\/en\/wp-json\/wp\/v2\/types\/page"}],"author":[{"embeddable":true,"href":"https:\/\/kromogen.com\/en\/wp-json\/wp\/v2\/users\/2"}],"replies":[{"embeddable":true,"href":"https:\/\/kromogen.com\/en\/wp-json\/wp\/v2\/comments?post=926"}],"version-history":[{"count":5,"href":"https:\/\/kromogen.com\/en\/wp-json\/wp\/v2\/pages\/926\/revisions"}],"predecessor-version":[{"id":940,"href":"https:\/\/kromogen.com\/en\/wp-json\/wp\/v2\/pages\/926\/revisions\/940"}],"wp:attachment":[{"href":"https:\/\/kromogen.com\/en\/wp-json\/wp\/v2\/media?parent=926"}],"curies":[{"name":"wp","href":"https:\/\/api.w.org\/{rel}","templated":true}]}}