
{"id":906,"date":"2024-12-04T10:51:57","date_gmt":"2024-12-04T10:51:57","guid":{"rendered":"https:\/\/kromogen.com\/?page_id=906"},"modified":"2024-12-04T10:56:59","modified_gmt":"2024-12-04T10:56:59","slug":"expec-icp-oes-ve-icpms-ms-induktif-coupled-plazma-spektrometreleri","status":"publish","type":"page","link":"https:\/\/kromogen.com\/en\/expec-icp-oes-and-icpms-ms-inductively-coupled-plasma-spectrometers\/","title":{"rendered":"EXPEC ICP-OES and ICPMS\/MS Inductively Coupled Plasma Spectrometers"},"content":{"rendered":"<p>Elemental analysis becomes challenging when matrix effects are involved. Multi-element analysis down to low limits without interference problems is only possible with appropriate analytical infrastructure and powerful software solutions.<\/p>\n<p>Echelle Grating, Argon Dilution, high sensitivity ECDD sensors, excellent engineering design and patented technologies are the features that make EXPEC stand out in ICP - Inductively Coupled Plasma \/ Inductive Couple Plasma Spectrometers, which have now become the gold standard, and have made it possible to obtain sought-after results such as 72 elements in 10 s.<\/p>\n<p><img loading=\"lazy\" decoding=\"async\" class=\"alignleft\" src=\"https:\/\/en.expec-tech.com\/wp-content\/uploads\/2023\/08\/1-2.jpg\" alt=\"\" width=\"338\" height=\"261\" \/> <img loading=\"lazy\" decoding=\"async\" class=\"\" src=\"https:\/\/en.expec-tech.com\/wp-content\/uploads\/2023\/08\/11-1.jpg\" width=\"398\" height=\"206\" \/><\/p>\n<p>&nbsp;<\/p>\n<p>&nbsp;<\/p>\n<p>&nbsp;<\/p>\n<p>You can review EXPEC solutions for ICP-OES, ICPMS and ICP\/MSMS systems below and contact us for more information: satis@kromogen.com<\/p>\n<p>&nbsp;<\/p>\n<blockquote><p>Check out the EXPEC 6500 ICP OES<\/p><\/blockquote>\n<div class=\"_df_book df-lite\" id=\"df_914\"  _slug=\"expec-6500-icpoes\" data-title=\"expec-6500-icpoes\" wpoptions=\"true\" thumbtype=\"\" ><\/div><script class=\"df-shortcode-script\" type=\"application\/javascript\">window.option_df_914 = {\"outline\":[],\"autoEnableOutline\":\"false\",\"autoEnableThumbnail\":\"false\",\"overwritePDFOutline\":\"false\",\"direction\":\"1\",\"pageSize\":\"0\",\"source\":\"https:\\\/\\\/kromogen.com\\\/wp-content\\\/uploads\\\/2024\\\/12\\\/EXPEC-6500-ICP-OES-brochure.pdf\",\"wpOptions\":\"true\"}; if(window.DFLIP && window.DFLIP.parseBooks){window.DFLIP.parseBooks();}<\/script>\n<p>&nbsp;<\/p>\n<p>&nbsp;<\/p>\n<blockquote><p>Watch EXPEC 6500 Video<\/p><\/blockquote>\n<div style=\"width: 1020px;\" class=\"wp-video\"><!--[if lt IE 9]><script>document.createElement('video');<\/script><![endif]-->\n<video class=\"wp-video-shortcode\" id=\"video-906-1\" width=\"1020\" height=\"574\" preload=\"metadata\" controls=\"controls\"><source type=\"video\/mp4\" src=\"https:\/\/kromogen.com\/wp-content\/uploads\/2024\/12\/EXPEC-6500-ICPOES.mp4?_=1\" \/><a href=\"https:\/\/kromogen.com\/wp-content\/uploads\/2024\/12\/EXPEC-6500-ICPOES.mp4\">https:\/\/kromogen.com\/wp-content\/uploads\/2024\/12\/EXPEC-6500-ICPOES.mp4<\/a><\/video><\/div>\n<p>&nbsp;<\/p>\n<p>&nbsp;<\/p>\n<blockquote><p>Review EXPEC 7500 ICPMS Catalog<\/p><\/blockquote>\n<div class=\"_df_book df-lite\" id=\"df_912\"  _slug=\"expec-7500-icpms\" data-title=\"expec-7500-icpms\" wpoptions=\"true\" thumbtype=\"\" ><\/div><script class=\"df-shortcode-script\" type=\"application\/javascript\">window.option_df_912 = {\"outline\":[],\"autoEnableOutline\":\"false\",\"autoEnableThumbnail\":\"false\",\"overwritePDFOutline\":\"false\",\"direction\":\"1\",\"pageSize\":\"0\",\"source\":\"https:\\\/\\\/kromogen.com\\\/wp-content\\\/uploads\\\/2024\\\/12\\\/SUPEC-7000-ICP-MS-brochure.pdf\",\"wpOptions\":\"true\"}; if(window.DFLIP && window.DFLIP.parseBooks){window.DFLIP.parseBooks();}<\/script>\n<p>&nbsp;<\/p>\n<p>&nbsp;<\/p>\n<blockquote><p>Watch EXPEC 7500 ICPMS Video<\/p><\/blockquote>\n<div style=\"width: 1020px;\" class=\"wp-video\"><video class=\"wp-video-shortcode\" id=\"video-906-2\" width=\"1020\" height=\"574\" preload=\"metadata\" controls=\"controls\"><source type=\"video\/mp4\" src=\"https:\/\/kromogen.com\/wp-content\/uploads\/2024\/12\/EXPEC-7000-ICPMS.mp4?_=2\" \/><a href=\"https:\/\/kromogen.com\/wp-content\/uploads\/2024\/12\/EXPEC-7000-ICPMS.mp4\">https:\/\/kromogen.com\/wp-content\/uploads\/2024\/12\/EXPEC-7000-ICPMS.mp4<\/a><\/video><\/div>\n<p>&nbsp;<\/p>\n<p>&nbsp;<\/p>\n<blockquote><p>Review EXPEC 7350 ICPMSMS Catalog<\/p><\/blockquote>\n<div class=\"_df_book df-lite\" id=\"df_910\"  _slug=\"expec-7350-icpmsms\" data-title=\"expec-7350-icpmsms\" wpoptions=\"true\" thumbtype=\"\" ><\/div><script class=\"df-shortcode-script\" type=\"application\/javascript\">window.option_df_910 = {\"outline\":[],\"autoEnableOutline\":\"false\",\"autoEnableThumbnail\":\"false\",\"overwritePDFOutline\":\"false\",\"direction\":\"1\",\"pageSize\":\"0\",\"source\":\"https:\\\/\\\/kromogen.com\\\/wp-content\\\/uploads\\\/2024\\\/12\\\/EXPEC-7350-brochure.pdf\",\"wpOptions\":\"true\"}; if(window.DFLIP && window.DFLIP.parseBooks){window.DFLIP.parseBooks();}<\/script>\n<p>&nbsp;<\/p>\n<p>&nbsp;<\/p>\n<blockquote><p>Watch EXPEC 7350 ICPMSMS Video<\/p><\/blockquote>\n<div style=\"width: 1020px;\" class=\"wp-video\"><video class=\"wp-video-shortcode\" id=\"video-906-3\" width=\"1020\" height=\"574\" preload=\"metadata\" controls=\"controls\"><source type=\"video\/mp4\" src=\"https:\/\/kromogen.com\/wp-content\/uploads\/2024\/12\/EXPEC-7350-ICP-MSMS.mp4?_=3\" \/><a href=\"https:\/\/kromogen.com\/wp-content\/uploads\/2024\/12\/EXPEC-7350-ICP-MSMS.mp4\">https:\/\/kromogen.com\/wp-content\/uploads\/2024\/12\/EXPEC-7350-ICP-MSMS.mp4<\/a><\/video><\/div>","protected":false},"excerpt":{"rendered":"<p>Elemental analysis becomes challenging when matrix effects are involved. Multi-element analysis down to low limits without interference problems is only possible with the appropriate analytical infrastructure and powerful software solutions. Echelle Grating, Argon Dilution, high-precision ECDD sensors, excellent engineering design and patented technologies are now the gold standard ICP - Inductively Coupled Plasma [...]","protected":false},"author":2,"featured_media":0,"parent":0,"menu_order":0,"comment_status":"closed","ping_status":"closed","template":"","meta":{"footnotes":""},"class_list":["post-906","page","type-page","status-publish","hentry"],"yoast_head":"<!-- This site is optimized with the Yoast SEO plugin v23.4 - https:\/\/yoast.com\/wordpress\/plugins\/seo\/ -->\n<title>EXPEC ICP-OES ve ICPMS\/MS \u0130nd\u00fcktif Coupled Plazma Spektrometreleri - Kromogen<\/title>\n<meta name=\"robots\" content=\"index, follow, max-snippet:-1, max-image-preview:large, max-video-preview:-1\" \/>\n<link rel=\"canonical\" href=\"https:\/\/kromogen.com\/en\/expec-icp-oes-and-icpms-ms-inductively-coupled-plasma-spectrometers\/\" \/>\n<meta property=\"og:locale\" content=\"en_US\" \/>\n<meta property=\"og:type\" content=\"article\" \/>\n<meta property=\"og:title\" content=\"EXPEC ICP-OES ve ICPMS\/MS \u0130nd\u00fcktif Coupled Plazma Spektrometreleri - Kromogen\" \/>\n<meta property=\"og:description\" content=\"Elementel analiz matriks etkisi de i\u015fin i\u00e7ine girdi\u011finde zorlu bir hal al\u0131r. \u00c7oklu element analizi, giri\u015fim problemi olmadan d\u00fc\u015f\u00fck limitlere kadar inebilmek ancak uygun analitik altyap\u0131 ve g\u00fc\u00e7l\u00fc yaz\u0131l\u0131m \u00e7\u00f6z\u00fcmleriyle m\u00fcmk\u00fcnd\u00fcr. Echelle Grating, Argon Seyreltme, y\u00fcksek hassiyetli ECDD sens\u00f6rler, harika m\u00fchendislik dizayn\u0131 ve patentli teknolojiler art\u0131k gold standard haline gelmi\u015f ICP &#8211;\u00a0 Ind\u00fcktif E\u015fle\u015fmi\u015f Plazma [...]\" \/>\n<meta property=\"og:url\" content=\"https:\/\/kromogen.com\/en\/expec-icp-oes-and-icpms-ms-inductively-coupled-plasma-spectrometers\/\" \/>\n<meta property=\"og:site_name\" content=\"Kromogen\" \/>\n<meta property=\"article:modified_time\" content=\"2024-12-04T10:56:59+00:00\" \/>\n<meta property=\"og:image\" content=\"https:\/\/en.expec-tech.com\/wp-content\/uploads\/2023\/08\/1-2.jpg\" \/>\n<meta name=\"twitter:card\" content=\"summary_large_image\" \/>\n<meta name=\"twitter:label1\" content=\"Est. reading time\" \/>\n\t<meta name=\"twitter:data1\" content=\"2 minutes\" \/>\n<script type=\"application\/ld+json\" class=\"yoast-schema-graph\">{\"@context\":\"https:\/\/schema.org\",\"@graph\":[{\"@type\":\"WebPage\",\"@id\":\"https:\/\/kromogen.com\/expec-icp-oes-ve-icpms-ms-induktif-coupled-plazma-spektrometreleri\/\",\"url\":\"https:\/\/kromogen.com\/expec-icp-oes-ve-icpms-ms-induktif-coupled-plazma-spektrometreleri\/\",\"name\":\"EXPEC ICP-OES ve ICPMS\/MS \u0130nd\u00fcktif Coupled Plazma Spektrometreleri - Kromogen\",\"isPartOf\":{\"@id\":\"https:\/\/kromogen.com\/#website\"},\"primaryImageOfPage\":{\"@id\":\"https:\/\/kromogen.com\/expec-icp-oes-ve-icpms-ms-induktif-coupled-plazma-spektrometreleri\/#primaryimage\"},\"image\":{\"@id\":\"https:\/\/kromogen.com\/expec-icp-oes-ve-icpms-ms-induktif-coupled-plazma-spektrometreleri\/#primaryimage\"},\"thumbnailUrl\":\"https:\/\/en.expec-tech.com\/wp-content\/uploads\/2023\/08\/1-2.jpg\",\"datePublished\":\"2024-12-04T10:51:57+00:00\",\"dateModified\":\"2024-12-04T10:56:59+00:00\",\"breadcrumb\":{\"@id\":\"https:\/\/kromogen.com\/expec-icp-oes-ve-icpms-ms-induktif-coupled-plazma-spektrometreleri\/#breadcrumb\"},\"inLanguage\":\"en-US\",\"potentialAction\":[{\"@type\":\"ReadAction\",\"target\":[\"https:\/\/kromogen.com\/expec-icp-oes-ve-icpms-ms-induktif-coupled-plazma-spektrometreleri\/\"]}]},{\"@type\":\"ImageObject\",\"inLanguage\":\"en-US\",\"@id\":\"https:\/\/kromogen.com\/expec-icp-oes-ve-icpms-ms-induktif-coupled-plazma-spektrometreleri\/#primaryimage\",\"url\":\"https:\/\/en.expec-tech.com\/wp-content\/uploads\/2023\/08\/1-2.jpg\",\"contentUrl\":\"https:\/\/en.expec-tech.com\/wp-content\/uploads\/2023\/08\/1-2.jpg\"},{\"@type\":\"BreadcrumbList\",\"@id\":\"https:\/\/kromogen.com\/expec-icp-oes-ve-icpms-ms-induktif-coupled-plazma-spektrometreleri\/#breadcrumb\",\"itemListElement\":[{\"@type\":\"ListItem\",\"position\":1,\"name\":\"Anasayfa\",\"item\":\"https:\/\/kromogen.com\/\"},{\"@type\":\"ListItem\",\"position\":2,\"name\":\"EXPEC ICP-OES ve ICPMS\/MS \u0130nd\u00fcktif Coupled Plazma Spektrometreleri\"}]},{\"@type\":\"WebSite\",\"@id\":\"https:\/\/kromogen.com\/#website\",\"url\":\"https:\/\/kromogen.com\/\",\"name\":\"Kromogen\",\"description\":\"Kromogen Biyoteknoloji\",\"potentialAction\":[{\"@type\":\"SearchAction\",\"target\":{\"@type\":\"EntryPoint\",\"urlTemplate\":\"https:\/\/kromogen.com\/?s={search_term_string}\"},\"query-input\":{\"@type\":\"PropertyValueSpecification\",\"valueRequired\":true,\"valueName\":\"search_term_string\"}}],\"inLanguage\":\"en-US\"}]}<\/script>\n<!-- \/ Yoast SEO plugin. -->","yoast_head_json":{"title":"EXPEC ICP-OES ve ICPMS\/MS \u0130nd\u00fcktif Coupled Plazma Spektrometreleri - Kromogen","robots":{"index":"index","follow":"follow","max-snippet":"max-snippet:-1","max-image-preview":"max-image-preview:large","max-video-preview":"max-video-preview:-1"},"canonical":"https:\/\/kromogen.com\/en\/expec-icp-oes-and-icpms-ms-inductively-coupled-plasma-spectrometers\/","og_locale":"en_US","og_type":"article","og_title":"EXPEC ICP-OES ve ICPMS\/MS \u0130nd\u00fcktif Coupled Plazma Spektrometreleri - Kromogen","og_description":"Elementel analiz matriks etkisi de i\u015fin i\u00e7ine girdi\u011finde zorlu bir hal al\u0131r. \u00c7oklu element analizi, giri\u015fim problemi olmadan d\u00fc\u015f\u00fck limitlere kadar inebilmek ancak uygun analitik altyap\u0131 ve g\u00fc\u00e7l\u00fc yaz\u0131l\u0131m \u00e7\u00f6z\u00fcmleriyle m\u00fcmk\u00fcnd\u00fcr. Echelle Grating, Argon Seyreltme, y\u00fcksek hassiyetli ECDD sens\u00f6rler, harika m\u00fchendislik dizayn\u0131 ve patentli teknolojiler art\u0131k gold standard haline gelmi\u015f ICP &#8211;\u00a0 Ind\u00fcktif E\u015fle\u015fmi\u015f Plazma [...]","og_url":"https:\/\/kromogen.com\/en\/expec-icp-oes-and-icpms-ms-inductively-coupled-plasma-spectrometers\/","og_site_name":"Kromogen","article_modified_time":"2024-12-04T10:56:59+00:00","og_image":[{"url":"https:\/\/en.expec-tech.com\/wp-content\/uploads\/2023\/08\/1-2.jpg"}],"twitter_card":"summary_large_image","twitter_misc":{"Est. reading time":"2 minutes"},"schema":{"@context":"https:\/\/schema.org","@graph":[{"@type":"WebPage","@id":"https:\/\/kromogen.com\/expec-icp-oes-ve-icpms-ms-induktif-coupled-plazma-spektrometreleri\/","url":"https:\/\/kromogen.com\/expec-icp-oes-ve-icpms-ms-induktif-coupled-plazma-spektrometreleri\/","name":"EXPEC ICP-OES ve ICPMS\/MS \u0130nd\u00fcktif Coupled Plazma Spektrometreleri - Kromogen","isPartOf":{"@id":"https:\/\/kromogen.com\/#website"},"primaryImageOfPage":{"@id":"https:\/\/kromogen.com\/expec-icp-oes-ve-icpms-ms-induktif-coupled-plazma-spektrometreleri\/#primaryimage"},"image":{"@id":"https:\/\/kromogen.com\/expec-icp-oes-ve-icpms-ms-induktif-coupled-plazma-spektrometreleri\/#primaryimage"},"thumbnailUrl":"https:\/\/en.expec-tech.com\/wp-content\/uploads\/2023\/08\/1-2.jpg","datePublished":"2024-12-04T10:51:57+00:00","dateModified":"2024-12-04T10:56:59+00:00","breadcrumb":{"@id":"https:\/\/kromogen.com\/expec-icp-oes-ve-icpms-ms-induktif-coupled-plazma-spektrometreleri\/#breadcrumb"},"inLanguage":"en-US","potentialAction":[{"@type":"ReadAction","target":["https:\/\/kromogen.com\/expec-icp-oes-ve-icpms-ms-induktif-coupled-plazma-spektrometreleri\/"]}]},{"@type":"ImageObject","inLanguage":"en-US","@id":"https:\/\/kromogen.com\/expec-icp-oes-ve-icpms-ms-induktif-coupled-plazma-spektrometreleri\/#primaryimage","url":"https:\/\/en.expec-tech.com\/wp-content\/uploads\/2023\/08\/1-2.jpg","contentUrl":"https:\/\/en.expec-tech.com\/wp-content\/uploads\/2023\/08\/1-2.jpg"},{"@type":"BreadcrumbList","@id":"https:\/\/kromogen.com\/expec-icp-oes-ve-icpms-ms-induktif-coupled-plazma-spektrometreleri\/#breadcrumb","itemListElement":[{"@type":"ListItem","position":1,"name":"Anasayfa","item":"https:\/\/kromogen.com\/"},{"@type":"ListItem","position":2,"name":"EXPEC ICP-OES ve ICPMS\/MS \u0130nd\u00fcktif Coupled Plazma Spektrometreleri"}]},{"@type":"WebSite","@id":"https:\/\/kromogen.com\/#website","url":"https:\/\/kromogen.com\/","name":"Kromogen","description":"Kromogen Biyoteknoloji","potentialAction":[{"@type":"SearchAction","target":{"@type":"EntryPoint","urlTemplate":"https:\/\/kromogen.com\/?s={search_term_string}"},"query-input":{"@type":"PropertyValueSpecification","valueRequired":true,"valueName":"search_term_string"}}],"inLanguage":"en-US"}]}},"_links":{"self":[{"href":"https:\/\/kromogen.com\/en\/wp-json\/wp\/v2\/pages\/906"}],"collection":[{"href":"https:\/\/kromogen.com\/en\/wp-json\/wp\/v2\/pages"}],"about":[{"href":"https:\/\/kromogen.com\/en\/wp-json\/wp\/v2\/types\/page"}],"author":[{"embeddable":true,"href":"https:\/\/kromogen.com\/en\/wp-json\/wp\/v2\/users\/2"}],"replies":[{"embeddable":true,"href":"https:\/\/kromogen.com\/en\/wp-json\/wp\/v2\/comments?post=906"}],"version-history":[{"count":5,"href":"https:\/\/kromogen.com\/en\/wp-json\/wp\/v2\/pages\/906\/revisions"}],"predecessor-version":[{"id":923,"href":"https:\/\/kromogen.com\/en\/wp-json\/wp\/v2\/pages\/906\/revisions\/923"}],"wp:attachment":[{"href":"https:\/\/kromogen.com\/en\/wp-json\/wp\/v2\/media?parent=906"}],"curies":[{"name":"wp","href":"https:\/\/api.w.org\/{rel}","templated":true}]}}