
{"id":892,"date":"2024-12-03T06:15:08","date_gmt":"2024-12-03T06:15:08","guid":{"rendered":"https:\/\/kromogen.com\/?page_id=892"},"modified":"2024-12-03T06:26:19","modified_gmt":"2024-12-03T06:26:19","slug":"gc-2000-gaz-kromatografi-cihazi","status":"publish","type":"page","link":"https:\/\/kromogen.com\/en\/gc-2000-gas-chromatograph\/","title":{"rendered":"GC 2000 Gas Chromatography Device"},"content":{"rendered":"<p>EXPEC GC 2000 Gas Chromatograph enables the precise analysis of volatile compounds with different detectors. Stable temperature steps and operating range, Electronic Pressure Control and operation with up to four detectors provide a single system solution for different applications...<\/p>\n<p>&nbsp;<\/p>\n<h3><img loading=\"lazy\" decoding=\"async\" class=\"size-medium wp-image-901 aligncenter\" src=\"https:\/\/kromogen.com\/wp-content\/uploads\/2024\/12\/gc-2000-2-300x202.jpg\" alt=\"\" width=\"300\" height=\"202\" srcset=\"https:\/\/kromogen.com\/wp-content\/uploads\/2024\/12\/gc-2000-2-300x202.jpg 300w, https:\/\/kromogen.com\/wp-content\/uploads\/2024\/12\/gc-2000-2-1024x690.jpg 1024w, https:\/\/kromogen.com\/wp-content\/uploads\/2024\/12\/gc-2000-2-768x517.jpg 768w, https:\/\/kromogen.com\/wp-content\/uploads\/2024\/12\/gc-2000-2-18x12.jpg 18w, https:\/\/kromogen.com\/wp-content\/uploads\/2024\/12\/gc-2000-2.jpg 1228w\" sizes=\"(max-width: 300px) 100vw, 300px\" \/><\/h3>\n<h3><\/h3>\n<h3><strong>Features:<\/strong><\/h3>\n<ul>\n<li>Ultra stable injection port<\/li>\n<li>Ultra-high precision electronic pressure controller (EPC)<\/li>\n<li>World class column oven, 32 digit programmable up to 450C.<\/li>\n<li>Possibility to install three capillary columns at the same time<\/li>\n<li>Split\/Splitless Injection<\/li>\n<li>Support multiple detector options (up to four at the same time)<\/li>\n<li>User-friendly software<\/li>\n<\/ul>\n<p>&nbsp;<\/p>\n<p><img decoding=\"async\" src=\"https:\/\/en.expec-tech.com\/wp-content\/uploads\/2023\/10\/222.jpg\" \/><\/p>\n<p>&nbsp;<\/p>\n<blockquote><p>See the EXPEC GC 2000 Gas Chromatograph Catalog.<\/p><\/blockquote>\n<div class=\"_df_book df-lite\" id=\"df_894\"  _slug=\"expec-gc-2000-gaz-kromatografi-cihazi\" data-title=\"expec-gc-2000-gaz-kromatografi-cihazi\" wpoptions=\"true\" thumbtype=\"\" ><\/div><script class=\"df-shortcode-script\" type=\"application\/javascript\">window.option_df_894 = {\"outline\":[],\"autoEnableOutline\":\"false\",\"autoEnableThumbnail\":\"false\",\"overwritePDFOutline\":\"false\",\"direction\":\"1\",\"pageSize\":\"0\",\"source\":\"https:\\\/\\\/kromogen.com\\\/wp-content\\\/uploads\\\/2024\\\/12\\\/GC-2000-Brochure.pdf\",\"wpOptions\":\"true\"}; if(window.DFLIP && window.DFLIP.parseBooks){window.DFLIP.parseBooks();}<\/script>\n<p>&nbsp;<\/p>\n<blockquote><p>Watch Video of Automated Blood Alcohol Analysis with EXPEC GC 2000 and Headspace Autosampler.<\/p><\/blockquote>\n<div style=\"width: 1020px;\" class=\"wp-video\"><!--[if lt IE 9]><script>document.createElement('video');<\/script><![endif]-->\n<video class=\"wp-video-shortcode\" id=\"video-892-1\" width=\"1020\" height=\"574\" preload=\"metadata\" controls=\"controls\"><source type=\"video\/mp4\" src=\"https:\/\/kromogen.com\/wp-content\/uploads\/2024\/12\/EXPEC-LSAP-A1-Alcohol-Analyzer.mp4?_=1\" \/><a href=\"https:\/\/kromogen.com\/wp-content\/uploads\/2024\/12\/EXPEC-LSAP-A1-Alcohol-Analyzer.mp4\">https:\/\/kromogen.com\/wp-content\/uploads\/2024\/12\/EXPEC-LSAP-A1-Alcohol-Analyzer.mp4<\/a><\/video><\/div>","protected":false},"excerpt":{"rendered":"<p>The EXPEC GC 2000 Gas Chromatograph enables the precise analysis of volatile compounds with different detectors. Stable temperature steps and operating range, Electronic Pressure Control and operation with up to four detectors make it a single system solution for different applications... Features: Ultra-stable injection port Ultra-high precision electronic pressure controller (EPC) World-class column oven, up to 450C [...]","protected":false},"author":2,"featured_media":0,"parent":0,"menu_order":0,"comment_status":"closed","ping_status":"closed","template":"","meta":{"footnotes":""},"class_list":["post-892","page","type-page","status-publish","hentry"],"yoast_head":"<!-- This site is optimized with the Yoast SEO plugin v23.4 - https:\/\/yoast.com\/wordpress\/plugins\/seo\/ -->\n<title>GC 2000 Gaz Kromatografi Cihaz\u0131 - Kromogen<\/title>\n<meta name=\"description\" content=\"GC 2000 G\u00fcvenilir ve hassas Gaz Kromatografi Cihazlar\u0131 ile d\u00f6rde kadar dedekt\u00f6r ve otosampler se\u00e7enekleri ile zorlu analizleriniz,art\u0131k kolay.\" \/>\n<meta name=\"robots\" content=\"index, follow, max-snippet:-1, max-image-preview:large, max-video-preview:-1\" \/>\n<link rel=\"canonical\" href=\"https:\/\/kromogen.com\/en\/gc-2000-gas-chromatograph\/\" \/>\n<meta property=\"og:locale\" content=\"en_US\" \/>\n<meta property=\"og:type\" content=\"article\" \/>\n<meta property=\"og:title\" content=\"GC 2000 Gaz Kromatografi Cihaz\u0131 - Kromogen\" \/>\n<meta property=\"og:description\" content=\"GC 2000 G\u00fcvenilir ve hassas Gaz Kromatografi Cihazlar\u0131 ile d\u00f6rde kadar dedekt\u00f6r ve otosampler se\u00e7enekleri ile zorlu analizleriniz,art\u0131k kolay.\" \/>\n<meta property=\"og:url\" content=\"https:\/\/kromogen.com\/en\/gc-2000-gas-chromatograph\/\" \/>\n<meta property=\"og:site_name\" content=\"Kromogen\" \/>\n<meta property=\"article:modified_time\" content=\"2024-12-03T06:26:19+00:00\" \/>\n<meta property=\"og:image\" content=\"https:\/\/kromogen.com\/wp-content\/uploads\/2024\/12\/gc-2000-2-300x202.jpg\" \/>\n<meta name=\"twitter:card\" content=\"summary_large_image\" \/>\n<meta name=\"twitter:label1\" content=\"Est. reading time\" \/>\n\t<meta name=\"twitter:data1\" content=\"1 minute\" \/>\n<script type=\"application\/ld+json\" class=\"yoast-schema-graph\">{\"@context\":\"https:\/\/schema.org\",\"@graph\":[{\"@type\":\"WebPage\",\"@id\":\"https:\/\/kromogen.com\/gc-2000-gaz-kromatografi-cihazi\/\",\"url\":\"https:\/\/kromogen.com\/gc-2000-gaz-kromatografi-cihazi\/\",\"name\":\"GC 2000 Gaz Kromatografi Cihaz\u0131 - Kromogen\",\"isPartOf\":{\"@id\":\"https:\/\/kromogen.com\/#website\"},\"primaryImageOfPage\":{\"@id\":\"https:\/\/kromogen.com\/gc-2000-gaz-kromatografi-cihazi\/#primaryimage\"},\"image\":{\"@id\":\"https:\/\/kromogen.com\/gc-2000-gaz-kromatografi-cihazi\/#primaryimage\"},\"thumbnailUrl\":\"https:\/\/kromogen.com\/wp-content\/uploads\/2024\/12\/gc-2000-2-300x202.jpg\",\"datePublished\":\"2024-12-03T06:15:08+00:00\",\"dateModified\":\"2024-12-03T06:26:19+00:00\",\"description\":\"GC 2000 G\u00fcvenilir ve hassas Gaz Kromatografi Cihazlar\u0131 ile d\u00f6rde kadar dedekt\u00f6r ve otosampler se\u00e7enekleri ile zorlu analizleriniz,art\u0131k kolay.\",\"breadcrumb\":{\"@id\":\"https:\/\/kromogen.com\/gc-2000-gaz-kromatografi-cihazi\/#breadcrumb\"},\"inLanguage\":\"en-US\",\"potentialAction\":[{\"@type\":\"ReadAction\",\"target\":[\"https:\/\/kromogen.com\/gc-2000-gaz-kromatografi-cihazi\/\"]}]},{\"@type\":\"ImageObject\",\"inLanguage\":\"en-US\",\"@id\":\"https:\/\/kromogen.com\/gc-2000-gaz-kromatografi-cihazi\/#primaryimage\",\"url\":\"https:\/\/kromogen.com\/wp-content\/uploads\/2024\/12\/gc-2000-2-300x202.jpg\",\"contentUrl\":\"https:\/\/kromogen.com\/wp-content\/uploads\/2024\/12\/gc-2000-2-300x202.jpg\"},{\"@type\":\"BreadcrumbList\",\"@id\":\"https:\/\/kromogen.com\/gc-2000-gaz-kromatografi-cihazi\/#breadcrumb\",\"itemListElement\":[{\"@type\":\"ListItem\",\"position\":1,\"name\":\"Anasayfa\",\"item\":\"https:\/\/kromogen.com\/\"},{\"@type\":\"ListItem\",\"position\":2,\"name\":\"GC 2000 Gaz Kromatografi Cihaz\u0131\"}]},{\"@type\":\"WebSite\",\"@id\":\"https:\/\/kromogen.com\/#website\",\"url\":\"https:\/\/kromogen.com\/\",\"name\":\"Kromogen\",\"description\":\"Kromogen Biyoteknoloji\",\"potentialAction\":[{\"@type\":\"SearchAction\",\"target\":{\"@type\":\"EntryPoint\",\"urlTemplate\":\"https:\/\/kromogen.com\/?s={search_term_string}\"},\"query-input\":{\"@type\":\"PropertyValueSpecification\",\"valueRequired\":true,\"valueName\":\"search_term_string\"}}],\"inLanguage\":\"en-US\"}]}<\/script>\n<!-- \/ Yoast SEO plugin. -->","yoast_head_json":{"title":"GC 2000 Gaz Kromatografi Cihaz\u0131 - Kromogen","description":"GC 2000 G\u00fcvenilir ve hassas Gaz Kromatografi Cihazlar\u0131 ile d\u00f6rde kadar dedekt\u00f6r ve otosampler se\u00e7enekleri ile zorlu analizleriniz,art\u0131k kolay.","robots":{"index":"index","follow":"follow","max-snippet":"max-snippet:-1","max-image-preview":"max-image-preview:large","max-video-preview":"max-video-preview:-1"},"canonical":"https:\/\/kromogen.com\/en\/gc-2000-gas-chromatograph\/","og_locale":"en_US","og_type":"article","og_title":"GC 2000 Gaz Kromatografi Cihaz\u0131 - Kromogen","og_description":"GC 2000 G\u00fcvenilir ve hassas Gaz Kromatografi Cihazlar\u0131 ile d\u00f6rde kadar dedekt\u00f6r ve otosampler se\u00e7enekleri ile zorlu analizleriniz,art\u0131k kolay.","og_url":"https:\/\/kromogen.com\/en\/gc-2000-gas-chromatograph\/","og_site_name":"Kromogen","article_modified_time":"2024-12-03T06:26:19+00:00","og_image":[{"url":"https:\/\/kromogen.com\/wp-content\/uploads\/2024\/12\/gc-2000-2-300x202.jpg"}],"twitter_card":"summary_large_image","twitter_misc":{"Est. reading time":"1 minute"},"schema":{"@context":"https:\/\/schema.org","@graph":[{"@type":"WebPage","@id":"https:\/\/kromogen.com\/gc-2000-gaz-kromatografi-cihazi\/","url":"https:\/\/kromogen.com\/gc-2000-gaz-kromatografi-cihazi\/","name":"GC 2000 Gaz Kromatografi Cihaz\u0131 - Kromogen","isPartOf":{"@id":"https:\/\/kromogen.com\/#website"},"primaryImageOfPage":{"@id":"https:\/\/kromogen.com\/gc-2000-gaz-kromatografi-cihazi\/#primaryimage"},"image":{"@id":"https:\/\/kromogen.com\/gc-2000-gaz-kromatografi-cihazi\/#primaryimage"},"thumbnailUrl":"https:\/\/kromogen.com\/wp-content\/uploads\/2024\/12\/gc-2000-2-300x202.jpg","datePublished":"2024-12-03T06:15:08+00:00","dateModified":"2024-12-03T06:26:19+00:00","description":"GC 2000 G\u00fcvenilir ve hassas Gaz Kromatografi Cihazlar\u0131 ile d\u00f6rde kadar dedekt\u00f6r ve otosampler se\u00e7enekleri ile zorlu analizleriniz,art\u0131k kolay.","breadcrumb":{"@id":"https:\/\/kromogen.com\/gc-2000-gaz-kromatografi-cihazi\/#breadcrumb"},"inLanguage":"en-US","potentialAction":[{"@type":"ReadAction","target":["https:\/\/kromogen.com\/gc-2000-gaz-kromatografi-cihazi\/"]}]},{"@type":"ImageObject","inLanguage":"en-US","@id":"https:\/\/kromogen.com\/gc-2000-gaz-kromatografi-cihazi\/#primaryimage","url":"https:\/\/kromogen.com\/wp-content\/uploads\/2024\/12\/gc-2000-2-300x202.jpg","contentUrl":"https:\/\/kromogen.com\/wp-content\/uploads\/2024\/12\/gc-2000-2-300x202.jpg"},{"@type":"BreadcrumbList","@id":"https:\/\/kromogen.com\/gc-2000-gaz-kromatografi-cihazi\/#breadcrumb","itemListElement":[{"@type":"ListItem","position":1,"name":"Anasayfa","item":"https:\/\/kromogen.com\/"},{"@type":"ListItem","position":2,"name":"GC 2000 Gaz Kromatografi Cihaz\u0131"}]},{"@type":"WebSite","@id":"https:\/\/kromogen.com\/#website","url":"https:\/\/kromogen.com\/","name":"Kromogen","description":"Kromogen Biyoteknoloji","potentialAction":[{"@type":"SearchAction","target":{"@type":"EntryPoint","urlTemplate":"https:\/\/kromogen.com\/?s={search_term_string}"},"query-input":{"@type":"PropertyValueSpecification","valueRequired":true,"valueName":"search_term_string"}}],"inLanguage":"en-US"}]}},"_links":{"self":[{"href":"https:\/\/kromogen.com\/en\/wp-json\/wp\/v2\/pages\/892"}],"collection":[{"href":"https:\/\/kromogen.com\/en\/wp-json\/wp\/v2\/pages"}],"about":[{"href":"https:\/\/kromogen.com\/en\/wp-json\/wp\/v2\/types\/page"}],"author":[{"embeddable":true,"href":"https:\/\/kromogen.com\/en\/wp-json\/wp\/v2\/users\/2"}],"replies":[{"embeddable":true,"href":"https:\/\/kromogen.com\/en\/wp-json\/wp\/v2\/comments?post=892"}],"version-history":[{"count":5,"href":"https:\/\/kromogen.com\/en\/wp-json\/wp\/v2\/pages\/892\/revisions"}],"predecessor-version":[{"id":903,"href":"https:\/\/kromogen.com\/en\/wp-json\/wp\/v2\/pages\/892\/revisions\/903"}],"wp:attachment":[{"href":"https:\/\/kromogen.com\/en\/wp-json\/wp\/v2\/media?parent=892"}],"curies":[{"name":"wp","href":"https:\/\/api.w.org\/{rel}","templated":true}]}}