
{"id":882,"date":"2024-12-02T08:03:48","date_gmt":"2024-12-02T08:03:48","guid":{"rendered":"https:\/\/kromogen.com\/?page_id=882"},"modified":"2024-12-03T06:04:06","modified_gmt":"2024-12-03T06:04:06","slug":"gcms-ve-gcmsms-gaz-kromatografi-kutle-spektrometre-sistemleri","status":"publish","type":"page","link":"https:\/\/kromogen.com\/en\/gcms-and-gcmsms-gas-chromatography-polarization-spectrometer-systems\/","title":{"rendered":"GCMS and GCMSMS Gas Chromatography Mass Spectrometry Systems"},"content":{"rendered":"<p>While Gas Chromatography has been a common technique for the analysis of apolar and volatile compounds for many years, it has become one of the most powerful laboratory techniques with its library and scanning\/confirmation features together with Mass Spectrometry Instruments.<\/p>\n<p>In GC (Gas Chromatography) <strong>GC 2000<\/strong> In addition to the model's strong features, the following can be examined <strong>GCMS EXPEC 3700<\/strong> and <strong>GCMSMS EXPEC 5231<\/strong> With our instruments, affordable, accurate solutions are possible for demanding analysis needs and in many application areas...<\/p>\n<blockquote><p>Check out the GCMSMS EXPEC 5231 Video...<\/p><\/blockquote>\n<div style=\"width: 1020px;\" class=\"wp-video\"><!--[if lt IE 9]><script>document.createElement('video');<\/script><![endif]-->\n<video class=\"wp-video-shortcode\" id=\"video-882-1\" width=\"1020\" height=\"574\" loop=\"1\" autoplay=\"1\" preload=\"metadata\" controls=\"controls\"><source type=\"video\/mp4\" src=\"https:\/\/kromogen.com\/wp-content\/uploads\/2024\/12\/EXPEC-5231-GCMSMS.mp4?_=1\" \/><a href=\"https:\/\/kromogen.com\/wp-content\/uploads\/2024\/12\/EXPEC-5231-GCMSMS.mp4\">https:\/\/kromogen.com\/wp-content\/uploads\/2024\/12\/EXPEC-5231-GCMSMS.mp4<\/a><\/video><\/div>\n<p>&nbsp;<\/p>\n<blockquote><p>Review EXPEC 5231 GCMSMS Catalog.<\/p><\/blockquote>\n<div class=\"_df_book df-lite\" id=\"df_885\"  _slug=\"expec-5231-gcmsms\" data-title=\"expec-5231-gcmsms\" wpoptions=\"true\" thumbtype=\"\" ><\/div><script class=\"df-shortcode-script\" type=\"application\/javascript\">window.option_df_885 = {\"outline\":[],\"autoEnableOutline\":\"false\",\"autoEnableThumbnail\":\"false\",\"overwritePDFOutline\":\"false\",\"direction\":\"1\",\"pageSize\":\"0\",\"source\":\"https:\\\/\\\/kromogen.com\\\/wp-content\\\/uploads\\\/2024\\\/12\\\/EXPEC-GC-MSMS-5231-brochure.pdf\",\"wpOptions\":\"true\"}; if(window.DFLIP && window.DFLIP.parseBooks){window.DFLIP.parseBooks();}<\/script>\n<p>&nbsp;<\/p>\n<blockquote><p>Watch the EXPEC 3700 GCMS Video.<\/p><\/blockquote>\n<div style=\"width: 640px;\" class=\"wp-video\"><video class=\"wp-video-shortcode\" id=\"video-882-2\" width=\"640\" height=\"360\" preload=\"metadata\" controls=\"controls\"><source type=\"video\/mp4\" src=\"https:\/\/kromogen.com\/wp-content\/uploads\/2024\/12\/EXPEC-3700-GC-MS-1.mp4?_=2\" \/><a href=\"https:\/\/kromogen.com\/wp-content\/uploads\/2024\/12\/EXPEC-3700-GC-MS-1.mp4\">https:\/\/kromogen.com\/wp-content\/uploads\/2024\/12\/EXPEC-3700-GC-MS-1.mp4<\/a><\/video><\/div>\n<p>&nbsp;<\/p>\n<blockquote><p>EXPEC LSAP GC Alcohol Analyzer (Headspace GC Automatic Alcohol Analyzer)<\/p><\/blockquote>\n<div style=\"width: 1020px;\" class=\"wp-video\"><video class=\"wp-video-shortcode\" id=\"video-882-3\" width=\"1020\" height=\"574\" preload=\"metadata\" controls=\"controls\"><source type=\"video\/mp4\" src=\"https:\/\/kromogen.com\/wp-content\/uploads\/2024\/12\/EXPEC-LSAP-A1-Alcohol-Analyzer.mp4?_=3\" \/><a href=\"https:\/\/kromogen.com\/wp-content\/uploads\/2024\/12\/EXPEC-LSAP-A1-Alcohol-Analyzer.mp4\">https:\/\/kromogen.com\/wp-content\/uploads\/2024\/12\/EXPEC-LSAP-A1-Alcohol-Analyzer.mp4<\/a><\/video><\/div>","protected":false},"excerpt":{"rendered":"<p>While Gas Chromatography has been a common technique for many years in the analysis of apolar and volatile compounds, it has become one of the most powerful laboratory techniques together with Mass Spectrometers with their library and scanning\/verification features. In the GC (Gas Chromatography) section, in addition to the powerful features of the GC 2000 model, our GCMS EXPEC 3700 and GCMSMS EXPEC 5231 devices, which can be examined below, are used for challenging analysis needs and many applications [...]","protected":false},"author":2,"featured_media":0,"parent":0,"menu_order":0,"comment_status":"closed","ping_status":"closed","template":"","meta":{"footnotes":""},"class_list":["post-882","page","type-page","status-publish","hentry"],"yoast_head":"<!-- This site is optimized with the Yoast SEO plugin v23.4 - https:\/\/yoast.com\/wordpress\/plugins\/seo\/ -->\n<title>GCMS ve GCMSMS Gaz Kromatografi K\u00fctle Spektrometre Sistemleri - Kromogen<\/title>\n<meta name=\"description\" content=\"EXPEC GCMS ve GCMSMS Gaz Kromatografi K\u00fctle Spektrometre \u00e7\u00f6z\u00fcmleri en zorlu analiz ihtiya\u00e7lar\u0131na en uygun \u00e7\u00f6z\u00fcmleri sunuyor.\" \/>\n<meta name=\"robots\" content=\"index, follow, max-snippet:-1, max-image-preview:large, max-video-preview:-1\" \/>\n<link rel=\"canonical\" href=\"https:\/\/kromogen.com\/en\/gcms-and-gcmsms-gas-chromatography-polarization-spectrometer-systems\/\" \/>\n<meta property=\"og:locale\" content=\"en_US\" \/>\n<meta property=\"og:type\" content=\"article\" \/>\n<meta property=\"og:title\" content=\"GCMS ve GCMSMS Gaz Kromatografi K\u00fctle Spektrometre Sistemleri - Kromogen\" \/>\n<meta property=\"og:description\" content=\"EXPEC GCMS ve GCMSMS Gaz Kromatografi K\u00fctle Spektrometre \u00e7\u00f6z\u00fcmleri en zorlu analiz ihtiya\u00e7lar\u0131na en uygun \u00e7\u00f6z\u00fcmleri sunuyor.\" \/>\n<meta property=\"og:url\" content=\"https:\/\/kromogen.com\/en\/gcms-and-gcmsms-gas-chromatography-polarization-spectrometer-systems\/\" \/>\n<meta property=\"og:site_name\" content=\"Kromogen\" \/>\n<meta property=\"article:modified_time\" content=\"2024-12-03T06:04:06+00:00\" \/>\n<meta name=\"twitter:card\" content=\"summary_large_image\" \/>\n<meta name=\"twitter:label1\" content=\"Est. reading time\" \/>\n\t<meta name=\"twitter:data1\" content=\"1 minute\" \/>\n<script type=\"application\/ld+json\" class=\"yoast-schema-graph\">{\"@context\":\"https:\/\/schema.org\",\"@graph\":[{\"@type\":\"WebPage\",\"@id\":\"https:\/\/kromogen.com\/gcms-ve-gcmsms-gaz-kromatografi-kutle-spektrometre-sistemleri\/\",\"url\":\"https:\/\/kromogen.com\/gcms-ve-gcmsms-gaz-kromatografi-kutle-spektrometre-sistemleri\/\",\"name\":\"GCMS ve GCMSMS Gaz Kromatografi K\u00fctle Spektrometre Sistemleri - Kromogen\",\"isPartOf\":{\"@id\":\"https:\/\/kromogen.com\/#website\"},\"datePublished\":\"2024-12-02T08:03:48+00:00\",\"dateModified\":\"2024-12-03T06:04:06+00:00\",\"description\":\"EXPEC GCMS ve GCMSMS Gaz Kromatografi K\u00fctle Spektrometre \u00e7\u00f6z\u00fcmleri en zorlu analiz ihtiya\u00e7lar\u0131na en uygun \u00e7\u00f6z\u00fcmleri sunuyor.\",\"breadcrumb\":{\"@id\":\"https:\/\/kromogen.com\/gcms-ve-gcmsms-gaz-kromatografi-kutle-spektrometre-sistemleri\/#breadcrumb\"},\"inLanguage\":\"en-US\",\"potentialAction\":[{\"@type\":\"ReadAction\",\"target\":[\"https:\/\/kromogen.com\/gcms-ve-gcmsms-gaz-kromatografi-kutle-spektrometre-sistemleri\/\"]}]},{\"@type\":\"BreadcrumbList\",\"@id\":\"https:\/\/kromogen.com\/gcms-ve-gcmsms-gaz-kromatografi-kutle-spektrometre-sistemleri\/#breadcrumb\",\"itemListElement\":[{\"@type\":\"ListItem\",\"position\":1,\"name\":\"Anasayfa\",\"item\":\"https:\/\/kromogen.com\/\"},{\"@type\":\"ListItem\",\"position\":2,\"name\":\"GCMS ve GCMSMS Gaz Kromatografi K\u00fctle Spektrometre Sistemleri\"}]},{\"@type\":\"WebSite\",\"@id\":\"https:\/\/kromogen.com\/#website\",\"url\":\"https:\/\/kromogen.com\/\",\"name\":\"Kromogen\",\"description\":\"Kromogen Biyoteknoloji\",\"potentialAction\":[{\"@type\":\"SearchAction\",\"target\":{\"@type\":\"EntryPoint\",\"urlTemplate\":\"https:\/\/kromogen.com\/?s={search_term_string}\"},\"query-input\":{\"@type\":\"PropertyValueSpecification\",\"valueRequired\":true,\"valueName\":\"search_term_string\"}}],\"inLanguage\":\"en-US\"}]}<\/script>\n<!-- \/ Yoast SEO plugin. -->","yoast_head_json":{"title":"GCMS ve GCMSMS Gaz Kromatografi K\u00fctle Spektrometre Sistemleri - Kromogen","description":"EXPEC GCMS ve GCMSMS Gaz Kromatografi K\u00fctle Spektrometre \u00e7\u00f6z\u00fcmleri en zorlu analiz ihtiya\u00e7lar\u0131na en uygun \u00e7\u00f6z\u00fcmleri sunuyor.","robots":{"index":"index","follow":"follow","max-snippet":"max-snippet:-1","max-image-preview":"max-image-preview:large","max-video-preview":"max-video-preview:-1"},"canonical":"https:\/\/kromogen.com\/en\/gcms-and-gcmsms-gas-chromatography-polarization-spectrometer-systems\/","og_locale":"en_US","og_type":"article","og_title":"GCMS ve GCMSMS Gaz Kromatografi K\u00fctle Spektrometre Sistemleri - Kromogen","og_description":"EXPEC GCMS ve GCMSMS Gaz Kromatografi K\u00fctle Spektrometre \u00e7\u00f6z\u00fcmleri en zorlu analiz ihtiya\u00e7lar\u0131na en uygun \u00e7\u00f6z\u00fcmleri sunuyor.","og_url":"https:\/\/kromogen.com\/en\/gcms-and-gcmsms-gas-chromatography-polarization-spectrometer-systems\/","og_site_name":"Kromogen","article_modified_time":"2024-12-03T06:04:06+00:00","twitter_card":"summary_large_image","twitter_misc":{"Est. reading time":"1 minute"},"schema":{"@context":"https:\/\/schema.org","@graph":[{"@type":"WebPage","@id":"https:\/\/kromogen.com\/gcms-ve-gcmsms-gaz-kromatografi-kutle-spektrometre-sistemleri\/","url":"https:\/\/kromogen.com\/gcms-ve-gcmsms-gaz-kromatografi-kutle-spektrometre-sistemleri\/","name":"GCMS ve GCMSMS Gaz Kromatografi K\u00fctle Spektrometre Sistemleri - Kromogen","isPartOf":{"@id":"https:\/\/kromogen.com\/#website"},"datePublished":"2024-12-02T08:03:48+00:00","dateModified":"2024-12-03T06:04:06+00:00","description":"EXPEC GCMS ve GCMSMS Gaz Kromatografi K\u00fctle Spektrometre \u00e7\u00f6z\u00fcmleri en zorlu analiz ihtiya\u00e7lar\u0131na en uygun \u00e7\u00f6z\u00fcmleri sunuyor.","breadcrumb":{"@id":"https:\/\/kromogen.com\/gcms-ve-gcmsms-gaz-kromatografi-kutle-spektrometre-sistemleri\/#breadcrumb"},"inLanguage":"en-US","potentialAction":[{"@type":"ReadAction","target":["https:\/\/kromogen.com\/gcms-ve-gcmsms-gaz-kromatografi-kutle-spektrometre-sistemleri\/"]}]},{"@type":"BreadcrumbList","@id":"https:\/\/kromogen.com\/gcms-ve-gcmsms-gaz-kromatografi-kutle-spektrometre-sistemleri\/#breadcrumb","itemListElement":[{"@type":"ListItem","position":1,"name":"Anasayfa","item":"https:\/\/kromogen.com\/"},{"@type":"ListItem","position":2,"name":"GCMS ve GCMSMS Gaz Kromatografi K\u00fctle Spektrometre Sistemleri"}]},{"@type":"WebSite","@id":"https:\/\/kromogen.com\/#website","url":"https:\/\/kromogen.com\/","name":"Kromogen","description":"Kromogen Biyoteknoloji","potentialAction":[{"@type":"SearchAction","target":{"@type":"EntryPoint","urlTemplate":"https:\/\/kromogen.com\/?s={search_term_string}"},"query-input":{"@type":"PropertyValueSpecification","valueRequired":true,"valueName":"search_term_string"}}],"inLanguage":"en-US"}]}},"_links":{"self":[{"href":"https:\/\/kromogen.com\/en\/wp-json\/wp\/v2\/pages\/882"}],"collection":[{"href":"https:\/\/kromogen.com\/en\/wp-json\/wp\/v2\/pages"}],"about":[{"href":"https:\/\/kromogen.com\/en\/wp-json\/wp\/v2\/types\/page"}],"author":[{"embeddable":true,"href":"https:\/\/kromogen.com\/en\/wp-json\/wp\/v2\/users\/2"}],"replies":[{"embeddable":true,"href":"https:\/\/kromogen.com\/en\/wp-json\/wp\/v2\/comments?post=882"}],"version-history":[{"count":2,"href":"https:\/\/kromogen.com\/en\/wp-json\/wp\/v2\/pages\/882\/revisions"}],"predecessor-version":[{"id":891,"href":"https:\/\/kromogen.com\/en\/wp-json\/wp\/v2\/pages\/882\/revisions\/891"}],"wp:attachment":[{"href":"https:\/\/kromogen.com\/en\/wp-json\/wp\/v2\/media?parent=882"}],"curies":[{"name":"wp","href":"https:\/\/api.w.org\/{rel}","templated":true}]}}