
{"id":869,"date":"2024-11-29T14:29:43","date_gmt":"2024-11-29T14:29:43","guid":{"rendered":"https:\/\/kromogen.com\/?page_id=869"},"modified":"2024-11-29T14:30:36","modified_gmt":"2024-11-29T14:30:36","slug":"expec-lcmsms-5210-triple-quadrupole-kutle-spektrometre","status":"publish","type":"page","link":"https:\/\/kromogen.com\/en\/expec-lcmsms-5210-triple-quadrupole-polarization-spectrometer\/","title":{"rendered":"EXPEC LCMSMS 5210 Triple Quadrupole Mass Spectrometer"},"content":{"rendered":"<p>From Residue Analysis such as Pesticides to Clinical Biochemistry Vitamin D analysis; from Banned Drug Screening to PFAS measurements in Environmental Samples... In challenging matrix and regulatory requirements where the most reliable and sensitive analysis is required <strong>Triple Quadrupole LCMSMS<\/strong> is now indispensable in laboratories.<\/p>\n<p><img loading=\"lazy\" decoding=\"async\" class=\"size-full wp-image-870 aligncenter\" src=\"https:\/\/kromogen.com\/wp-content\/uploads\/2024\/11\/EXPEC-5210.jpg\" alt=\"\" width=\"275\" height=\"183\" srcset=\"https:\/\/kromogen.com\/wp-content\/uploads\/2024\/11\/EXPEC-5210.jpg 275w, https:\/\/kromogen.com\/wp-content\/uploads\/2024\/11\/EXPEC-5210-18x12.jpg 18w\" sizes=\"(max-width: 275px) 100vw, 275px\" \/><\/p>\n<p>However, our representation for this system, which is a high-cost technology <strong>EXPEC Technologies<\/strong> With LCMSMS, you will meet your expectations in your most challenging analyzes with a powerful LCMSMS and you will be able to solve this job without straining your budget.<\/p>\n<p>If you would like to bring this system equipped with high technology and patented platforms to your Laboratory with our expert team and experience, contact us: satis@kromogen.com<\/p>\n<blockquote>\n<h3><strong>Highlights:<\/strong><\/h3>\n<\/blockquote>\n<ul>\n<li><b>UHPLC Front-<\/b><b>End<\/b> <b>up<\/b> <b>to<\/b><b> 18.850 <\/b><b>psi<\/b> <b>pressure<\/b><b>, <\/b><b>Gradient<\/b> <b>Pump<\/b><\/li>\n<li>Air Forced Column Oven up to 6 x 250 mm Columns<\/li>\n<li><b>Orthogonal<\/b><b> (90 Degree<\/b><b>) <\/b><b>Ion<\/b><b> Source <\/b><b>for<\/b> <b>max<\/b> <b>clean<\/b> <b>analysis<\/b><\/li>\n<li>20,000 scan\/sec<\/li>\n<li><b>50 <\/b><b>ms<\/b><b> pos\/<\/b><b>neg<\/b> <b>switching<\/b><\/li>\n<li>1 pg reserpine 100,000:1 S\/N<\/li>\n<li><b>10 <b>exp 6 <\/b><\/b><b>Dynamic<\/b> <b>Range<\/b><\/li>\n<li>Triple Quadrupole (pure Mo) Design with Pulse Counting Detector<\/li>\n<li><b>0.4 <\/b><b>amu<\/b> <b>Resolution<\/b><\/li>\n<li>0.1 Da \/24 hours Mass Stability<\/li>\n<li><b style=\"color: #555555;\">100 MRM\/s MRM <\/b><b style=\"color: #555555;\">Channels<\/b><\/li>\n<\/ul>\n<p>&nbsp;<\/p>\n<blockquote><p><strong>Watch the EXPEC 5210 LCMSMS Video:<\/strong><\/p><\/blockquote>\n<div style=\"width: 1020px;\" class=\"wp-video\"><!--[if lt IE 9]><script>document.createElement('video');<\/script><![endif]-->\n<video class=\"wp-video-shortcode\" id=\"video-869-1\" width=\"1020\" height=\"574\" loop=\"1\" autoplay=\"1\" preload=\"metadata\" controls=\"controls\"><source type=\"video\/mp4\" src=\"https:\/\/kromogen.com\/wp-content\/uploads\/2024\/11\/EXPEC-5210-LCMSMS.mp4?_=1\" \/><a href=\"https:\/\/kromogen.com\/wp-content\/uploads\/2024\/11\/EXPEC-5210-LCMSMS.mp4\">https:\/\/kromogen.com\/wp-content\/uploads\/2024\/11\/EXPEC-5210-LCMSMS.mp4<\/a><\/video><\/div>\n<p>&nbsp;<\/p>\n<blockquote><p><strong>Review the EXPEC 5210 LCMSMS Catalog:<\/strong><\/p><\/blockquote>\n<div class=\"_df_book df-lite\" id=\"df_873\"  _slug=\"expec-5210-lcmsms-triple-quadrupole-kutle-spektrometre\" data-title=\"expec-5210-lcmsms-triple-quadrupole-kutle-spektrometre\" wpoptions=\"true\" thumbtype=\"\" ><\/div><script class=\"df-shortcode-script\" type=\"application\/javascript\">window.option_df_873 = {\"outline\":[],\"autoEnableOutline\":\"false\",\"autoEnableThumbnail\":\"false\",\"overwritePDFOutline\":\"false\",\"direction\":\"1\",\"pageSize\":\"0\",\"source\":\"https:\\\/\\\/kromogen.com\\\/wp-content\\\/uploads\\\/2024\\\/11\\\/EXPEC5210-Brochure.pdf\",\"wpOptions\":\"true\"}; if(window.DFLIP && window.DFLIP.parseBooks){window.DFLIP.parseBooks();}<\/script>","protected":false},"excerpt":{"rendered":"<p>From Residue Analysis such as Pesticides to Clinical Biochemistry Vitamin D analysis; from Banned Drug Screening to PFAS measurements in Environmental Samples... Triple Quadrupole LCMSMS is now indispensable for laboratories in challenging matrix and regulatory requirements where the most reliable and sensitive analysis is required. However, with EXPEC Technologies, our representative for this system, which is a high-cost technology, you can use a powerful LCMSMS for your most challenging analyzes [...]","protected":false},"author":2,"featured_media":0,"parent":0,"menu_order":0,"comment_status":"closed","ping_status":"closed","template":"","meta":{"footnotes":""},"class_list":["post-869","page","type-page","status-publish","hentry"],"yoast_head":"<!-- This site is optimized with the Yoast SEO plugin v23.4 - https:\/\/yoast.com\/wordpress\/plugins\/seo\/ -->\n<title>EXPEC LCMSMS 5210 Triple Quadrupole K\u00fctle Spektrometre - Kromogen<\/title>\n<meta name=\"description\" content=\"Y\u00fcksek hassasiyet ve uygun maliyetli Triple Quadrupole LCMSMS \u00c7\u00f6z\u00fcmleri, EXPEC 5210 LCMSMS\" \/>\n<meta name=\"robots\" content=\"index, follow, max-snippet:-1, max-image-preview:large, max-video-preview:-1\" \/>\n<link rel=\"canonical\" href=\"https:\/\/kromogen.com\/en\/expec-lcmsms-5210-triple-quadrupole-polarization-spectrometer\/\" \/>\n<meta property=\"og:locale\" content=\"en_US\" \/>\n<meta property=\"og:type\" content=\"article\" \/>\n<meta property=\"og:title\" content=\"EXPEC LCMSMS 5210 Triple Quadrupole K\u00fctle Spektrometre - Kromogen\" \/>\n<meta property=\"og:description\" content=\"Y\u00fcksek hassasiyet ve uygun maliyetli Triple Quadrupole LCMSMS \u00c7\u00f6z\u00fcmleri, EXPEC 5210 LCMSMS\" \/>\n<meta property=\"og:url\" content=\"https:\/\/kromogen.com\/en\/expec-lcmsms-5210-triple-quadrupole-polarization-spectrometer\/\" \/>\n<meta property=\"og:site_name\" content=\"Kromogen\" \/>\n<meta property=\"article:modified_time\" content=\"2024-11-29T14:30:36+00:00\" \/>\n<meta property=\"og:image\" content=\"https:\/\/kromogen.com\/wp-content\/uploads\/2024\/11\/EXPEC-5210.jpg\" \/>\n<meta name=\"twitter:card\" content=\"summary_large_image\" \/>\n<meta name=\"twitter:label1\" content=\"Est. reading time\" \/>\n\t<meta name=\"twitter:data1\" content=\"2 minutes\" \/>\n<script type=\"application\/ld+json\" class=\"yoast-schema-graph\">{\"@context\":\"https:\/\/schema.org\",\"@graph\":[{\"@type\":\"WebPage\",\"@id\":\"https:\/\/kromogen.com\/expec-lcmsms-5210-triple-quadrupole-kutle-spektrometre\/\",\"url\":\"https:\/\/kromogen.com\/expec-lcmsms-5210-triple-quadrupole-kutle-spektrometre\/\",\"name\":\"EXPEC LCMSMS 5210 Triple Quadrupole K\u00fctle Spektrometre - Kromogen\",\"isPartOf\":{\"@id\":\"https:\/\/kromogen.com\/#website\"},\"primaryImageOfPage\":{\"@id\":\"https:\/\/kromogen.com\/expec-lcmsms-5210-triple-quadrupole-kutle-spektrometre\/#primaryimage\"},\"image\":{\"@id\":\"https:\/\/kromogen.com\/expec-lcmsms-5210-triple-quadrupole-kutle-spektrometre\/#primaryimage\"},\"thumbnailUrl\":\"https:\/\/kromogen.com\/wp-content\/uploads\/2024\/11\/EXPEC-5210.jpg\",\"datePublished\":\"2024-11-29T14:29:43+00:00\",\"dateModified\":\"2024-11-29T14:30:36+00:00\",\"description\":\"Y\u00fcksek hassasiyet ve uygun maliyetli Triple Quadrupole LCMSMS \u00c7\u00f6z\u00fcmleri, EXPEC 5210 LCMSMS\",\"breadcrumb\":{\"@id\":\"https:\/\/kromogen.com\/expec-lcmsms-5210-triple-quadrupole-kutle-spektrometre\/#breadcrumb\"},\"inLanguage\":\"en-US\",\"potentialAction\":[{\"@type\":\"ReadAction\",\"target\":[\"https:\/\/kromogen.com\/expec-lcmsms-5210-triple-quadrupole-kutle-spektrometre\/\"]}]},{\"@type\":\"ImageObject\",\"inLanguage\":\"en-US\",\"@id\":\"https:\/\/kromogen.com\/expec-lcmsms-5210-triple-quadrupole-kutle-spektrometre\/#primaryimage\",\"url\":\"https:\/\/kromogen.com\/wp-content\/uploads\/2024\/11\/EXPEC-5210.jpg\",\"contentUrl\":\"https:\/\/kromogen.com\/wp-content\/uploads\/2024\/11\/EXPEC-5210.jpg\"},{\"@type\":\"BreadcrumbList\",\"@id\":\"https:\/\/kromogen.com\/expec-lcmsms-5210-triple-quadrupole-kutle-spektrometre\/#breadcrumb\",\"itemListElement\":[{\"@type\":\"ListItem\",\"position\":1,\"name\":\"Anasayfa\",\"item\":\"https:\/\/kromogen.com\/\"},{\"@type\":\"ListItem\",\"position\":2,\"name\":\"EXPEC LCMSMS 5210 Triple Quadrupole K\u00fctle Spektrometre\"}]},{\"@type\":\"WebSite\",\"@id\":\"https:\/\/kromogen.com\/#website\",\"url\":\"https:\/\/kromogen.com\/\",\"name\":\"Kromogen\",\"description\":\"Kromogen Biyoteknoloji\",\"potentialAction\":[{\"@type\":\"SearchAction\",\"target\":{\"@type\":\"EntryPoint\",\"urlTemplate\":\"https:\/\/kromogen.com\/?s={search_term_string}\"},\"query-input\":{\"@type\":\"PropertyValueSpecification\",\"valueRequired\":true,\"valueName\":\"search_term_string\"}}],\"inLanguage\":\"en-US\"}]}<\/script>\n<!-- \/ Yoast SEO plugin. -->","yoast_head_json":{"title":"EXPEC LCMSMS 5210 Triple Quadrupole K\u00fctle Spektrometre - Kromogen","description":"Y\u00fcksek hassasiyet ve uygun maliyetli Triple Quadrupole LCMSMS \u00c7\u00f6z\u00fcmleri, EXPEC 5210 LCMSMS","robots":{"index":"index","follow":"follow","max-snippet":"max-snippet:-1","max-image-preview":"max-image-preview:large","max-video-preview":"max-video-preview:-1"},"canonical":"https:\/\/kromogen.com\/en\/expec-lcmsms-5210-triple-quadrupole-polarization-spectrometer\/","og_locale":"en_US","og_type":"article","og_title":"EXPEC LCMSMS 5210 Triple Quadrupole K\u00fctle Spektrometre - Kromogen","og_description":"Y\u00fcksek hassasiyet ve uygun maliyetli Triple Quadrupole LCMSMS \u00c7\u00f6z\u00fcmleri, EXPEC 5210 LCMSMS","og_url":"https:\/\/kromogen.com\/en\/expec-lcmsms-5210-triple-quadrupole-polarization-spectrometer\/","og_site_name":"Kromogen","article_modified_time":"2024-11-29T14:30:36+00:00","og_image":[{"url":"https:\/\/kromogen.com\/wp-content\/uploads\/2024\/11\/EXPEC-5210.jpg"}],"twitter_card":"summary_large_image","twitter_misc":{"Est. reading time":"2 minutes"},"schema":{"@context":"https:\/\/schema.org","@graph":[{"@type":"WebPage","@id":"https:\/\/kromogen.com\/expec-lcmsms-5210-triple-quadrupole-kutle-spektrometre\/","url":"https:\/\/kromogen.com\/expec-lcmsms-5210-triple-quadrupole-kutle-spektrometre\/","name":"EXPEC LCMSMS 5210 Triple Quadrupole K\u00fctle Spektrometre - Kromogen","isPartOf":{"@id":"https:\/\/kromogen.com\/#website"},"primaryImageOfPage":{"@id":"https:\/\/kromogen.com\/expec-lcmsms-5210-triple-quadrupole-kutle-spektrometre\/#primaryimage"},"image":{"@id":"https:\/\/kromogen.com\/expec-lcmsms-5210-triple-quadrupole-kutle-spektrometre\/#primaryimage"},"thumbnailUrl":"https:\/\/kromogen.com\/wp-content\/uploads\/2024\/11\/EXPEC-5210.jpg","datePublished":"2024-11-29T14:29:43+00:00","dateModified":"2024-11-29T14:30:36+00:00","description":"Y\u00fcksek hassasiyet ve uygun maliyetli Triple Quadrupole LCMSMS \u00c7\u00f6z\u00fcmleri, EXPEC 5210 LCMSMS","breadcrumb":{"@id":"https:\/\/kromogen.com\/expec-lcmsms-5210-triple-quadrupole-kutle-spektrometre\/#breadcrumb"},"inLanguage":"en-US","potentialAction":[{"@type":"ReadAction","target":["https:\/\/kromogen.com\/expec-lcmsms-5210-triple-quadrupole-kutle-spektrometre\/"]}]},{"@type":"ImageObject","inLanguage":"en-US","@id":"https:\/\/kromogen.com\/expec-lcmsms-5210-triple-quadrupole-kutle-spektrometre\/#primaryimage","url":"https:\/\/kromogen.com\/wp-content\/uploads\/2024\/11\/EXPEC-5210.jpg","contentUrl":"https:\/\/kromogen.com\/wp-content\/uploads\/2024\/11\/EXPEC-5210.jpg"},{"@type":"BreadcrumbList","@id":"https:\/\/kromogen.com\/expec-lcmsms-5210-triple-quadrupole-kutle-spektrometre\/#breadcrumb","itemListElement":[{"@type":"ListItem","position":1,"name":"Anasayfa","item":"https:\/\/kromogen.com\/"},{"@type":"ListItem","position":2,"name":"EXPEC LCMSMS 5210 Triple Quadrupole K\u00fctle Spektrometre"}]},{"@type":"WebSite","@id":"https:\/\/kromogen.com\/#website","url":"https:\/\/kromogen.com\/","name":"Kromogen","description":"Kromogen Biyoteknoloji","potentialAction":[{"@type":"SearchAction","target":{"@type":"EntryPoint","urlTemplate":"https:\/\/kromogen.com\/?s={search_term_string}"},"query-input":{"@type":"PropertyValueSpecification","valueRequired":true,"valueName":"search_term_string"}}],"inLanguage":"en-US"}]}},"_links":{"self":[{"href":"https:\/\/kromogen.com\/en\/wp-json\/wp\/v2\/pages\/869"}],"collection":[{"href":"https:\/\/kromogen.com\/en\/wp-json\/wp\/v2\/pages"}],"about":[{"href":"https:\/\/kromogen.com\/en\/wp-json\/wp\/v2\/types\/page"}],"author":[{"embeddable":true,"href":"https:\/\/kromogen.com\/en\/wp-json\/wp\/v2\/users\/2"}],"replies":[{"embeddable":true,"href":"https:\/\/kromogen.com\/en\/wp-json\/wp\/v2\/comments?post=869"}],"version-history":[{"count":2,"href":"https:\/\/kromogen.com\/en\/wp-json\/wp\/v2\/pages\/869\/revisions"}],"predecessor-version":[{"id":877,"href":"https:\/\/kromogen.com\/en\/wp-json\/wp\/v2\/pages\/869\/revisions\/877"}],"wp:attachment":[{"href":"https:\/\/kromogen.com\/en\/wp-json\/wp\/v2\/media?parent=869"}],"curies":[{"name":"wp","href":"https:\/\/api.w.org\/{rel}","templated":true}]}}