
{"id":861,"date":"2024-11-29T13:33:27","date_gmt":"2024-11-29T13:33:27","guid":{"rendered":"https:\/\/kromogen.com\/?page_id=861"},"modified":"2024-11-29T14:33:58","modified_gmt":"2024-11-29T14:33:58","slug":"expec-580-otomatik-quechers-numune-hazirlik-unitesi","status":"publish","type":"page","link":"https:\/\/kromogen.com\/en\/expec-580-automatic-quechers-sample-preparation-unit\/","title":{"rendered":"EXPEC 580 Automatic QuEChERS Sample Preparation Unit"},"content":{"rendered":"<p>One of the biggest problems of laboratories performing residue analysis with LCMSMS and GCMS\/MS, especially pesticide analysis, is the preparation of clean samples from dirty matrices, preventing contamination and maintenance of the devices and contributing to the most sensitive analyzes.<\/p>\n<p>However, laboratories want to be able to dedicate staff time to this task during difficult sample preparations and to do so independently of the personal input of the personnel preparing the samples.<\/p>\n<p><img decoding=\"async\" src=\"https:\/\/i.ytimg.com\/vi\/02Cpc9L2liY\/maxresdefault.jpg\" alt=\"EXPEC 580 Full-automatic QuEChERS processing workstation\" \/><\/p>\n<p>The EXPEC 580 offers a solution for laboratories that need to prepare hundreds of samples per day.<\/p>\n<p>With a speed of 5.5 hours \/ 60 samples, the system automates all processes such as liquid addition - salt addition - vortex - centrifugation for 15 and 50 ml tubes, saving laboratories from great time loss and personal errors thanks to its one-touch control feature.<\/p>\n<p>&nbsp;<\/p>\n<p>You can watch the video of the system below and find product details in the catalog.<\/p>\n<p>For detailed information and offers, please contact our experts at satis@kromogen.com.<\/p>\n<p>&nbsp;<\/p>\n<div style=\"width: 1020px;\" class=\"wp-video\"><!--[if lt IE 9]><script>document.createElement('video');<\/script><![endif]-->\n<video class=\"wp-video-shortcode\" id=\"video-861-1\" width=\"1020\" height=\"574\" loop=\"1\" autoplay=\"1\" preload=\"metadata\" controls=\"controls\"><source type=\"video\/mp4\" src=\"https:\/\/kromogen.com\/wp-content\/uploads\/2024\/11\/EXPEC-580-Quechers.mp4?_=1\" \/><a href=\"https:\/\/kromogen.com\/wp-content\/uploads\/2024\/11\/EXPEC-580-Quechers.mp4\">https:\/\/kromogen.com\/wp-content\/uploads\/2024\/11\/EXPEC-580-Quechers.mp4<\/a><\/video><\/div>\n<p>&nbsp;<\/p>\n<p><strong>EXPEC 580<\/strong> View the Catalog...<\/p>\n<p>&nbsp;<\/p>\n<div class=\"_df_book df-lite\" id=\"df_864\"  _slug=\"expec-580-otomatik-quechers-numune-hazirlik-unitesi\" data-title=\"expec-580-otomatik-quechers-numune-hazirlik-unitesi\" wpoptions=\"true\" thumbtype=\"\" ><\/div><script class=\"df-shortcode-script\" type=\"application\/javascript\">window.option_df_864 = {\"outline\":[],\"autoEnableOutline\":\"false\",\"autoEnableThumbnail\":\"false\",\"overwritePDFOutline\":\"false\",\"direction\":\"1\",\"pageSize\":\"0\",\"source\":\"https:\\\/\\\/kromogen.com\\\/wp-content\\\/uploads\\\/2024\\\/11\\\/EXPEC-580-Full-automatic-QuEChERS-processing-workstation-brochure.pdf\",\"wpOptions\":\"true\"}; if(window.DFLIP && window.DFLIP.parseBooks){window.DFLIP.parseBooks();}<\/script>","protected":false},"excerpt":{"rendered":"<p>One of the biggest problems of laboratories performing residue analysis with LCMSMS and GCMS\/MS, especially pesticide analysis, is the preparation of clean samples from dirty matrices, preventing contamination and maintenance of the instruments and contributing to the most sensitive analysis. However, laboratories are faced with the challenging task of preparing samples without the time and personal input of personnel [...].","protected":false},"author":2,"featured_media":0,"parent":0,"menu_order":0,"comment_status":"closed","ping_status":"closed","template":"","meta":{"footnotes":""},"class_list":["post-861","page","type-page","status-publish","hentry"],"yoast_head":"<!-- This site is optimized with the Yoast SEO plugin v23.4 - https:\/\/yoast.com\/wordpress\/plugins\/seo\/ -->\n<title>EXPEC 580 Otomatik QuEChERS Numune Haz\u0131rl\u0131k \u00dcnitesi - Kromogen<\/title>\n<meta name=\"robots\" content=\"index, follow, max-snippet:-1, max-image-preview:large, max-video-preview:-1\" \/>\n<link rel=\"canonical\" href=\"https:\/\/kromogen.com\/en\/expec-580-automatic-quechers-sample-preparation-unit\/\" \/>\n<meta property=\"og:locale\" content=\"en_US\" \/>\n<meta property=\"og:type\" content=\"article\" \/>\n<meta property=\"og:title\" content=\"EXPEC 580 Otomatik QuEChERS Numune Haz\u0131rl\u0131k \u00dcnitesi - Kromogen\" \/>\n<meta property=\"og:description\" content=\"Pestisit analizleri ba\u015fta olmak \u00fczere LCMSMS ve GCMS\/MS ile kal\u0131nt\u0131 analizi yapan laboratuvarlar\u0131n en b\u00fcy\u00fck problemlerinden biri kirli matrikslerden temiz numune haz\u0131rlanarak cihazlar\u0131n kirlenmesi ve bak\u0131m gerektirmesinin \u00f6n\u00fcne ge\u00e7erek en hassas analizlerin yap\u0131lmas\u0131na katk\u0131 sa\u011flamas\u0131d\u0131r. Ancak laboratuvarlar zorlu numune haz\u0131rl\u0131klar\u0131nda personeli bu g\u00f6reve zaman ay\u0131rmak ve haz\u0131rlayan personellerin ki\u015fisel katk\u0131lar\u0131ndan ba\u011f\u0131ms\u0131z olarak bu i\u015flemleri yapmak [...]\" \/>\n<meta property=\"og:url\" content=\"https:\/\/kromogen.com\/en\/expec-580-automatic-quechers-sample-preparation-unit\/\" \/>\n<meta property=\"og:site_name\" content=\"Kromogen\" \/>\n<meta property=\"article:modified_time\" content=\"2024-11-29T14:33:58+00:00\" \/>\n<meta property=\"og:image\" content=\"https:\/\/i.ytimg.com\/vi\/02Cpc9L2liY\/maxresdefault.jpg\" \/>\n<meta name=\"twitter:card\" content=\"summary_large_image\" \/>\n<meta name=\"twitter:label1\" content=\"Est. reading time\" \/>\n\t<meta name=\"twitter:data1\" content=\"2 minutes\" \/>\n<script type=\"application\/ld+json\" class=\"yoast-schema-graph\">{\"@context\":\"https:\/\/schema.org\",\"@graph\":[{\"@type\":\"WebPage\",\"@id\":\"https:\/\/kromogen.com\/expec-580-otomatik-quechers-numune-hazirlik-unitesi\/\",\"url\":\"https:\/\/kromogen.com\/expec-580-otomatik-quechers-numune-hazirlik-unitesi\/\",\"name\":\"EXPEC 580 Otomatik QuEChERS Numune Haz\u0131rl\u0131k \u00dcnitesi - Kromogen\",\"isPartOf\":{\"@id\":\"https:\/\/kromogen.com\/#website\"},\"primaryImageOfPage\":{\"@id\":\"https:\/\/kromogen.com\/expec-580-otomatik-quechers-numune-hazirlik-unitesi\/#primaryimage\"},\"image\":{\"@id\":\"https:\/\/kromogen.com\/expec-580-otomatik-quechers-numune-hazirlik-unitesi\/#primaryimage\"},\"thumbnailUrl\":\"https:\/\/i.ytimg.com\/vi\/02Cpc9L2liY\/maxresdefault.jpg\",\"datePublished\":\"2024-11-29T13:33:27+00:00\",\"dateModified\":\"2024-11-29T14:33:58+00:00\",\"breadcrumb\":{\"@id\":\"https:\/\/kromogen.com\/expec-580-otomatik-quechers-numune-hazirlik-unitesi\/#breadcrumb\"},\"inLanguage\":\"en-US\",\"potentialAction\":[{\"@type\":\"ReadAction\",\"target\":[\"https:\/\/kromogen.com\/expec-580-otomatik-quechers-numune-hazirlik-unitesi\/\"]}]},{\"@type\":\"ImageObject\",\"inLanguage\":\"en-US\",\"@id\":\"https:\/\/kromogen.com\/expec-580-otomatik-quechers-numune-hazirlik-unitesi\/#primaryimage\",\"url\":\"https:\/\/i.ytimg.com\/vi\/02Cpc9L2liY\/maxresdefault.jpg\",\"contentUrl\":\"https:\/\/i.ytimg.com\/vi\/02Cpc9L2liY\/maxresdefault.jpg\"},{\"@type\":\"BreadcrumbList\",\"@id\":\"https:\/\/kromogen.com\/expec-580-otomatik-quechers-numune-hazirlik-unitesi\/#breadcrumb\",\"itemListElement\":[{\"@type\":\"ListItem\",\"position\":1,\"name\":\"Anasayfa\",\"item\":\"https:\/\/kromogen.com\/\"},{\"@type\":\"ListItem\",\"position\":2,\"name\":\"EXPEC 580 Otomatik QuEChERS Numune Haz\u0131rl\u0131k \u00dcnitesi\"}]},{\"@type\":\"WebSite\",\"@id\":\"https:\/\/kromogen.com\/#website\",\"url\":\"https:\/\/kromogen.com\/\",\"name\":\"Kromogen\",\"description\":\"Kromogen Biyoteknoloji\",\"potentialAction\":[{\"@type\":\"SearchAction\",\"target\":{\"@type\":\"EntryPoint\",\"urlTemplate\":\"https:\/\/kromogen.com\/?s={search_term_string}\"},\"query-input\":{\"@type\":\"PropertyValueSpecification\",\"valueRequired\":true,\"valueName\":\"search_term_string\"}}],\"inLanguage\":\"en-US\"}]}<\/script>\n<!-- \/ Yoast SEO plugin. -->","yoast_head_json":{"title":"EXPEC 580 Otomatik QuEChERS Numune Haz\u0131rl\u0131k \u00dcnitesi - Kromogen","robots":{"index":"index","follow":"follow","max-snippet":"max-snippet:-1","max-image-preview":"max-image-preview:large","max-video-preview":"max-video-preview:-1"},"canonical":"https:\/\/kromogen.com\/en\/expec-580-automatic-quechers-sample-preparation-unit\/","og_locale":"en_US","og_type":"article","og_title":"EXPEC 580 Otomatik QuEChERS Numune Haz\u0131rl\u0131k \u00dcnitesi - Kromogen","og_description":"Pestisit analizleri ba\u015fta olmak \u00fczere LCMSMS ve GCMS\/MS ile kal\u0131nt\u0131 analizi yapan laboratuvarlar\u0131n en b\u00fcy\u00fck problemlerinden biri kirli matrikslerden temiz numune haz\u0131rlanarak cihazlar\u0131n kirlenmesi ve bak\u0131m gerektirmesinin \u00f6n\u00fcne ge\u00e7erek en hassas analizlerin yap\u0131lmas\u0131na katk\u0131 sa\u011flamas\u0131d\u0131r. Ancak laboratuvarlar zorlu numune haz\u0131rl\u0131klar\u0131nda personeli bu g\u00f6reve zaman ay\u0131rmak ve haz\u0131rlayan personellerin ki\u015fisel katk\u0131lar\u0131ndan ba\u011f\u0131ms\u0131z olarak bu i\u015flemleri yapmak [...]","og_url":"https:\/\/kromogen.com\/en\/expec-580-automatic-quechers-sample-preparation-unit\/","og_site_name":"Kromogen","article_modified_time":"2024-11-29T14:33:58+00:00","og_image":[{"url":"https:\/\/i.ytimg.com\/vi\/02Cpc9L2liY\/maxresdefault.jpg"}],"twitter_card":"summary_large_image","twitter_misc":{"Est. reading time":"2 minutes"},"schema":{"@context":"https:\/\/schema.org","@graph":[{"@type":"WebPage","@id":"https:\/\/kromogen.com\/expec-580-otomatik-quechers-numune-hazirlik-unitesi\/","url":"https:\/\/kromogen.com\/expec-580-otomatik-quechers-numune-hazirlik-unitesi\/","name":"EXPEC 580 Otomatik QuEChERS Numune Haz\u0131rl\u0131k \u00dcnitesi - Kromogen","isPartOf":{"@id":"https:\/\/kromogen.com\/#website"},"primaryImageOfPage":{"@id":"https:\/\/kromogen.com\/expec-580-otomatik-quechers-numune-hazirlik-unitesi\/#primaryimage"},"image":{"@id":"https:\/\/kromogen.com\/expec-580-otomatik-quechers-numune-hazirlik-unitesi\/#primaryimage"},"thumbnailUrl":"https:\/\/i.ytimg.com\/vi\/02Cpc9L2liY\/maxresdefault.jpg","datePublished":"2024-11-29T13:33:27+00:00","dateModified":"2024-11-29T14:33:58+00:00","breadcrumb":{"@id":"https:\/\/kromogen.com\/expec-580-otomatik-quechers-numune-hazirlik-unitesi\/#breadcrumb"},"inLanguage":"en-US","potentialAction":[{"@type":"ReadAction","target":["https:\/\/kromogen.com\/expec-580-otomatik-quechers-numune-hazirlik-unitesi\/"]}]},{"@type":"ImageObject","inLanguage":"en-US","@id":"https:\/\/kromogen.com\/expec-580-otomatik-quechers-numune-hazirlik-unitesi\/#primaryimage","url":"https:\/\/i.ytimg.com\/vi\/02Cpc9L2liY\/maxresdefault.jpg","contentUrl":"https:\/\/i.ytimg.com\/vi\/02Cpc9L2liY\/maxresdefault.jpg"},{"@type":"BreadcrumbList","@id":"https:\/\/kromogen.com\/expec-580-otomatik-quechers-numune-hazirlik-unitesi\/#breadcrumb","itemListElement":[{"@type":"ListItem","position":1,"name":"Anasayfa","item":"https:\/\/kromogen.com\/"},{"@type":"ListItem","position":2,"name":"EXPEC 580 Otomatik QuEChERS Numune Haz\u0131rl\u0131k \u00dcnitesi"}]},{"@type":"WebSite","@id":"https:\/\/kromogen.com\/#website","url":"https:\/\/kromogen.com\/","name":"Kromogen","description":"Kromogen Biyoteknoloji","potentialAction":[{"@type":"SearchAction","target":{"@type":"EntryPoint","urlTemplate":"https:\/\/kromogen.com\/?s={search_term_string}"},"query-input":{"@type":"PropertyValueSpecification","valueRequired":true,"valueName":"search_term_string"}}],"inLanguage":"en-US"}]}},"_links":{"self":[{"href":"https:\/\/kromogen.com\/en\/wp-json\/wp\/v2\/pages\/861"}],"collection":[{"href":"https:\/\/kromogen.com\/en\/wp-json\/wp\/v2\/pages"}],"about":[{"href":"https:\/\/kromogen.com\/en\/wp-json\/wp\/v2\/types\/page"}],"author":[{"embeddable":true,"href":"https:\/\/kromogen.com\/en\/wp-json\/wp\/v2\/users\/2"}],"replies":[{"embeddable":true,"href":"https:\/\/kromogen.com\/en\/wp-json\/wp\/v2\/comments?post=861"}],"version-history":[{"count":2,"href":"https:\/\/kromogen.com\/en\/wp-json\/wp\/v2\/pages\/861\/revisions"}],"predecessor-version":[{"id":881,"href":"https:\/\/kromogen.com\/en\/wp-json\/wp\/v2\/pages\/861\/revisions\/881"}],"wp:attachment":[{"href":"https:\/\/kromogen.com\/en\/wp-json\/wp\/v2\/media?parent=861"}],"curies":[{"name":"wp","href":"https:\/\/api.w.org\/{rel}","templated":true}]}}