
{"id":790,"date":"2024-08-21T14:26:50","date_gmt":"2024-08-21T14:26:50","guid":{"rendered":"https:\/\/kromogen.com\/?page_id=790"},"modified":"2024-08-21T14:28:38","modified_gmt":"2024-08-21T14:28:38","slug":"hizmetlerimiz","status":"publish","type":"page","link":"https:\/\/kromogen.com\/en\/corporate\/our-services\/","title":{"rendered":"Services"},"content":{"rendered":"<p><strong>Molecular Biology and Genetics<\/strong><\/p>\n<p>You can obtain information and products from us at every point where Genetics and Biotechnology are needed, especially in the fields of food safety, Forensic Genetics and Clinical Genetics.<\/p>\n<div id=\"accordion-793803206-content\" class=\"accordion-inner\" aria-labelledby=\"accordion-793803206-label\">\n<p>&nbsp;<\/p>\n<\/div>\n<p><strong>Analytical Devices, Equipment and Consumables<\/strong><\/p>\n<p>In all laboratories such as Food, Environment, Forensic Medicine, Toxicology, Environment, Paint and Polymer where chemistry enters, we carry the know-how with the supply of Instruments, Equipment, Consumables and Chemicals for the analytical methods applied by the laboratories for your success.<\/p>\n<div id=\"accordion-3999323484-content\" class=\"accordion-inner\" aria-labelledby=\"accordion-3999323484-label\">\n<p>&nbsp;<\/p>\n<\/div>\n<p><strong>R&amp;D and Consulting Services\u00a0<\/strong><\/p>\n<p>Our team of experts will be pleased to work with you at all stages of your R&amp;D projects, from the design stage to market, feasibility and literature research, from project design to implementation, from end product validation to service. We are open for consultancy and cooperation from target product research to production processes.<\/p>\n<div id=\"accordion-1994357263-content\" class=\"accordion-inner\" aria-labelledby=\"accordion-1994357263-label\">\n<p>&nbsp;<\/p>\n<\/div>\n<p><strong>Turnkey Laboratory Projects\u00a0<\/strong><\/p>\n<p>In addition to the supply of products from leading manufacturers that we produce and\/or have been successfully representing for 15 years, we can be at your side with our expertise from the four walls to the accredited laboratory process for your target application areas and we can help you with a turnkey laboratory project.<\/p>\n<div id=\"accordion-4135231838-content\" class=\"accordion-inner\" aria-labelledby=\"accordion-4135231838-label\">\n<p>&nbsp;<\/p>\n<\/div>","protected":false},"excerpt":{"rendered":"<p>Molecular Biology and Genetics You can get information and products from us at every point where Genetics and Biotechnology are needed, especially in the fields of Food Safety, Forensic Genetics and Clinical Genetics.   Analytical Instruments, Equipment and Consumables For the analytical methods applied by laboratories in all laboratories such as Food, Environment, Forensic Medicine, Toxicology, Environment, Paint and Polymer in which chemistry enters, Instruments, Equipment, [...]","protected":false},"author":2,"featured_media":0,"parent":16,"menu_order":0,"comment_status":"closed","ping_status":"closed","template":"","meta":{"footnotes":""},"class_list":["post-790","page","type-page","status-publish","hentry"],"yoast_head":"<!-- This site is optimized with the Yoast SEO plugin v23.4 - https:\/\/yoast.com\/wordpress\/plugins\/seo\/ -->\n<title>Hizmetlerimiz - Kromogen<\/title>\n<meta name=\"robots\" content=\"index, follow, max-snippet:-1, max-image-preview:large, max-video-preview:-1\" \/>\n<link rel=\"canonical\" href=\"https:\/\/kromogen.com\/en\/corporate\/our-services\/\" \/>\n<meta property=\"og:locale\" content=\"en_US\" \/>\n<meta property=\"og:type\" content=\"article\" \/>\n<meta property=\"og:title\" content=\"Hizmetlerimiz - Kromogen\" \/>\n<meta property=\"og:description\" content=\"Molek\u00fcler Biyoloji ve Genetik G\u0131da g\u00fcvenli\u011fi, Adli Genetik ve Klinik Genetik alanlar\u0131 ba\u015fta olmak \u00fczere Genetik ve Biyoteknolojinin ihtiya\u00e7 oldu\u011fu her noktada bizden bilgi ve \u00fcr\u00fcn temin edebilirsiniz. &nbsp; Analitik Cihaz, Ekipman ve Sarf Kimyan\u0131n girdi\u011fi G\u0131da, \u00c7evre, Adli T\u0131p, Toksikoloji, \u00c7evre, Boya ve Polimer gibi t\u00fcm laboratuvarlarda laboratuvarlar\u0131n uygulad\u0131\u011f\u0131 analitik metotlar i\u00e7in Cihaz, Ekipman, [...]\" \/>\n<meta property=\"og:url\" content=\"https:\/\/kromogen.com\/en\/corporate\/our-services\/\" \/>\n<meta property=\"og:site_name\" content=\"Kromogen\" \/>\n<meta property=\"article:modified_time\" content=\"2024-08-21T14:28:38+00:00\" \/>\n<meta name=\"twitter:card\" content=\"summary_large_image\" \/>\n<meta name=\"twitter:label1\" content=\"Est. reading time\" \/>\n\t<meta name=\"twitter:data1\" content=\"1 minute\" \/>\n<script type=\"application\/ld+json\" class=\"yoast-schema-graph\">{\"@context\":\"https:\/\/schema.org\",\"@graph\":[{\"@type\":\"WebPage\",\"@id\":\"https:\/\/kromogen.com\/kurumsal\/hizmetlerimiz\/\",\"url\":\"https:\/\/kromogen.com\/kurumsal\/hizmetlerimiz\/\",\"name\":\"Hizmetlerimiz - Kromogen\",\"isPartOf\":{\"@id\":\"https:\/\/kromogen.com\/#website\"},\"datePublished\":\"2024-08-21T14:26:50+00:00\",\"dateModified\":\"2024-08-21T14:28:38+00:00\",\"breadcrumb\":{\"@id\":\"https:\/\/kromogen.com\/kurumsal\/hizmetlerimiz\/#breadcrumb\"},\"inLanguage\":\"en-US\",\"potentialAction\":[{\"@type\":\"ReadAction\",\"target\":[\"https:\/\/kromogen.com\/kurumsal\/hizmetlerimiz\/\"]}]},{\"@type\":\"BreadcrumbList\",\"@id\":\"https:\/\/kromogen.com\/kurumsal\/hizmetlerimiz\/#breadcrumb\",\"itemListElement\":[{\"@type\":\"ListItem\",\"position\":1,\"name\":\"Anasayfa\",\"item\":\"https:\/\/kromogen.com\/\"},{\"@type\":\"ListItem\",\"position\":2,\"name\":\"KURUMSAL\",\"item\":\"https:\/\/kromogen.com\/kurumsal\/\"},{\"@type\":\"ListItem\",\"position\":3,\"name\":\"Hizmetlerimiz\"}]},{\"@type\":\"WebSite\",\"@id\":\"https:\/\/kromogen.com\/#website\",\"url\":\"https:\/\/kromogen.com\/\",\"name\":\"Kromogen\",\"description\":\"Kromogen Biyoteknoloji\",\"potentialAction\":[{\"@type\":\"SearchAction\",\"target\":{\"@type\":\"EntryPoint\",\"urlTemplate\":\"https:\/\/kromogen.com\/?s={search_term_string}\"},\"query-input\":{\"@type\":\"PropertyValueSpecification\",\"valueRequired\":true,\"valueName\":\"search_term_string\"}}],\"inLanguage\":\"en-US\"}]}<\/script>\n<!-- \/ Yoast SEO plugin. -->","yoast_head_json":{"title":"Hizmetlerimiz - Kromogen","robots":{"index":"index","follow":"follow","max-snippet":"max-snippet:-1","max-image-preview":"max-image-preview:large","max-video-preview":"max-video-preview:-1"},"canonical":"https:\/\/kromogen.com\/en\/corporate\/our-services\/","og_locale":"en_US","og_type":"article","og_title":"Hizmetlerimiz - Kromogen","og_description":"Molek\u00fcler Biyoloji ve Genetik G\u0131da g\u00fcvenli\u011fi, Adli Genetik ve Klinik Genetik alanlar\u0131 ba\u015fta olmak \u00fczere Genetik ve Biyoteknolojinin ihtiya\u00e7 oldu\u011fu her noktada bizden bilgi ve \u00fcr\u00fcn temin edebilirsiniz. &nbsp; Analitik Cihaz, Ekipman ve Sarf Kimyan\u0131n girdi\u011fi G\u0131da, \u00c7evre, Adli T\u0131p, Toksikoloji, \u00c7evre, Boya ve Polimer gibi t\u00fcm laboratuvarlarda laboratuvarlar\u0131n uygulad\u0131\u011f\u0131 analitik metotlar i\u00e7in Cihaz, Ekipman, [...]","og_url":"https:\/\/kromogen.com\/en\/corporate\/our-services\/","og_site_name":"Kromogen","article_modified_time":"2024-08-21T14:28:38+00:00","twitter_card":"summary_large_image","twitter_misc":{"Est. reading time":"1 minute"},"schema":{"@context":"https:\/\/schema.org","@graph":[{"@type":"WebPage","@id":"https:\/\/kromogen.com\/kurumsal\/hizmetlerimiz\/","url":"https:\/\/kromogen.com\/kurumsal\/hizmetlerimiz\/","name":"Hizmetlerimiz - Kromogen","isPartOf":{"@id":"https:\/\/kromogen.com\/#website"},"datePublished":"2024-08-21T14:26:50+00:00","dateModified":"2024-08-21T14:28:38+00:00","breadcrumb":{"@id":"https:\/\/kromogen.com\/kurumsal\/hizmetlerimiz\/#breadcrumb"},"inLanguage":"en-US","potentialAction":[{"@type":"ReadAction","target":["https:\/\/kromogen.com\/kurumsal\/hizmetlerimiz\/"]}]},{"@type":"BreadcrumbList","@id":"https:\/\/kromogen.com\/kurumsal\/hizmetlerimiz\/#breadcrumb","itemListElement":[{"@type":"ListItem","position":1,"name":"Anasayfa","item":"https:\/\/kromogen.com\/"},{"@type":"ListItem","position":2,"name":"KURUMSAL","item":"https:\/\/kromogen.com\/kurumsal\/"},{"@type":"ListItem","position":3,"name":"Hizmetlerimiz"}]},{"@type":"WebSite","@id":"https:\/\/kromogen.com\/#website","url":"https:\/\/kromogen.com\/","name":"Kromogen","description":"Kromogen Biyoteknoloji","potentialAction":[{"@type":"SearchAction","target":{"@type":"EntryPoint","urlTemplate":"https:\/\/kromogen.com\/?s={search_term_string}"},"query-input":{"@type":"PropertyValueSpecification","valueRequired":true,"valueName":"search_term_string"}}],"inLanguage":"en-US"}]}},"_links":{"self":[{"href":"https:\/\/kromogen.com\/en\/wp-json\/wp\/v2\/pages\/790"}],"collection":[{"href":"https:\/\/kromogen.com\/en\/wp-json\/wp\/v2\/pages"}],"about":[{"href":"https:\/\/kromogen.com\/en\/wp-json\/wp\/v2\/types\/page"}],"author":[{"embeddable":true,"href":"https:\/\/kromogen.com\/en\/wp-json\/wp\/v2\/users\/2"}],"replies":[{"embeddable":true,"href":"https:\/\/kromogen.com\/en\/wp-json\/wp\/v2\/comments?post=790"}],"version-history":[{"count":3,"href":"https:\/\/kromogen.com\/en\/wp-json\/wp\/v2\/pages\/790\/revisions"}],"predecessor-version":[{"id":794,"href":"https:\/\/kromogen.com\/en\/wp-json\/wp\/v2\/pages\/790\/revisions\/794"}],"up":[{"embeddable":true,"href":"https:\/\/kromogen.com\/en\/wp-json\/wp\/v2\/pages\/16"}],"wp:attachment":[{"href":"https:\/\/kromogen.com\/en\/wp-json\/wp\/v2\/media?parent=790"}],"curies":[{"name":"wp","href":"https:\/\/api.w.org\/{rel}","templated":true}]}}