
{"id":506,"date":"2024-08-08T09:55:48","date_gmt":"2024-08-08T09:55:48","guid":{"rendered":"https:\/\/kromogen.mehmetalisahin.com.tr\/?page_id=506"},"modified":"2024-08-28T14:20:07","modified_gmt":"2024-08-28T14:20:07","slug":"arge-ve-uretim","status":"publish","type":"page","link":"https:\/\/kromogen.com\/en\/corporate\/rd-and-production\/","title":{"rendered":"R&amp;D and Production"},"content":{"rendered":"<p><img loading=\"lazy\" decoding=\"async\" class=\"alignnone size-medium wp-image-242\" src=\"https:\/\/kromx.kromogen.com\/wp-content\/uploads\/2024\/08\/kromx-web-s-300x74.png\" alt=\"\" width=\"300\" height=\"74\" srcset=\"https:\/\/kromogen.com\/wp-content\/uploads\/2024\/08\/kromx-web-s-300x74.png 300w, https:\/\/kromogen.com\/wp-content\/uploads\/2024\/08\/kromx-web-s-768x190.png 768w, https:\/\/kromogen.com\/wp-content\/uploads\/2024\/08\/kromx-web-s.png 777w\" sizes=\"(max-width: 300px) 100vw, 300px\" \/><\/p>\n<p><strong>KromoGEN<\/strong> Since 2014, it has been conducting R&amp;D activities with its advisory board consisting of Turkey's most important researchers, cooperation agreements with universities and important institutions, and its own researchers with PhD and master's degrees.<\/p>\n<p>In this context, by developing patented polymer materials<strong> SpeXtract<\/strong> product group <strong>HLB<\/strong> featured <strong>SPE<\/strong> (Solid Phase Extraction \/ Kat\u0131 Faz Ekstraksiyon) kartu\u015flar\u0131 \u00fcretmi\u015f; yine T\u00fcrkiye&#8217;nin en \u00f6nemli laboratuvarlar\u0131nda ger\u00e7ek ve kirli matrikslerde, rakip \u00fcr\u00fcnlerle yanyana analizler yap\u0131lm\u0131\u015ft\u0131r. Bu k\u0131yaslamalarda D\u00fcnya lideri olarak bilinen Amerikan Men\u015feili markalar\u0131n ilgili \u00fcr\u00fcnlerine toplam bak\u0131lan analitlerde %90dan fazlas\u0131nda daha iyi geri kazan\u0131m oranlar\u0131 sa\u011flam\u0131\u015ft\u0131r. Di\u011fer analitlerde ise e\u015f sonu\u00e7lar g\u00f6r\u00fclm\u00fc\u015ft\u00fcr.<\/p>\n<p><strong>ChromeX<\/strong> As the Analytical Group, while continuing our research and product development activities, we carefully follow the analytical needs and developments in materials science and analytical methods in the world and in our country; we aim to increase our product range in a meaningful and efficient way.<\/p>\n<p>While the quality analysis of our products is carried out carefully with gold standard methods, our filling is carried out in the most sensitive way with our Swiss ChemSpeed brand filling devices.<\/p>\n<p><em>* You can contact us for the products you need or for cooperation on the materials you have developed and that we can make successful together.<\/em><\/p>\n<p><img loading=\"lazy\" decoding=\"async\" class=\"alignnone wp-image-806 size-large\" src=\"https:\/\/kromx.kromogen.com\/wp-content\/uploads\/2024\/08\/RD-Lab-1024x521.jpg\" alt=\"\" width=\"1020\" height=\"519\" \/><\/p>","protected":false},"excerpt":{"rendered":"<p>KromoGEN has been conducting R&amp;D activities since 2014 with its advisory board consisting of Turkey's most important researchers, cooperation agreements with universities and important institutions, and its own researchers with PhD and Master's degrees. In this context, it has developed patented polymer materials and produced SPE (Solid Phase Extraction) cartridges with HLB properties in SpeXtract product group; again, Turkey's [...]","protected":false},"author":2,"featured_media":0,"parent":16,"menu_order":0,"comment_status":"closed","ping_status":"closed","template":"","meta":{"footnotes":""},"class_list":["post-506","page","type-page","status-publish","hentry"],"yoast_head":"<!-- This site is optimized with the Yoast SEO plugin v23.4 - https:\/\/yoast.com\/wordpress\/plugins\/seo\/ -->\n<title>Ar&amp;Ge ve \u00dcretim - Kromogen<\/title>\n<meta name=\"robots\" content=\"index, follow, max-snippet:-1, max-image-preview:large, max-video-preview:-1\" \/>\n<link rel=\"canonical\" href=\"https:\/\/kromogen.com\/en\/corporate\/rd-and-production\/\" \/>\n<meta property=\"og:locale\" content=\"en_US\" \/>\n<meta property=\"og:type\" content=\"article\" \/>\n<meta property=\"og:title\" content=\"Ar&amp;Ge ve \u00dcretim - Kromogen\" \/>\n<meta property=\"og:description\" content=\"KromoGEN T\u00fcrkiye&#8217;nin en \u00f6nemli ara\u015ft\u0131r\u0131c\u0131lar\u0131ndan olu\u015fan dan\u0131\u015fma kurulu; \u00fcniversite ve \u00f6nemli kurumlar\u0131m\u0131zla i\u015fbirli\u011fi s\u00f6zle\u015fmeleri, kendi b\u00fcnyesinde bulunan doktora ve y\u00fcksek lisans derecesine sahip ara\u015ft\u0131r\u0131c\u0131lar\u0131 ile 2014 y\u0131l\u0131ndan bu yana Ar&amp;Ge faaliyetleri y\u00fcr\u00fctmektedir. Bu kapsamda Patentli polimer malzemeler geli\u015ftirerek SpeXtract \u00fcr\u00fcn grubunda HLB \u00f6zellikli SPE (Solid Phase Extraction \/ Kat\u0131 Faz Ekstraksiyon) kartu\u015flar\u0131 \u00fcretmi\u015f; yine T\u00fcrkiye&#8217;nin [...]\" \/>\n<meta property=\"og:url\" content=\"https:\/\/kromogen.com\/en\/corporate\/rd-and-production\/\" \/>\n<meta property=\"og:site_name\" content=\"Kromogen\" \/>\n<meta property=\"article:modified_time\" content=\"2024-08-28T14:20:07+00:00\" \/>\n<meta property=\"og:image\" content=\"https:\/\/kromx.kromogen.com\/wp-content\/uploads\/2024\/08\/kromx-web-s-300x74.png\" \/>\n<meta name=\"twitter:card\" content=\"summary_large_image\" \/>\n<meta name=\"twitter:label1\" content=\"Est. reading time\" \/>\n\t<meta name=\"twitter:data1\" content=\"1 minute\" \/>\n<script type=\"application\/ld+json\" class=\"yoast-schema-graph\">{\"@context\":\"https:\/\/schema.org\",\"@graph\":[{\"@type\":\"WebPage\",\"@id\":\"https:\/\/kromogen.com\/kurumsal\/arge-ve-uretim\/\",\"url\":\"https:\/\/kromogen.com\/kurumsal\/arge-ve-uretim\/\",\"name\":\"Ar&Ge ve \u00dcretim - Kromogen\",\"isPartOf\":{\"@id\":\"https:\/\/kromogen.com\/#website\"},\"primaryImageOfPage\":{\"@id\":\"https:\/\/kromogen.com\/kurumsal\/arge-ve-uretim\/#primaryimage\"},\"image\":{\"@id\":\"https:\/\/kromogen.com\/kurumsal\/arge-ve-uretim\/#primaryimage\"},\"thumbnailUrl\":\"https:\/\/kromx.kromogen.com\/wp-content\/uploads\/2024\/08\/kromx-web-s-300x74.png\",\"datePublished\":\"2024-08-08T09:55:48+00:00\",\"dateModified\":\"2024-08-28T14:20:07+00:00\",\"breadcrumb\":{\"@id\":\"https:\/\/kromogen.com\/kurumsal\/arge-ve-uretim\/#breadcrumb\"},\"inLanguage\":\"en-US\",\"potentialAction\":[{\"@type\":\"ReadAction\",\"target\":[\"https:\/\/kromogen.com\/kurumsal\/arge-ve-uretim\/\"]}]},{\"@type\":\"ImageObject\",\"inLanguage\":\"en-US\",\"@id\":\"https:\/\/kromogen.com\/kurumsal\/arge-ve-uretim\/#primaryimage\",\"url\":\"https:\/\/kromx.kromogen.com\/wp-content\/uploads\/2024\/08\/kromx-web-s-300x74.png\",\"contentUrl\":\"https:\/\/kromx.kromogen.com\/wp-content\/uploads\/2024\/08\/kromx-web-s-300x74.png\"},{\"@type\":\"BreadcrumbList\",\"@id\":\"https:\/\/kromogen.com\/kurumsal\/arge-ve-uretim\/#breadcrumb\",\"itemListElement\":[{\"@type\":\"ListItem\",\"position\":1,\"name\":\"Anasayfa\",\"item\":\"https:\/\/kromogen.com\/\"},{\"@type\":\"ListItem\",\"position\":2,\"name\":\"KURUMSAL\",\"item\":\"https:\/\/kromogen.com\/kurumsal\/\"},{\"@type\":\"ListItem\",\"position\":3,\"name\":\"Ar&#038;Ge ve \u00dcretim\"}]},{\"@type\":\"WebSite\",\"@id\":\"https:\/\/kromogen.com\/#website\",\"url\":\"https:\/\/kromogen.com\/\",\"name\":\"Kromogen\",\"description\":\"Kromogen Biyoteknoloji\",\"potentialAction\":[{\"@type\":\"SearchAction\",\"target\":{\"@type\":\"EntryPoint\",\"urlTemplate\":\"https:\/\/kromogen.com\/?s={search_term_string}\"},\"query-input\":{\"@type\":\"PropertyValueSpecification\",\"valueRequired\":true,\"valueName\":\"search_term_string\"}}],\"inLanguage\":\"en-US\"}]}<\/script>\n<!-- \/ Yoast SEO plugin. -->","yoast_head_json":{"title":"Ar&Ge ve \u00dcretim - Kromogen","robots":{"index":"index","follow":"follow","max-snippet":"max-snippet:-1","max-image-preview":"max-image-preview:large","max-video-preview":"max-video-preview:-1"},"canonical":"https:\/\/kromogen.com\/en\/corporate\/rd-and-production\/","og_locale":"en_US","og_type":"article","og_title":"Ar&Ge ve \u00dcretim - Kromogen","og_description":"KromoGEN T\u00fcrkiye&#8217;nin en \u00f6nemli ara\u015ft\u0131r\u0131c\u0131lar\u0131ndan olu\u015fan dan\u0131\u015fma kurulu; \u00fcniversite ve \u00f6nemli kurumlar\u0131m\u0131zla i\u015fbirli\u011fi s\u00f6zle\u015fmeleri, kendi b\u00fcnyesinde bulunan doktora ve y\u00fcksek lisans derecesine sahip ara\u015ft\u0131r\u0131c\u0131lar\u0131 ile 2014 y\u0131l\u0131ndan bu yana Ar&amp;Ge faaliyetleri y\u00fcr\u00fctmektedir. Bu kapsamda Patentli polimer malzemeler geli\u015ftirerek SpeXtract \u00fcr\u00fcn grubunda HLB \u00f6zellikli SPE (Solid Phase Extraction \/ Kat\u0131 Faz Ekstraksiyon) kartu\u015flar\u0131 \u00fcretmi\u015f; yine T\u00fcrkiye&#8217;nin [...]","og_url":"https:\/\/kromogen.com\/en\/corporate\/rd-and-production\/","og_site_name":"Kromogen","article_modified_time":"2024-08-28T14:20:07+00:00","og_image":[{"url":"https:\/\/kromx.kromogen.com\/wp-content\/uploads\/2024\/08\/kromx-web-s-300x74.png"}],"twitter_card":"summary_large_image","twitter_misc":{"Est. reading time":"1 minute"},"schema":{"@context":"https:\/\/schema.org","@graph":[{"@type":"WebPage","@id":"https:\/\/kromogen.com\/kurumsal\/arge-ve-uretim\/","url":"https:\/\/kromogen.com\/kurumsal\/arge-ve-uretim\/","name":"Ar&Ge ve \u00dcretim - Kromogen","isPartOf":{"@id":"https:\/\/kromogen.com\/#website"},"primaryImageOfPage":{"@id":"https:\/\/kromogen.com\/kurumsal\/arge-ve-uretim\/#primaryimage"},"image":{"@id":"https:\/\/kromogen.com\/kurumsal\/arge-ve-uretim\/#primaryimage"},"thumbnailUrl":"https:\/\/kromx.kromogen.com\/wp-content\/uploads\/2024\/08\/kromx-web-s-300x74.png","datePublished":"2024-08-08T09:55:48+00:00","dateModified":"2024-08-28T14:20:07+00:00","breadcrumb":{"@id":"https:\/\/kromogen.com\/kurumsal\/arge-ve-uretim\/#breadcrumb"},"inLanguage":"en-US","potentialAction":[{"@type":"ReadAction","target":["https:\/\/kromogen.com\/kurumsal\/arge-ve-uretim\/"]}]},{"@type":"ImageObject","inLanguage":"en-US","@id":"https:\/\/kromogen.com\/kurumsal\/arge-ve-uretim\/#primaryimage","url":"https:\/\/kromx.kromogen.com\/wp-content\/uploads\/2024\/08\/kromx-web-s-300x74.png","contentUrl":"https:\/\/kromx.kromogen.com\/wp-content\/uploads\/2024\/08\/kromx-web-s-300x74.png"},{"@type":"BreadcrumbList","@id":"https:\/\/kromogen.com\/kurumsal\/arge-ve-uretim\/#breadcrumb","itemListElement":[{"@type":"ListItem","position":1,"name":"Anasayfa","item":"https:\/\/kromogen.com\/"},{"@type":"ListItem","position":2,"name":"KURUMSAL","item":"https:\/\/kromogen.com\/kurumsal\/"},{"@type":"ListItem","position":3,"name":"Ar&#038;Ge ve \u00dcretim"}]},{"@type":"WebSite","@id":"https:\/\/kromogen.com\/#website","url":"https:\/\/kromogen.com\/","name":"Kromogen","description":"Kromogen Biyoteknoloji","potentialAction":[{"@type":"SearchAction","target":{"@type":"EntryPoint","urlTemplate":"https:\/\/kromogen.com\/?s={search_term_string}"},"query-input":{"@type":"PropertyValueSpecification","valueRequired":true,"valueName":"search_term_string"}}],"inLanguage":"en-US"}]}},"_links":{"self":[{"href":"https:\/\/kromogen.com\/en\/wp-json\/wp\/v2\/pages\/506"}],"collection":[{"href":"https:\/\/kromogen.com\/en\/wp-json\/wp\/v2\/pages"}],"about":[{"href":"https:\/\/kromogen.com\/en\/wp-json\/wp\/v2\/types\/page"}],"author":[{"embeddable":true,"href":"https:\/\/kromogen.com\/en\/wp-json\/wp\/v2\/users\/2"}],"replies":[{"embeddable":true,"href":"https:\/\/kromogen.com\/en\/wp-json\/wp\/v2\/comments?post=506"}],"version-history":[{"count":5,"href":"https:\/\/kromogen.com\/en\/wp-json\/wp\/v2\/pages\/506\/revisions"}],"predecessor-version":[{"id":805,"href":"https:\/\/kromogen.com\/en\/wp-json\/wp\/v2\/pages\/506\/revisions\/805"}],"up":[{"embeddable":true,"href":"https:\/\/kromogen.com\/en\/wp-json\/wp\/v2\/pages\/16"}],"wp:attachment":[{"href":"https:\/\/kromogen.com\/en\/wp-json\/wp\/v2\/media?parent=506"}],"curies":[{"name":"wp","href":"https:\/\/api.w.org\/{rel}","templated":true}]}}