
{"id":503,"date":"2024-08-08T09:49:29","date_gmt":"2024-08-08T09:49:29","guid":{"rendered":"https:\/\/kromogen.mehmetalisahin.com.tr\/?page_id=503"},"modified":"2025-12-11T08:22:14","modified_gmt":"2025-12-11T08:22:14","slug":"sarf-ve-kimyasallar","status":"publish","type":"page","link":"https:\/\/kromogen.com\/en\/our-products\/consumables-and-chemicals\/","title":{"rendered":"Consumables and Chemicals"},"content":{"rendered":"<div class=\"banner has-hover\" id=\"banner-675570464\">\n          <div class=\"banner-inner fill\">\n        <div class=\"banner-bg fill\" >\n            <img loading=\"lazy\" decoding=\"async\" width=\"1230\" height=\"400\" src=\"https:\/\/kromogen.com\/wp-content\/uploads\/2024\/08\/308963-B1-1230x400-1.jpg\" class=\"bg attachment-original size-original\" alt=\"\" \/>                                    \n                    <\/div>\n\t\t\n        <div class=\"banner-layers container\">\n            <div class=\"fill banner-link\"><\/div>            \n   <div id=\"text-box-458192615\" class=\"text-box banner-layer x5 md-x5 lg-x0 y50 md-y50 lg-y50 res-text\">\n                                <div class=\"text-box-content text\">\n              \n              <div class=\"text-inner text-center\">\n                  \n\t<div id=\"text-2226586069\" class=\"text\">\n\t\t\n<h3><strong>Consumables and Chemicals<br \/>\n<\/strong><\/h3>\n\t\t\n<style>\n#text-2226586069 {\n  text-align: left;\n  color: rgb(250, 246, 246);\n}\n#text-2226586069 > * {\n  color: rgb(250, 246, 246);\n}\n<\/style>\n\t<\/div>\n\t\n              <\/div>\n           <\/div>\n                            \n<style>\n#text-box-458192615 {\n  width: 60%;\n}\n#text-box-458192615 .text-box-content {\n  font-size: 100%;\n}\n<\/style>\n    <\/div>\n \n        <\/div>\n      <\/div>\n\n            \n<style>\n#banner-675570464 {\n  padding-top: 136px;\n  background-color: rgb(255,255,255);\n}\n#banner-675570464 .banner-bg img {\n  object-position: 9% 50%;\n}\n@media (min-width:550px) {\n  #banner-675570464 {\n    padding-top: 269px;\n  }\n}\n<\/style>\n  <\/div>\n\n\n<div class=\"row\"  id=\"row-1123460099\">\n\n\t<div id=\"col-225447503\" class=\"col small-12 large-12\"  >\n\t\t\t\t<div class=\"col-inner\"  >\n\t\t\t\n\t\t\t\n<p>KromoGEN is the distributor of Phenomenex in Turkey, TRNC, Azerbaijan, all Turkic Republics and other regional countries on project basis.<\/p>\n<p><img loading=\"lazy\" decoding=\"async\" class=\"size-medium wp-image-1073 aligncenter\" src=\"https:\/\/kromogen.com\/wp-content\/uploads\/2025\/04\/WhatsApp-Image-2025-04-07-at-09.50.47-300x165.jpeg\" alt=\"\" width=\"300\" height=\"165\" srcset=\"https:\/\/kromogen.com\/wp-content\/uploads\/2025\/04\/WhatsApp-Image-2025-04-07-at-09.50.47-300x165.jpeg 300w, https:\/\/kromogen.com\/wp-content\/uploads\/2025\/04\/WhatsApp-Image-2025-04-07-at-09.50.47-768x423.jpeg 768w, https:\/\/kromogen.com\/wp-content\/uploads\/2025\/04\/WhatsApp-Image-2025-04-07-at-09.50.47-18x10.jpeg 18w, https:\/\/kromogen.com\/wp-content\/uploads\/2025\/04\/WhatsApp-Image-2025-04-07-at-09.50.47.jpeg 780w\" sizes=\"(max-width: 300px) 100vw, 300px\" \/><\/p>\n<p>&nbsp;<\/p>\n<p>It is possible to review Phenomenex Products from the page:<\/p>\n<p>&nbsp;<\/p>\n<p><a href=\"https:\/\/kromogen.com\/en\/phenomenex\/\">Phenomenex website<\/a><\/p>\n<p>&nbsp;<\/p>\n<p>&nbsp;<\/p>\n<p><strong>KromoGEN<\/strong> Provides consumables, kits and chemicals in the field of Molecular Biology and Genetics through its representatives.<\/p>\n<p>However, in Analytical Methods, the consumables and chemicals required most in sample preparation and analysis affect both the quality and duration of the analysis and the results and cost. For this reason, we have developed a patented <strong>SpeXtract<\/strong> series SPE products and many sample preparation kits and consumables that we have OEM produced. <strong>ChromeX<\/strong> We provide solution partnership to all laboratories under the brand name.<\/p>\n<p>Contact us for the most requested consumables and sample prep kits listed below, as well as for any products not listed here that we can supply through our extensive supply network.<\/p>\n<ul>\n<li><a href=\"https:\/\/market.kromogen.com\/urun-kategori\/sarf-malzemeler\/spe-kati-faz-ekstraksiyon\/\">Polymeric SPE Cartridges<\/a><\/li>\n<li><a href=\"https:\/\/market.kromogen.com\/urun-kategori\/sarf-malzemeler\/spe-kati-faz-ekstraksiyon\/\">Silica, C18, C8, NH2, WAX, WCX, SAX, SCX and other special production SPE Cartridges<\/a><\/li>\n<li><a href=\"https:\/\/market.kromogen.com\/urun-kategori\/sarf-malzemeler\/quechers-numune-hazirlik-kitleri\/\">Quechers Extraction and Clean-Up Kits (according to AOAC and EN Methods)<\/a><\/li>\n<li><a href=\"https:\/\/market.kromogen.com\/urun-kategori\/sarf-malzemeler\/siringa-ucu-filtre\/\">Syringe Tip Filters<\/a><\/li>\n<li><a href=\"https:\/\/market.kromogen.com\/urun-kategori\/sarf-malzemeler\/membran-filtre\/\">Membrane Filters<\/a><\/li>\n<li><a href=\"https:\/\/market.kromogen.com\/urun-kategori\/sarf-malzemeler\/kuvartz-kuvet\/\">Quartz Bathtubs<\/a><\/li>\n<li><a href=\"https:\/\/market.kromogen.com\/urun-kategori\/sarf-malzemeler\/vialkapaksepta\/\">Vials, Caps and Septas Suitable for All Brands of Chromatography Devices<\/a><\/li>\n<li><a href=\"https:\/\/market.kromogen.com\/urun\/vakum-suzme-seti-huni-300-ml-nuce-erleni-1000-ml\/\">Filtration Sets and Glassware<\/a><\/li>\n<li><a href=\"https:\/\/market.kromogen.com\/urun-kategori\/sarf-malzemeler\/plastik-sarflar\/\">Eppendorf and Sanrifuge Tubes<\/a><\/li>\n<li><a href=\"https:\/\/market.kromogen.com\/urun-kategori\/sarf-malzemeler\/plastik-sarflar\/\">Pipettes and Pipette Tips<\/a><\/li>\n<\/ul>\n\t\t<\/div>\n\t\t\t\t\t<\/div>\n\n\t\n<\/div>","protected":false},"excerpt":{"rendered":"","protected":false},"author":2,"featured_media":690,"parent":100,"menu_order":0,"comment_status":"closed","ping_status":"closed","template":"page-blank.php","meta":{"footnotes":""},"class_list":["post-503","page","type-page","status-publish","has-post-thumbnail","hentry"],"yoast_head":"<!-- This site is optimized with the Yoast SEO plugin v23.4 - https:\/\/yoast.com\/wordpress\/plugins\/seo\/ -->\n<title>Sarf ve Kimyasallar - Kromogen<\/title>\n<meta name=\"robots\" content=\"index, follow, max-snippet:-1, max-image-preview:large, max-video-preview:-1\" \/>\n<link rel=\"canonical\" href=\"https:\/\/kromogen.com\/en\/our-products\/consumables-and-chemicals\/\" \/>\n<meta property=\"og:locale\" content=\"en_US\" \/>\n<meta property=\"og:type\" content=\"article\" \/>\n<meta property=\"og:title\" content=\"Sarf ve Kimyasallar - Kromogen\" \/>\n<meta property=\"og:url\" content=\"https:\/\/kromogen.com\/en\/our-products\/consumables-and-chemicals\/\" \/>\n<meta property=\"og:site_name\" content=\"Kromogen\" \/>\n<meta property=\"article:modified_time\" content=\"2025-12-11T08:22:14+00:00\" \/>\n<meta property=\"og:image\" content=\"https:\/\/kromogen.com\/wp-content\/uploads\/2024\/08\/308963-B1-1230x400-1-kopya.jpg\" \/>\n\t<meta property=\"og:image:width\" content=\"615\" \/>\n\t<meta property=\"og:image:height\" content=\"400\" \/>\n\t<meta property=\"og:image:type\" content=\"image\/jpeg\" \/>\n<meta name=\"twitter:card\" content=\"summary_large_image\" \/>\n<meta name=\"twitter:label1\" content=\"Est. reading time\" \/>\n\t<meta name=\"twitter:data1\" content=\"2 minutes\" \/>\n<script type=\"application\/ld+json\" class=\"yoast-schema-graph\">{\"@context\":\"https:\/\/schema.org\",\"@graph\":[{\"@type\":\"WebPage\",\"@id\":\"https:\/\/kromogen.com\/urunlerimiz\/sarf-ve-kimyasallar\/\",\"url\":\"https:\/\/kromogen.com\/urunlerimiz\/sarf-ve-kimyasallar\/\",\"name\":\"Sarf ve Kimyasallar - Kromogen\",\"isPartOf\":{\"@id\":\"https:\/\/kromogen.com\/#website\"},\"primaryImageOfPage\":{\"@id\":\"https:\/\/kromogen.com\/urunlerimiz\/sarf-ve-kimyasallar\/#primaryimage\"},\"image\":{\"@id\":\"https:\/\/kromogen.com\/urunlerimiz\/sarf-ve-kimyasallar\/#primaryimage\"},\"thumbnailUrl\":\"https:\/\/kromogen.com\/wp-content\/uploads\/2024\/08\/308963-B1-1230x400-1-kopya.jpg\",\"datePublished\":\"2024-08-08T09:49:29+00:00\",\"dateModified\":\"2025-12-11T08:22:14+00:00\",\"breadcrumb\":{\"@id\":\"https:\/\/kromogen.com\/urunlerimiz\/sarf-ve-kimyasallar\/#breadcrumb\"},\"inLanguage\":\"en-US\",\"potentialAction\":[{\"@type\":\"ReadAction\",\"target\":[\"https:\/\/kromogen.com\/urunlerimiz\/sarf-ve-kimyasallar\/\"]}]},{\"@type\":\"ImageObject\",\"inLanguage\":\"en-US\",\"@id\":\"https:\/\/kromogen.com\/urunlerimiz\/sarf-ve-kimyasallar\/#primaryimage\",\"url\":\"https:\/\/kromogen.com\/wp-content\/uploads\/2024\/08\/308963-B1-1230x400-1-kopya.jpg\",\"contentUrl\":\"https:\/\/kromogen.com\/wp-content\/uploads\/2024\/08\/308963-B1-1230x400-1-kopya.jpg\",\"width\":615,\"height\":400},{\"@type\":\"BreadcrumbList\",\"@id\":\"https:\/\/kromogen.com\/urunlerimiz\/sarf-ve-kimyasallar\/#breadcrumb\",\"itemListElement\":[{\"@type\":\"ListItem\",\"position\":1,\"name\":\"Anasayfa\",\"item\":\"https:\/\/kromogen.com\/\"},{\"@type\":\"ListItem\",\"position\":2,\"name\":\"\u00dcR\u00dcNLER\u0130M\u0130Z\",\"item\":\"https:\/\/kromogen.com\/urunlerimiz\/\"},{\"@type\":\"ListItem\",\"position\":3,\"name\":\"Sarf ve Kimyasallar\"}]},{\"@type\":\"WebSite\",\"@id\":\"https:\/\/kromogen.com\/#website\",\"url\":\"https:\/\/kromogen.com\/\",\"name\":\"Kromogen\",\"description\":\"Kromogen Biyoteknoloji\",\"potentialAction\":[{\"@type\":\"SearchAction\",\"target\":{\"@type\":\"EntryPoint\",\"urlTemplate\":\"https:\/\/kromogen.com\/?s={search_term_string}\"},\"query-input\":{\"@type\":\"PropertyValueSpecification\",\"valueRequired\":true,\"valueName\":\"search_term_string\"}}],\"inLanguage\":\"en-US\"}]}<\/script>\n<!-- \/ Yoast SEO plugin. -->","yoast_head_json":{"title":"Sarf ve Kimyasallar - Kromogen","robots":{"index":"index","follow":"follow","max-snippet":"max-snippet:-1","max-image-preview":"max-image-preview:large","max-video-preview":"max-video-preview:-1"},"canonical":"https:\/\/kromogen.com\/en\/our-products\/consumables-and-chemicals\/","og_locale":"en_US","og_type":"article","og_title":"Sarf ve Kimyasallar - Kromogen","og_url":"https:\/\/kromogen.com\/en\/our-products\/consumables-and-chemicals\/","og_site_name":"Kromogen","article_modified_time":"2025-12-11T08:22:14+00:00","og_image":[{"width":615,"height":400,"url":"https:\/\/kromogen.com\/wp-content\/uploads\/2024\/08\/308963-B1-1230x400-1-kopya.jpg","type":"image\/jpeg"}],"twitter_card":"summary_large_image","twitter_misc":{"Est. reading time":"2 minutes"},"schema":{"@context":"https:\/\/schema.org","@graph":[{"@type":"WebPage","@id":"https:\/\/kromogen.com\/urunlerimiz\/sarf-ve-kimyasallar\/","url":"https:\/\/kromogen.com\/urunlerimiz\/sarf-ve-kimyasallar\/","name":"Sarf ve Kimyasallar - Kromogen","isPartOf":{"@id":"https:\/\/kromogen.com\/#website"},"primaryImageOfPage":{"@id":"https:\/\/kromogen.com\/urunlerimiz\/sarf-ve-kimyasallar\/#primaryimage"},"image":{"@id":"https:\/\/kromogen.com\/urunlerimiz\/sarf-ve-kimyasallar\/#primaryimage"},"thumbnailUrl":"https:\/\/kromogen.com\/wp-content\/uploads\/2024\/08\/308963-B1-1230x400-1-kopya.jpg","datePublished":"2024-08-08T09:49:29+00:00","dateModified":"2025-12-11T08:22:14+00:00","breadcrumb":{"@id":"https:\/\/kromogen.com\/urunlerimiz\/sarf-ve-kimyasallar\/#breadcrumb"},"inLanguage":"en-US","potentialAction":[{"@type":"ReadAction","target":["https:\/\/kromogen.com\/urunlerimiz\/sarf-ve-kimyasallar\/"]}]},{"@type":"ImageObject","inLanguage":"en-US","@id":"https:\/\/kromogen.com\/urunlerimiz\/sarf-ve-kimyasallar\/#primaryimage","url":"https:\/\/kromogen.com\/wp-content\/uploads\/2024\/08\/308963-B1-1230x400-1-kopya.jpg","contentUrl":"https:\/\/kromogen.com\/wp-content\/uploads\/2024\/08\/308963-B1-1230x400-1-kopya.jpg","width":615,"height":400},{"@type":"BreadcrumbList","@id":"https:\/\/kromogen.com\/urunlerimiz\/sarf-ve-kimyasallar\/#breadcrumb","itemListElement":[{"@type":"ListItem","position":1,"name":"Anasayfa","item":"https:\/\/kromogen.com\/"},{"@type":"ListItem","position":2,"name":"\u00dcR\u00dcNLER\u0130M\u0130Z","item":"https:\/\/kromogen.com\/urunlerimiz\/"},{"@type":"ListItem","position":3,"name":"Sarf ve Kimyasallar"}]},{"@type":"WebSite","@id":"https:\/\/kromogen.com\/#website","url":"https:\/\/kromogen.com\/","name":"Kromogen","description":"Kromogen Biyoteknoloji","potentialAction":[{"@type":"SearchAction","target":{"@type":"EntryPoint","urlTemplate":"https:\/\/kromogen.com\/?s={search_term_string}"},"query-input":{"@type":"PropertyValueSpecification","valueRequired":true,"valueName":"search_term_string"}}],"inLanguage":"en-US"}]}},"_links":{"self":[{"href":"https:\/\/kromogen.com\/en\/wp-json\/wp\/v2\/pages\/503"}],"collection":[{"href":"https:\/\/kromogen.com\/en\/wp-json\/wp\/v2\/pages"}],"about":[{"href":"https:\/\/kromogen.com\/en\/wp-json\/wp\/v2\/types\/page"}],"author":[{"embeddable":true,"href":"https:\/\/kromogen.com\/en\/wp-json\/wp\/v2\/users\/2"}],"replies":[{"embeddable":true,"href":"https:\/\/kromogen.com\/en\/wp-json\/wp\/v2\/comments?post=503"}],"version-history":[{"count":17,"href":"https:\/\/kromogen.com\/en\/wp-json\/wp\/v2\/pages\/503\/revisions"}],"predecessor-version":[{"id":1141,"href":"https:\/\/kromogen.com\/en\/wp-json\/wp\/v2\/pages\/503\/revisions\/1141"}],"up":[{"embeddable":true,"href":"https:\/\/kromogen.com\/en\/wp-json\/wp\/v2\/pages\/100"}],"wp:featuredmedia":[{"embeddable":true,"href":"https:\/\/kromogen.com\/en\/wp-json\/wp\/v2\/media\/690"}],"wp:attachment":[{"href":"https:\/\/kromogen.com\/en\/wp-json\/wp\/v2\/media?parent=503"}],"curies":[{"name":"wp","href":"https:\/\/api.w.org\/{rel}","templated":true}]}}