
{"id":501,"date":"2024-08-08T09:49:14","date_gmt":"2024-08-08T09:49:14","guid":{"rendered":"https:\/\/kromogen.mehmetalisahin.com.tr\/?page_id=501"},"modified":"2025-12-11T07:28:09","modified_gmt":"2025-12-11T07:28:09","slug":"laboratuvar-ekipmani","status":"publish","type":"page","link":"https:\/\/kromogen.com\/en\/our-products\/laboratory-equipment\/","title":{"rendered":"Laboratory Equipment"},"content":{"rendered":"<div id=\"page-header-793662612\" class=\"page-header-wrapper\">\n  <div class=\"page-title dark featured-title\">\n\n        <div class=\"page-title-bg\">\n      <div class=\"title-bg fill bg-fill\"\n        data-parallax-container=\".page-title\"\n        data-parallax-background\n data-parallax=\"-\">\n      <\/div>\n      <div class=\"title-overlay fill\"><\/div>\n    <\/div>\n    \n    <div class=\"page-title-inner container align-center flex-row medium-flex-wrap\" >\n              <div class=\"title-wrapper flex-col text-left medium-text-center\">\n          <h1 class=\"entry-title mb-0\">\n            Laboratory Equipment          <\/h1>\n        <\/div>\n                    <div class=\"title-content flex-col flex-right text-right medium-text-center\">\n        <div class=\"title-breadcrumbs pb-half pt-half\"><\/div>      <\/div>\n    <\/div>\n\n     \n<style>\n#page-header-793662612 .page-title-inner {\n  min-height: 269px;\n}\n#page-header-793662612 {\n  margin-bottom: 43px;\n}\n#page-header-793662612 .title-bg {\n  background-image: url(https:\/\/kromogen.com\/wp-content\/uploads\/2024\/08\/Sustain_report_banner2024.jpg);\n}\n<\/style>\n  <\/div>\n    <\/div>\n  \n<div class=\"row\"  id=\"row-1285349545\">\n\n\t<div id=\"col-43847968\" class=\"col small-12 large-12\"  >\n\t\t\t\t<div class=\"col-inner\"  >\n\t\t\t\n\t\t\t\n<p><strong>Avantor VWR<\/strong> and <strong>Fisher Scientific<\/strong> devices, equipment and consumables of the companies; IKA, VELP, WTW, Restek, Agilent, Waters, Sciex, Knauer, Thermo, Brand, Biochrom, Binder, Memmert, Ohaus, Sartorius, Corning, 3M, Ansell, Atago, Buchi, Retzch, Hamilton, Honeywell, Julabo, Across, Alfa Aesar, KNF, We are able to supply over million products in thousands of titles from hundreds of manufacturers such as Kimberly-Clark, Julabo, Mettler-Toledo, Miele, SI Analytics, Macharey-Nagel, Vitlab, Hichrom, Whatman, Labconco, Eppendorf, Biosan, Grant, Socorex, Hirschmann, Witeg, Hettich.<\/p>\n<p>&nbsp;<\/p>\n<p>You can also find a wide range of quality and affordable basic laboratory instruments\/equipment from our representative company JoanLab.<\/p>\n<div class=\"_df_book df-lite\" id=\"df_993\"  _slug=\"joanlab\" data-title=\"joanlab\" wpoptions=\"true\" thumbtype=\"\" ><\/div><script class=\"df-shortcode-script\" type=\"application\/javascript\">window.option_df_993 = {\"outline\":[],\"autoEnableOutline\":\"false\",\"autoEnableThumbnail\":\"false\",\"overwritePDFOutline\":\"false\",\"direction\":\"1\",\"pageSize\":\"0\",\"source\":\"https:\\\/\\\/kromogen.com\\\/wp-content\\\/uploads\\\/2025\\\/03\\\/2024-equipment-catalogue-1.pdf\",\"wpOptions\":\"true\"}; if(window.DFLIP && window.DFLIP.parseBooks){window.DFLIP.parseBooks();}<\/script>\n<p>In this context, through our own representatives and collaborations, you can get offers from us with different brand and model alternatives for your laboratory equipment needs that may not be included in the list and the most demanded list given below.<\/p>\n<ul>\n<li>Analytical \/ Precision Balance<\/li>\n<li>Moisture Analyzer<\/li>\n<li>Vacuum Pump<\/li>\n<li>Vacuum Manifold Systems<\/li>\n<li>Sizing Devices<\/li>\n<li>Centrifuges<\/li>\n<li>Magnetic Stirrers<\/li>\n<li>Heaters<\/li>\n<li>Vortex Systems<\/li>\n<li>Rotators<\/li>\n<li>Shakers<\/li>\n<li>Etuves<\/li>\n<li>Air Conditioning Cabinets<\/li>\n<li>Refrigerators and Deep Freezers<\/li>\n<li>pH Meters and Conductivity Measurement Sets and Electrodes<\/li>\n<li>Dry Block Heaters<\/li>\n<li>Titrators and Karl Fischer Systems<\/li>\n<li>Polarimeters<\/li>\n<li>Refractometers<\/li>\n<li>Rockers<\/li>\n<li>Turbidimeters<\/li>\n<li>Incubators<\/li>\n<li>Water Baths<\/li>\n<li>Ultrasonic Baths<\/li>\n<li>Rotary Evaporators<\/li>\n<li>Ultra Pure Water Systems<\/li>\n<li>Mantle Heaters<\/li>\n<li>Viscometers<\/li>\n<\/ul>\n\t\t<\/div>\n\t\t\t\t\t<\/div>\n\n\t\n<\/div>","protected":false},"excerpt":{"rendered":"","protected":false},"author":2,"featured_media":754,"parent":100,"menu_order":0,"comment_status":"closed","ping_status":"closed","template":"page-blank.php","meta":{"footnotes":""},"class_list":["post-501","page","type-page","status-publish","has-post-thumbnail","hentry"],"yoast_head":"<!-- This site is optimized with the Yoast SEO plugin v23.4 - https:\/\/yoast.com\/wordpress\/plugins\/seo\/ -->\n<title>Laboratuvar Ekipman\u0131 - Kromogen<\/title>\n<meta name=\"robots\" content=\"index, follow, max-snippet:-1, max-image-preview:large, max-video-preview:-1\" \/>\n<link rel=\"canonical\" href=\"https:\/\/kromogen.com\/en\/our-products\/laboratory-equipment\/\" \/>\n<meta property=\"og:locale\" content=\"en_US\" \/>\n<meta property=\"og:type\" content=\"article\" \/>\n<meta property=\"og:title\" content=\"Laboratuvar Ekipman\u0131 - Kromogen\" \/>\n<meta property=\"og:url\" content=\"https:\/\/kromogen.com\/en\/our-products\/laboratory-equipment\/\" \/>\n<meta property=\"og:site_name\" content=\"Kromogen\" \/>\n<meta property=\"article:modified_time\" content=\"2025-12-11T07:28:09+00:00\" \/>\n<meta property=\"og:image\" content=\"https:\/\/kromogen.com\/wp-content\/uploads\/2024\/08\/Sustain_report_banner2024-kopya.jpg\" \/>\n\t<meta property=\"og:image:width\" content=\"615\" \/>\n\t<meta property=\"og:image:height\" content=\"400\" \/>\n\t<meta property=\"og:image:type\" content=\"image\/jpeg\" \/>\n<meta name=\"twitter:card\" content=\"summary_large_image\" \/>\n<meta name=\"twitter:label1\" content=\"Est. reading time\" \/>\n\t<meta name=\"twitter:data1\" content=\"2 minutes\" \/>\n<script type=\"application\/ld+json\" class=\"yoast-schema-graph\">{\"@context\":\"https:\/\/schema.org\",\"@graph\":[{\"@type\":\"WebPage\",\"@id\":\"https:\/\/kromogen.com\/urunlerimiz\/laboratuvar-ekipmani\/\",\"url\":\"https:\/\/kromogen.com\/urunlerimiz\/laboratuvar-ekipmani\/\",\"name\":\"Laboratuvar Ekipman\u0131 - Kromogen\",\"isPartOf\":{\"@id\":\"https:\/\/kromogen.com\/#website\"},\"primaryImageOfPage\":{\"@id\":\"https:\/\/kromogen.com\/urunlerimiz\/laboratuvar-ekipmani\/#primaryimage\"},\"image\":{\"@id\":\"https:\/\/kromogen.com\/urunlerimiz\/laboratuvar-ekipmani\/#primaryimage\"},\"thumbnailUrl\":\"https:\/\/kromogen.com\/wp-content\/uploads\/2024\/08\/Sustain_report_banner2024-kopya.jpg\",\"datePublished\":\"2024-08-08T09:49:14+00:00\",\"dateModified\":\"2025-12-11T07:28:09+00:00\",\"breadcrumb\":{\"@id\":\"https:\/\/kromogen.com\/urunlerimiz\/laboratuvar-ekipmani\/#breadcrumb\"},\"inLanguage\":\"en-US\",\"potentialAction\":[{\"@type\":\"ReadAction\",\"target\":[\"https:\/\/kromogen.com\/urunlerimiz\/laboratuvar-ekipmani\/\"]}]},{\"@type\":\"ImageObject\",\"inLanguage\":\"en-US\",\"@id\":\"https:\/\/kromogen.com\/urunlerimiz\/laboratuvar-ekipmani\/#primaryimage\",\"url\":\"https:\/\/kromogen.com\/wp-content\/uploads\/2024\/08\/Sustain_report_banner2024-kopya.jpg\",\"contentUrl\":\"https:\/\/kromogen.com\/wp-content\/uploads\/2024\/08\/Sustain_report_banner2024-kopya.jpg\",\"width\":615,\"height\":400},{\"@type\":\"BreadcrumbList\",\"@id\":\"https:\/\/kromogen.com\/urunlerimiz\/laboratuvar-ekipmani\/#breadcrumb\",\"itemListElement\":[{\"@type\":\"ListItem\",\"position\":1,\"name\":\"Anasayfa\",\"item\":\"https:\/\/kromogen.com\/\"},{\"@type\":\"ListItem\",\"position\":2,\"name\":\"\u00dcR\u00dcNLER\u0130M\u0130Z\",\"item\":\"https:\/\/kromogen.com\/urunlerimiz\/\"},{\"@type\":\"ListItem\",\"position\":3,\"name\":\"Laboratuvar Ekipman\u0131\"}]},{\"@type\":\"WebSite\",\"@id\":\"https:\/\/kromogen.com\/#website\",\"url\":\"https:\/\/kromogen.com\/\",\"name\":\"Kromogen\",\"description\":\"Kromogen Biyoteknoloji\",\"potentialAction\":[{\"@type\":\"SearchAction\",\"target\":{\"@type\":\"EntryPoint\",\"urlTemplate\":\"https:\/\/kromogen.com\/?s={search_term_string}\"},\"query-input\":{\"@type\":\"PropertyValueSpecification\",\"valueRequired\":true,\"valueName\":\"search_term_string\"}}],\"inLanguage\":\"en-US\"}]}<\/script>\n<!-- \/ Yoast SEO plugin. -->","yoast_head_json":{"title":"Laboratuvar Ekipman\u0131 - Kromogen","robots":{"index":"index","follow":"follow","max-snippet":"max-snippet:-1","max-image-preview":"max-image-preview:large","max-video-preview":"max-video-preview:-1"},"canonical":"https:\/\/kromogen.com\/en\/our-products\/laboratory-equipment\/","og_locale":"en_US","og_type":"article","og_title":"Laboratuvar Ekipman\u0131 - Kromogen","og_url":"https:\/\/kromogen.com\/en\/our-products\/laboratory-equipment\/","og_site_name":"Kromogen","article_modified_time":"2025-12-11T07:28:09+00:00","og_image":[{"width":615,"height":400,"url":"https:\/\/kromogen.com\/wp-content\/uploads\/2024\/08\/Sustain_report_banner2024-kopya.jpg","type":"image\/jpeg"}],"twitter_card":"summary_large_image","twitter_misc":{"Est. reading time":"2 minutes"},"schema":{"@context":"https:\/\/schema.org","@graph":[{"@type":"WebPage","@id":"https:\/\/kromogen.com\/urunlerimiz\/laboratuvar-ekipmani\/","url":"https:\/\/kromogen.com\/urunlerimiz\/laboratuvar-ekipmani\/","name":"Laboratuvar Ekipman\u0131 - Kromogen","isPartOf":{"@id":"https:\/\/kromogen.com\/#website"},"primaryImageOfPage":{"@id":"https:\/\/kromogen.com\/urunlerimiz\/laboratuvar-ekipmani\/#primaryimage"},"image":{"@id":"https:\/\/kromogen.com\/urunlerimiz\/laboratuvar-ekipmani\/#primaryimage"},"thumbnailUrl":"https:\/\/kromogen.com\/wp-content\/uploads\/2024\/08\/Sustain_report_banner2024-kopya.jpg","datePublished":"2024-08-08T09:49:14+00:00","dateModified":"2025-12-11T07:28:09+00:00","breadcrumb":{"@id":"https:\/\/kromogen.com\/urunlerimiz\/laboratuvar-ekipmani\/#breadcrumb"},"inLanguage":"en-US","potentialAction":[{"@type":"ReadAction","target":["https:\/\/kromogen.com\/urunlerimiz\/laboratuvar-ekipmani\/"]}]},{"@type":"ImageObject","inLanguage":"en-US","@id":"https:\/\/kromogen.com\/urunlerimiz\/laboratuvar-ekipmani\/#primaryimage","url":"https:\/\/kromogen.com\/wp-content\/uploads\/2024\/08\/Sustain_report_banner2024-kopya.jpg","contentUrl":"https:\/\/kromogen.com\/wp-content\/uploads\/2024\/08\/Sustain_report_banner2024-kopya.jpg","width":615,"height":400},{"@type":"BreadcrumbList","@id":"https:\/\/kromogen.com\/urunlerimiz\/laboratuvar-ekipmani\/#breadcrumb","itemListElement":[{"@type":"ListItem","position":1,"name":"Anasayfa","item":"https:\/\/kromogen.com\/"},{"@type":"ListItem","position":2,"name":"\u00dcR\u00dcNLER\u0130M\u0130Z","item":"https:\/\/kromogen.com\/urunlerimiz\/"},{"@type":"ListItem","position":3,"name":"Laboratuvar Ekipman\u0131"}]},{"@type":"WebSite","@id":"https:\/\/kromogen.com\/#website","url":"https:\/\/kromogen.com\/","name":"Kromogen","description":"Kromogen Biyoteknoloji","potentialAction":[{"@type":"SearchAction","target":{"@type":"EntryPoint","urlTemplate":"https:\/\/kromogen.com\/?s={search_term_string}"},"query-input":{"@type":"PropertyValueSpecification","valueRequired":true,"valueName":"search_term_string"}}],"inLanguage":"en-US"}]}},"_links":{"self":[{"href":"https:\/\/kromogen.com\/en\/wp-json\/wp\/v2\/pages\/501"}],"collection":[{"href":"https:\/\/kromogen.com\/en\/wp-json\/wp\/v2\/pages"}],"about":[{"href":"https:\/\/kromogen.com\/en\/wp-json\/wp\/v2\/types\/page"}],"author":[{"embeddable":true,"href":"https:\/\/kromogen.com\/en\/wp-json\/wp\/v2\/users\/2"}],"replies":[{"embeddable":true,"href":"https:\/\/kromogen.com\/en\/wp-json\/wp\/v2\/comments?post=501"}],"version-history":[{"count":10,"href":"https:\/\/kromogen.com\/en\/wp-json\/wp\/v2\/pages\/501\/revisions"}],"predecessor-version":[{"id":1125,"href":"https:\/\/kromogen.com\/en\/wp-json\/wp\/v2\/pages\/501\/revisions\/1125"}],"up":[{"embeddable":true,"href":"https:\/\/kromogen.com\/en\/wp-json\/wp\/v2\/pages\/100"}],"wp:featuredmedia":[{"embeddable":true,"href":"https:\/\/kromogen.com\/en\/wp-json\/wp\/v2\/media\/754"}],"wp:attachment":[{"href":"https:\/\/kromogen.com\/en\/wp-json\/wp\/v2\/media?parent=501"}],"curies":[{"name":"wp","href":"https:\/\/api.w.org\/{rel}","templated":true}]}}