
{"id":499,"date":"2024-08-08T09:48:58","date_gmt":"2024-08-08T09:48:58","guid":{"rendered":"https:\/\/kromogen.mehmetalisahin.com.tr\/?page_id=499"},"modified":"2025-12-11T08:15:42","modified_gmt":"2025-12-11T08:15:42","slug":"analitik-cihaz","status":"publish","type":"page","link":"https:\/\/kromogen.com\/en\/our-products\/analytical-instrument\/","title":{"rendered":"Analytical Instrument"},"content":{"rendered":"<div class=\"banner has-hover\" id=\"banner-432161304\">\n          <div class=\"banner-inner fill\">\n        <div class=\"banner-bg fill\" >\n            <img loading=\"lazy\" decoding=\"async\" width=\"1020\" height=\"332\" src=\"https:\/\/kromogen.com\/wp-content\/uploads\/2024\/08\/308963-B3img-1024x333.jpg\" class=\"bg attachment-large size-large\" alt=\"\" \/>                                    \n                    <\/div>\n\t\t\n        <div class=\"banner-layers container\">\n            <div class=\"fill banner-link\"><\/div>            \n   <div id=\"text-box-699232248\" class=\"text-box banner-layer x0 md-x0 lg-x0 y50 md-y50 lg-y50 res-text\">\n                                <div class=\"text-box-content text dark\">\n              \n              <div class=\"text-inner text-center\">\n                  \n\t<div id=\"text-888784154\" class=\"text\">\n\t\t\n<h3><strong>Analytical Instrument<\/strong><\/h3>\n\t\t\n<style>\n#text-888784154 {\n  text-align: left;\n}\n<\/style>\n\t<\/div>\n\t\n              <\/div>\n           <\/div>\n                            \n<style>\n#text-box-699232248 {\n  width: 60%;\n}\n#text-box-699232248 .text-box-content {\n  font-size: 100%;\n}\n<\/style>\n    <\/div>\n \n        <\/div>\n      <\/div>\n\n            \n<style>\n#banner-432161304 {\n  padding-top: 269px;\n}\n#banner-432161304 .banner-bg img {\n  object-position: 7% 29%;\n}\n<\/style>\n  <\/div>\n\n\n<div class=\"row\"  id=\"row-1187409924\">\n\n\t<div id=\"col-534815127\" class=\"col small-12 large-12\"  >\n\t\t\t\t<div class=\"col-inner\"  >\n\t\t\t\n\t\t\t\n<p><strong>KromoGEN<\/strong>\u00a0With its own representatives and business partners in Turkey and the EMEA region, it offers the most suitable solutions for analysis needs in areas such as Spectroscopy, Chromatography, Thermogravimetry, Mass Spectrometry.<\/p>\n<p>You can contact us for the analytical devices listed below or for systems that are not listed but that you may need for your project.<\/p>\n<p>The most commonly supplied analytical systems:<\/p>\n<ul>\n<li><a href=\"https:\/\/kromogen.com\/en\/uv-vis-spectrophotometers\/\">UV-VIS Spectrophotometer<\/a><\/li>\n<li>HPLC<\/li>\n<li>Preparative HPLC<\/li>\n<li>BioHPLC, BioLC or FPLC<\/li>\n<li><a href=\"https:\/\/kromogen.com\/en\/expec-lcmsms-5210-triple-quadrupole-polarization-spectrometer\/\">LCMS and LCMSMS Systems<\/a><\/li>\n<li><a href=\"https:\/\/kromogen.com\/en\/gc-2000-gas-chromatograph\/\">GC- FID ECD TCD Systems<\/a><\/li>\n<li><a href=\"https:\/\/kromogen.com\/en\/gcms-and-gcmsms-gas-chromatography-polarization-spectrometer-systems\/\">GCMS and GCMSMS Systems<\/a><\/li>\n<li><a href=\"https:\/\/kromogen.com\/en\/expec-icp-oes-and-icpms-ms-inductively-coupled-plasma-spectrometers\/\">ICP-OES and ICP-MS Systems<\/a><\/li>\n<li><a href=\"https:\/\/kromogen.com\/en\/expec-580-automatic-quechers-sample-preparation-unit\/\">Automated QuEChERS Sample Preparation Unit<\/a><\/li>\n<\/ul>\n<p>&nbsp;<\/p>\n<p>You can view our catalog of Analytical Instruments and Sample Preparation Equipment below.<\/p>\n<p>&nbsp;<\/p>\n<div class=\"_df_book df-lite\" id=\"df_1131\"  _slug=\"expec-analytical-instruments\" data-title=\"expec-analytical-instruments\" wpoptions=\"true\" thumbtype=\"\" ><\/div><script class=\"df-shortcode-script\" type=\"application\/javascript\">window.option_df_1131 = {\"outline\":[],\"autoEnableOutline\":\"false\",\"autoEnableThumbnail\":\"false\",\"overwritePDFOutline\":\"false\",\"direction\":\"1\",\"pageSize\":\"0\",\"source\":\"https:\\\/\\\/kromogen.com\\\/wp-content\\\/uploads\\\/2025\\\/12\\\/EXPEC-Instrument-Catalogue.pdf\",\"wpOptions\":\"true\"}; if(window.DFLIP && window.DFLIP.parseBooks){window.DFLIP.parseBooks();}<\/script>\n<p>&nbsp;<\/p>\n<p>&nbsp;<\/p>\n<div class=\"_df_book df-lite\" id=\"df_1133\"  _slug=\"expec-pretreatment\" data-title=\"expec-pretreatment\" wpoptions=\"true\" thumbtype=\"\" ><\/div><script class=\"df-shortcode-script\" type=\"application\/javascript\">window.option_df_1133 = {\"outline\":[],\"autoEnableOutline\":\"false\",\"autoEnableThumbnail\":\"false\",\"overwritePDFOutline\":\"false\",\"direction\":\"1\",\"pageSize\":\"0\",\"source\":\"https:\\\/\\\/kromogen.com\\\/wp-content\\\/uploads\\\/2025\\\/12\\\/EXPEC-Pretreatment-Accessories.pdf\",\"wpOptions\":\"true\"}; if(window.DFLIP && window.DFLIP.parseBooks){window.DFLIP.parseBooks();}<\/script>\n<p>&nbsp;<\/p>\n<p>&nbsp;<\/p>\n\t\t<\/div>\n\t\t\t\t\t<\/div>\n\n\t\n<\/div>","protected":false},"excerpt":{"rendered":"","protected":false},"author":2,"featured_media":692,"parent":100,"menu_order":0,"comment_status":"closed","ping_status":"closed","template":"page-blank.php","meta":{"footnotes":""},"class_list":["post-499","page","type-page","status-publish","has-post-thumbnail","hentry"],"yoast_head":"<!-- This site is optimized with the Yoast SEO plugin v23.4 - https:\/\/yoast.com\/wordpress\/plugins\/seo\/ -->\n<title>Analitik Cihaz - Kromogen<\/title>\n<meta name=\"description\" content=\"Laboratuvarlar\u0131n ihtiyac\u0131 olan Kromatografo ve Spektroskopik Y\u00f6ntemler ve Analitik Cihazlar\u0131n tedari\u011fi, sat\u0131\u015f sonras\u0131 destek ve uygulamalar\u0131\" \/>\n<meta name=\"robots\" content=\"index, follow, max-snippet:-1, max-image-preview:large, max-video-preview:-1\" \/>\n<link rel=\"canonical\" href=\"https:\/\/kromogen.com\/en\/our-products\/analytical-instrument\/\" \/>\n<meta property=\"og:locale\" content=\"en_US\" \/>\n<meta property=\"og:type\" content=\"article\" \/>\n<meta property=\"og:title\" content=\"Analitik Cihaz - Kromogen\" \/>\n<meta property=\"og:description\" content=\"Laboratuvarlar\u0131n ihtiyac\u0131 olan Kromatografo ve Spektroskopik Y\u00f6ntemler ve Analitik Cihazlar\u0131n tedari\u011fi, sat\u0131\u015f sonras\u0131 destek ve uygulamalar\u0131\" \/>\n<meta property=\"og:url\" content=\"https:\/\/kromogen.com\/en\/our-products\/analytical-instrument\/\" \/>\n<meta property=\"og:site_name\" content=\"Kromogen\" \/>\n<meta property=\"article:modified_time\" content=\"2025-12-11T08:15:42+00:00\" \/>\n<meta property=\"og:image\" content=\"https:\/\/kromogen.com\/wp-content\/uploads\/2024\/08\/308963-B3img-kopya.jpg\" \/>\n\t<meta property=\"og:image:width\" content=\"766\" \/>\n\t<meta property=\"og:image:height\" content=\"400\" \/>\n\t<meta property=\"og:image:type\" content=\"image\/jpeg\" \/>\n<meta name=\"twitter:card\" content=\"summary_large_image\" \/>\n<meta name=\"twitter:label1\" content=\"Est. reading time\" \/>\n\t<meta name=\"twitter:data1\" content=\"1 minute\" \/>\n<script type=\"application\/ld+json\" class=\"yoast-schema-graph\">{\"@context\":\"https:\/\/schema.org\",\"@graph\":[{\"@type\":\"WebPage\",\"@id\":\"https:\/\/kromogen.com\/urunlerimiz\/analitik-cihaz\/\",\"url\":\"https:\/\/kromogen.com\/urunlerimiz\/analitik-cihaz\/\",\"name\":\"Analitik Cihaz - Kromogen\",\"isPartOf\":{\"@id\":\"https:\/\/kromogen.com\/#website\"},\"primaryImageOfPage\":{\"@id\":\"https:\/\/kromogen.com\/urunlerimiz\/analitik-cihaz\/#primaryimage\"},\"image\":{\"@id\":\"https:\/\/kromogen.com\/urunlerimiz\/analitik-cihaz\/#primaryimage\"},\"thumbnailUrl\":\"https:\/\/kromogen.com\/wp-content\/uploads\/2024\/08\/308963-B3img-kopya.jpg\",\"datePublished\":\"2024-08-08T09:48:58+00:00\",\"dateModified\":\"2025-12-11T08:15:42+00:00\",\"description\":\"Laboratuvarlar\u0131n ihtiyac\u0131 olan Kromatografo ve Spektroskopik Y\u00f6ntemler ve Analitik Cihazlar\u0131n tedari\u011fi, sat\u0131\u015f sonras\u0131 destek ve uygulamalar\u0131\",\"breadcrumb\":{\"@id\":\"https:\/\/kromogen.com\/urunlerimiz\/analitik-cihaz\/#breadcrumb\"},\"inLanguage\":\"en-US\",\"potentialAction\":[{\"@type\":\"ReadAction\",\"target\":[\"https:\/\/kromogen.com\/urunlerimiz\/analitik-cihaz\/\"]}]},{\"@type\":\"ImageObject\",\"inLanguage\":\"en-US\",\"@id\":\"https:\/\/kromogen.com\/urunlerimiz\/analitik-cihaz\/#primaryimage\",\"url\":\"https:\/\/kromogen.com\/wp-content\/uploads\/2024\/08\/308963-B3img-kopya.jpg\",\"contentUrl\":\"https:\/\/kromogen.com\/wp-content\/uploads\/2024\/08\/308963-B3img-kopya.jpg\",\"width\":766,\"height\":400},{\"@type\":\"BreadcrumbList\",\"@id\":\"https:\/\/kromogen.com\/urunlerimiz\/analitik-cihaz\/#breadcrumb\",\"itemListElement\":[{\"@type\":\"ListItem\",\"position\":1,\"name\":\"Anasayfa\",\"item\":\"https:\/\/kromogen.com\/\"},{\"@type\":\"ListItem\",\"position\":2,\"name\":\"\u00dcR\u00dcNLER\u0130M\u0130Z\",\"item\":\"https:\/\/kromogen.com\/urunlerimiz\/\"},{\"@type\":\"ListItem\",\"position\":3,\"name\":\"Analitik Cihaz\"}]},{\"@type\":\"WebSite\",\"@id\":\"https:\/\/kromogen.com\/#website\",\"url\":\"https:\/\/kromogen.com\/\",\"name\":\"Kromogen\",\"description\":\"Kromogen Biyoteknoloji\",\"potentialAction\":[{\"@type\":\"SearchAction\",\"target\":{\"@type\":\"EntryPoint\",\"urlTemplate\":\"https:\/\/kromogen.com\/?s={search_term_string}\"},\"query-input\":{\"@type\":\"PropertyValueSpecification\",\"valueRequired\":true,\"valueName\":\"search_term_string\"}}],\"inLanguage\":\"en-US\"}]}<\/script>\n<!-- \/ Yoast SEO plugin. -->","yoast_head_json":{"title":"Analitik Cihaz - Kromogen","description":"Laboratuvarlar\u0131n ihtiyac\u0131 olan Kromatografo ve Spektroskopik Y\u00f6ntemler ve Analitik Cihazlar\u0131n tedari\u011fi, sat\u0131\u015f sonras\u0131 destek ve uygulamalar\u0131","robots":{"index":"index","follow":"follow","max-snippet":"max-snippet:-1","max-image-preview":"max-image-preview:large","max-video-preview":"max-video-preview:-1"},"canonical":"https:\/\/kromogen.com\/en\/our-products\/analytical-instrument\/","og_locale":"en_US","og_type":"article","og_title":"Analitik Cihaz - Kromogen","og_description":"Laboratuvarlar\u0131n ihtiyac\u0131 olan Kromatografo ve Spektroskopik Y\u00f6ntemler ve Analitik Cihazlar\u0131n tedari\u011fi, sat\u0131\u015f sonras\u0131 destek ve uygulamalar\u0131","og_url":"https:\/\/kromogen.com\/en\/our-products\/analytical-instrument\/","og_site_name":"Kromogen","article_modified_time":"2025-12-11T08:15:42+00:00","og_image":[{"width":766,"height":400,"url":"https:\/\/kromogen.com\/wp-content\/uploads\/2024\/08\/308963-B3img-kopya.jpg","type":"image\/jpeg"}],"twitter_card":"summary_large_image","twitter_misc":{"Est. reading time":"1 minute"},"schema":{"@context":"https:\/\/schema.org","@graph":[{"@type":"WebPage","@id":"https:\/\/kromogen.com\/urunlerimiz\/analitik-cihaz\/","url":"https:\/\/kromogen.com\/urunlerimiz\/analitik-cihaz\/","name":"Analitik Cihaz - Kromogen","isPartOf":{"@id":"https:\/\/kromogen.com\/#website"},"primaryImageOfPage":{"@id":"https:\/\/kromogen.com\/urunlerimiz\/analitik-cihaz\/#primaryimage"},"image":{"@id":"https:\/\/kromogen.com\/urunlerimiz\/analitik-cihaz\/#primaryimage"},"thumbnailUrl":"https:\/\/kromogen.com\/wp-content\/uploads\/2024\/08\/308963-B3img-kopya.jpg","datePublished":"2024-08-08T09:48:58+00:00","dateModified":"2025-12-11T08:15:42+00:00","description":"Laboratuvarlar\u0131n ihtiyac\u0131 olan Kromatografo ve Spektroskopik Y\u00f6ntemler ve Analitik Cihazlar\u0131n tedari\u011fi, sat\u0131\u015f sonras\u0131 destek ve uygulamalar\u0131","breadcrumb":{"@id":"https:\/\/kromogen.com\/urunlerimiz\/analitik-cihaz\/#breadcrumb"},"inLanguage":"en-US","potentialAction":[{"@type":"ReadAction","target":["https:\/\/kromogen.com\/urunlerimiz\/analitik-cihaz\/"]}]},{"@type":"ImageObject","inLanguage":"en-US","@id":"https:\/\/kromogen.com\/urunlerimiz\/analitik-cihaz\/#primaryimage","url":"https:\/\/kromogen.com\/wp-content\/uploads\/2024\/08\/308963-B3img-kopya.jpg","contentUrl":"https:\/\/kromogen.com\/wp-content\/uploads\/2024\/08\/308963-B3img-kopya.jpg","width":766,"height":400},{"@type":"BreadcrumbList","@id":"https:\/\/kromogen.com\/urunlerimiz\/analitik-cihaz\/#breadcrumb","itemListElement":[{"@type":"ListItem","position":1,"name":"Anasayfa","item":"https:\/\/kromogen.com\/"},{"@type":"ListItem","position":2,"name":"\u00dcR\u00dcNLER\u0130M\u0130Z","item":"https:\/\/kromogen.com\/urunlerimiz\/"},{"@type":"ListItem","position":3,"name":"Analitik Cihaz"}]},{"@type":"WebSite","@id":"https:\/\/kromogen.com\/#website","url":"https:\/\/kromogen.com\/","name":"Kromogen","description":"Kromogen Biyoteknoloji","potentialAction":[{"@type":"SearchAction","target":{"@type":"EntryPoint","urlTemplate":"https:\/\/kromogen.com\/?s={search_term_string}"},"query-input":{"@type":"PropertyValueSpecification","valueRequired":true,"valueName":"search_term_string"}}],"inLanguage":"en-US"}]}},"_links":{"self":[{"href":"https:\/\/kromogen.com\/en\/wp-json\/wp\/v2\/pages\/499"}],"collection":[{"href":"https:\/\/kromogen.com\/en\/wp-json\/wp\/v2\/pages"}],"about":[{"href":"https:\/\/kromogen.com\/en\/wp-json\/wp\/v2\/types\/page"}],"author":[{"embeddable":true,"href":"https:\/\/kromogen.com\/en\/wp-json\/wp\/v2\/users\/2"}],"replies":[{"embeddable":true,"href":"https:\/\/kromogen.com\/en\/wp-json\/wp\/v2\/comments?post=499"}],"version-history":[{"count":20,"href":"https:\/\/kromogen.com\/en\/wp-json\/wp\/v2\/pages\/499\/revisions"}],"predecessor-version":[{"id":1140,"href":"https:\/\/kromogen.com\/en\/wp-json\/wp\/v2\/pages\/499\/revisions\/1140"}],"up":[{"embeddable":true,"href":"https:\/\/kromogen.com\/en\/wp-json\/wp\/v2\/pages\/100"}],"wp:featuredmedia":[{"embeddable":true,"href":"https:\/\/kromogen.com\/en\/wp-json\/wp\/v2\/media\/692"}],"wp:attachment":[{"href":"https:\/\/kromogen.com\/en\/wp-json\/wp\/v2\/media?parent=499"}],"curies":[{"name":"wp","href":"https:\/\/api.w.org\/{rel}","templated":true}]}}