
{"id":22,"date":"2024-08-02T08:21:43","date_gmt":"2024-08-02T08:21:43","guid":{"rendered":"https:\/\/kromogen.mehmetalisahin.com.tr\/?page_id=22"},"modified":"2025-12-11T07:41:21","modified_gmt":"2025-12-11T07:41:21","slug":"temsilcilikler","status":"publish","type":"page","link":"https:\/\/kromogen.com\/en\/about-us\/representative-offices\/","title":{"rendered":"REPRESENTATIONS"},"content":{"rendered":"<p><strong>KromoGEN<\/strong> In more than 15 years of service adventure, cooperation with universities and rare research institutions of our country; patented with its own R&amp;D Laboratory and production facility <strong>ChromeX<\/strong> products, and has some specific products manufactured under its own brand name as OEM in some of the world's leading factories.<\/p>\n<p>In addition, in the field of Molecular Biology and Genetics <strong>Thermo Fisher, Oxoid<\/strong>, <strong>Remel<\/strong>, <strong>Applied Biosystems<\/strong>, <strong>Hygiena<\/strong>\u00a0is the representative of such important brands in Turkey and regional countries.<\/p>\n<p><img loading=\"lazy\" decoding=\"async\" class=\"size-medium wp-image-784 aligncenter\" src=\"https:\/\/kromogen.com\/wp-content\/uploads\/2024\/08\/Oxoid-300x126.png\" alt=\"\" width=\"300\" height=\"126\" srcset=\"https:\/\/kromogen.com\/wp-content\/uploads\/2024\/08\/Oxoid-300x126.png 300w, https:\/\/kromogen.com\/wp-content\/uploads\/2024\/08\/Oxoid-1024x431.png 1024w, https:\/\/kromogen.com\/wp-content\/uploads\/2024\/08\/Oxoid-768x323.png 768w, https:\/\/kromogen.com\/wp-content\/uploads\/2024\/08\/Oxoid.png 1370w\" sizes=\"(max-width: 300px) 100vw, 300px\" \/><img loading=\"lazy\" decoding=\"async\" class=\"alignnone aligncenter\" src=\"https:\/\/foodindustryexecutive.com\/wp-content\/uploads\/2022\/10\/hygiena-logo-retina.png\" alt=\"Hygiena\u00ae Launches New SureTrend\u00ae Cloud Food Safety Software as a Solution - Food Industry Executive\" width=\"336\" height=\"89\" \/><\/p>\n<p>&nbsp;<\/p>\n<p>Under the umbrella of Danaher<a href=\"https:\/\/kromogen.com\/en\/phenomenex\/\"><strong> Phenomenex<\/strong><\/a>is the world leader in Chromatography products. You can contact our experts for all products from HPLC, GC columns to SPE cartridges; Filters and Vials to Reference Standards. You can get help for the use of the most accurate products in your methods; By learning the alternatives of the products you use from different brands, you can add quality solutions to your analyzes. KromoGEN is the distributor of Phenomenex in Turkey, TRNC, Azerbaijan, all Turkic Republics and other regional countries on project basis.<\/p>\n<p>&nbsp;<\/p>\n<p><a href=\"https:\/\/kromogen.com\/en\/our-products\/phenomenex\/\"><img loading=\"lazy\" decoding=\"async\" class=\"aligncenter wp-image-1073 size-full\" src=\"https:\/\/kromogen.com\/wp-content\/uploads\/2025\/04\/WhatsApp-Image-2025-04-07-at-09.50.47.jpeg\" alt=\"\" width=\"780\" height=\"430\" srcset=\"https:\/\/kromogen.com\/wp-content\/uploads\/2025\/04\/WhatsApp-Image-2025-04-07-at-09.50.47.jpeg 780w, https:\/\/kromogen.com\/wp-content\/uploads\/2025\/04\/WhatsApp-Image-2025-04-07-at-09.50.47-300x165.jpeg 300w, https:\/\/kromogen.com\/wp-content\/uploads\/2025\/04\/WhatsApp-Image-2025-04-07-at-09.50.47-768x423.jpeg 768w, https:\/\/kromogen.com\/wp-content\/uploads\/2025\/04\/WhatsApp-Image-2025-04-07-at-09.50.47-18x10.jpeg 18w\" sizes=\"(max-width: 780px) 100vw, 780px\" \/><\/a><\/p>\n<p><a href=\"https:\/\/kromogen.com\/en\/our-products\/analytical-instrument\/\"><strong>EXPEC Tehnology<\/strong><\/a>is China's leading company in the Analytical Instruments industry. LCMSMS, GCMS\/MS, Automated QuEChERS Sample Preparation Systems, Medical LCMS Solutions, ICP, ICPMS, Microwave Combustion Unit, Titration Systems, Online Monitoring Systems, Metal analyzers, etc. It serves with dozens of patented devices and equipment. <strong>KromoGEN<\/strong> for your special projects and analysis needs <strong>EXPEC<\/strong> EXCLUSIVE (Sole\/Exclusive) also serves you as Turkey Distributor.<\/p>\n<p>&nbsp;<\/p>\n<p><a href=\"https:\/\/kromogen.com\/en\/our-products\/analytical-instrument\/\"><img loading=\"lazy\" decoding=\"async\" class=\"wp-image-1126 size-full aligncenter\" src=\"https:\/\/kromogen.com\/wp-content\/uploads\/2025\/12\/EXPEC-logo.png\" alt=\"\" width=\"584\" height=\"178\" srcset=\"https:\/\/kromogen.com\/wp-content\/uploads\/2025\/12\/EXPEC-logo.png 584w, https:\/\/kromogen.com\/wp-content\/uploads\/2025\/12\/EXPEC-logo-300x91.png 300w, https:\/\/kromogen.com\/wp-content\/uploads\/2025\/12\/EXPEC-logo-18x5.png 18w\" sizes=\"(max-width: 584px) 100vw, 584px\" \/><\/a><\/p>\n<p>&nbsp;<\/p>\n<p>Our registered trademark in Analytical Group products <strong>ChromeX<\/strong> products to laboratories with high quality and affordable prices, while at the same time <strong>Avantor VWR and Fisher Scientific <\/strong>\u00a0devices, equipment and consumables of the companies; IKA, VELP, WTW, Restek, Agilent, Waters, Sciex, Knauer, Thermo, Brand, Biochrom, Binder, Memmert, Ohaus, Sartorius, Corning, 3M, Ansell, Atago, Buchi, Retzch, Hamilton, Honeywell, Julabo, Across, Alfa Aesar, KNF, Kimberly-Clark, We are able to supply over million products in thousands of titles from hundreds of manufacturers such as Julabo, Mettler-Toledo, Miele, SI Analytics, Macharey-Nagel, Vitlab, Hichrom, Whatman, Labconco, Eppendorf, Biosan, Grant, Socorex, Hirschmann, Witeg, Hettich.<\/p>\n<p>&nbsp;<\/p>\n<p>World Chemical giant for your Analytical Chemical needs <strong>Merck<\/strong> We are also at your side for the chemical supplies of your laboratories, especially the best-selling products with stock.<\/p>\n<p><strong><img loading=\"lazy\" decoding=\"async\" class=\"size-full wp-image-850 aligncenter\" src=\"https:\/\/kromogen.com\/wp-content\/uploads\/2024\/10\/images.png\" alt=\"\" width=\"300\" height=\"168\" srcset=\"https:\/\/kromogen.com\/wp-content\/uploads\/2024\/10\/images.png 300w, https:\/\/kromogen.com\/wp-content\/uploads\/2024\/10\/images-18x10.png 18w\" sizes=\"(max-width: 300px) 100vw, 300px\" \/><\/strong><\/p>\n<p>&nbsp;<\/p>","protected":false},"excerpt":{"rendered":"<p>In more than 15 years of service adventure, KromoGEN cooperates with universities and rare research institutions of our country; manufactures patented KromX products with its own R&amp;D Laboratory and production facility, and manufactures some specific products under its own brand as OEM in the world's leading factories. In addition to this, in the field of Molecular Biology and Genetics, important brands such as Thermo Fisher, Oxoid, Remel, Applied Biosystems, Hygiena in Turkey and [...]","protected":false},"author":1,"featured_media":0,"parent":20,"menu_order":0,"comment_status":"closed","ping_status":"closed","template":"","meta":{"footnotes":""},"class_list":["post-22","page","type-page","status-publish","hentry"],"yoast_head":"<!-- This site is optimized with the Yoast SEO plugin v23.4 - https:\/\/yoast.com\/wordpress\/plugins\/seo\/ -->\n<title>TEMS\u0130LC\u0130L\u0130KLER - Kromogen<\/title>\n<meta name=\"robots\" content=\"index, follow, max-snippet:-1, max-image-preview:large, max-video-preview:-1\" \/>\n<link rel=\"canonical\" href=\"https:\/\/kromogen.com\/en\/about-us\/representative-offices\/\" \/>\n<meta property=\"og:locale\" content=\"en_US\" \/>\n<meta property=\"og:type\" content=\"article\" \/>\n<meta property=\"og:title\" content=\"TEMS\u0130LC\u0130L\u0130KLER - Kromogen\" \/>\n<meta property=\"og:description\" content=\"KromoGEN 15 y\u0131l\u0131 a\u015fk\u0131n hizmet ser\u00fcveninde \u00fcniversiteler ve \u00fclkemizin nadide ara\u015ft\u0131rma kurumlar\u0131yla i\u015fbirli\u011fi; kendi Ar&amp;Ge Laboratuvar\u0131 ve \u00fcretim tesisi maharetiyle patentli KromX \u00fcr\u00fcnlerini \u00fcretmekte, baz\u0131 spesifik \u00fcr\u00fcnleri d\u00fcnyan\u0131n say\u0131l\u0131 fabrikalar\u0131nda OEM olarak kendi markas\u0131 alt\u0131nda \u00fcrettirmektedir. Bunun yan\u0131 s\u0131ra Molek\u00fcler Biyoloji ve Genetik alan\u0131nda Thermo Fisher, Oxoid, Remel, Applied Biosystems, Hygiena\u00a0gibi \u00f6nemli markalar\u0131n T\u00fcrkiye ve [...]\" \/>\n<meta property=\"og:url\" content=\"https:\/\/kromogen.com\/en\/about-us\/representative-offices\/\" \/>\n<meta property=\"og:site_name\" content=\"Kromogen\" \/>\n<meta property=\"article:modified_time\" content=\"2025-12-11T07:41:21+00:00\" \/>\n<meta property=\"og:image\" content=\"https:\/\/kromogen.com\/wp-content\/uploads\/2024\/08\/Oxoid-300x126.png\" \/>\n<meta name=\"twitter:card\" content=\"summary_large_image\" \/>\n<meta name=\"twitter:label1\" content=\"Est. reading time\" \/>\n\t<meta name=\"twitter:data1\" content=\"3 minutes\" \/>\n<script type=\"application\/ld+json\" class=\"yoast-schema-graph\">{\"@context\":\"https:\/\/schema.org\",\"@graph\":[{\"@type\":\"WebPage\",\"@id\":\"https:\/\/kromogen.com\/hakkimizda\/temsilcilikler\/\",\"url\":\"https:\/\/kromogen.com\/hakkimizda\/temsilcilikler\/\",\"name\":\"TEMS\u0130LC\u0130L\u0130KLER - Kromogen\",\"isPartOf\":{\"@id\":\"https:\/\/kromogen.com\/#website\"},\"primaryImageOfPage\":{\"@id\":\"https:\/\/kromogen.com\/hakkimizda\/temsilcilikler\/#primaryimage\"},\"image\":{\"@id\":\"https:\/\/kromogen.com\/hakkimizda\/temsilcilikler\/#primaryimage\"},\"thumbnailUrl\":\"https:\/\/kromogen.com\/wp-content\/uploads\/2024\/08\/Oxoid-300x126.png\",\"datePublished\":\"2024-08-02T08:21:43+00:00\",\"dateModified\":\"2025-12-11T07:41:21+00:00\",\"breadcrumb\":{\"@id\":\"https:\/\/kromogen.com\/hakkimizda\/temsilcilikler\/#breadcrumb\"},\"inLanguage\":\"en-US\",\"potentialAction\":[{\"@type\":\"ReadAction\",\"target\":[\"https:\/\/kromogen.com\/hakkimizda\/temsilcilikler\/\"]}]},{\"@type\":\"ImageObject\",\"inLanguage\":\"en-US\",\"@id\":\"https:\/\/kromogen.com\/hakkimizda\/temsilcilikler\/#primaryimage\",\"url\":\"https:\/\/kromogen.com\/wp-content\/uploads\/2024\/08\/Oxoid-300x126.png\",\"contentUrl\":\"https:\/\/kromogen.com\/wp-content\/uploads\/2024\/08\/Oxoid-300x126.png\"},{\"@type\":\"BreadcrumbList\",\"@id\":\"https:\/\/kromogen.com\/hakkimizda\/temsilcilikler\/#breadcrumb\",\"itemListElement\":[{\"@type\":\"ListItem\",\"position\":1,\"name\":\"Anasayfa\",\"item\":\"https:\/\/kromogen.com\/\"},{\"@type\":\"ListItem\",\"position\":2,\"name\":\"Hakk\u0131m\u0131zda\",\"item\":\"https:\/\/kromogen.com\/hakkimizda\/\"},{\"@type\":\"ListItem\",\"position\":3,\"name\":\"TEMS\u0130LC\u0130L\u0130KLER\"}]},{\"@type\":\"WebSite\",\"@id\":\"https:\/\/kromogen.com\/#website\",\"url\":\"https:\/\/kromogen.com\/\",\"name\":\"Kromogen\",\"description\":\"Kromogen Biyoteknoloji\",\"potentialAction\":[{\"@type\":\"SearchAction\",\"target\":{\"@type\":\"EntryPoint\",\"urlTemplate\":\"https:\/\/kromogen.com\/?s={search_term_string}\"},\"query-input\":{\"@type\":\"PropertyValueSpecification\",\"valueRequired\":true,\"valueName\":\"search_term_string\"}}],\"inLanguage\":\"en-US\"}]}<\/script>\n<!-- \/ Yoast SEO plugin. -->","yoast_head_json":{"title":"TEMS\u0130LC\u0130L\u0130KLER - Kromogen","robots":{"index":"index","follow":"follow","max-snippet":"max-snippet:-1","max-image-preview":"max-image-preview:large","max-video-preview":"max-video-preview:-1"},"canonical":"https:\/\/kromogen.com\/en\/about-us\/representative-offices\/","og_locale":"en_US","og_type":"article","og_title":"TEMS\u0130LC\u0130L\u0130KLER - Kromogen","og_description":"KromoGEN 15 y\u0131l\u0131 a\u015fk\u0131n hizmet ser\u00fcveninde \u00fcniversiteler ve \u00fclkemizin nadide ara\u015ft\u0131rma kurumlar\u0131yla i\u015fbirli\u011fi; kendi Ar&amp;Ge Laboratuvar\u0131 ve \u00fcretim tesisi maharetiyle patentli KromX \u00fcr\u00fcnlerini \u00fcretmekte, baz\u0131 spesifik \u00fcr\u00fcnleri d\u00fcnyan\u0131n say\u0131l\u0131 fabrikalar\u0131nda OEM olarak kendi markas\u0131 alt\u0131nda \u00fcrettirmektedir. Bunun yan\u0131 s\u0131ra Molek\u00fcler Biyoloji ve Genetik alan\u0131nda Thermo Fisher, Oxoid, Remel, Applied Biosystems, Hygiena\u00a0gibi \u00f6nemli markalar\u0131n T\u00fcrkiye ve [...]","og_url":"https:\/\/kromogen.com\/en\/about-us\/representative-offices\/","og_site_name":"Kromogen","article_modified_time":"2025-12-11T07:41:21+00:00","og_image":[{"url":"https:\/\/kromogen.com\/wp-content\/uploads\/2024\/08\/Oxoid-300x126.png"}],"twitter_card":"summary_large_image","twitter_misc":{"Est. reading time":"3 minutes"},"schema":{"@context":"https:\/\/schema.org","@graph":[{"@type":"WebPage","@id":"https:\/\/kromogen.com\/hakkimizda\/temsilcilikler\/","url":"https:\/\/kromogen.com\/hakkimizda\/temsilcilikler\/","name":"TEMS\u0130LC\u0130L\u0130KLER - Kromogen","isPartOf":{"@id":"https:\/\/kromogen.com\/#website"},"primaryImageOfPage":{"@id":"https:\/\/kromogen.com\/hakkimizda\/temsilcilikler\/#primaryimage"},"image":{"@id":"https:\/\/kromogen.com\/hakkimizda\/temsilcilikler\/#primaryimage"},"thumbnailUrl":"https:\/\/kromogen.com\/wp-content\/uploads\/2024\/08\/Oxoid-300x126.png","datePublished":"2024-08-02T08:21:43+00:00","dateModified":"2025-12-11T07:41:21+00:00","breadcrumb":{"@id":"https:\/\/kromogen.com\/hakkimizda\/temsilcilikler\/#breadcrumb"},"inLanguage":"en-US","potentialAction":[{"@type":"ReadAction","target":["https:\/\/kromogen.com\/hakkimizda\/temsilcilikler\/"]}]},{"@type":"ImageObject","inLanguage":"en-US","@id":"https:\/\/kromogen.com\/hakkimizda\/temsilcilikler\/#primaryimage","url":"https:\/\/kromogen.com\/wp-content\/uploads\/2024\/08\/Oxoid-300x126.png","contentUrl":"https:\/\/kromogen.com\/wp-content\/uploads\/2024\/08\/Oxoid-300x126.png"},{"@type":"BreadcrumbList","@id":"https:\/\/kromogen.com\/hakkimizda\/temsilcilikler\/#breadcrumb","itemListElement":[{"@type":"ListItem","position":1,"name":"Anasayfa","item":"https:\/\/kromogen.com\/"},{"@type":"ListItem","position":2,"name":"Hakk\u0131m\u0131zda","item":"https:\/\/kromogen.com\/hakkimizda\/"},{"@type":"ListItem","position":3,"name":"TEMS\u0130LC\u0130L\u0130KLER"}]},{"@type":"WebSite","@id":"https:\/\/kromogen.com\/#website","url":"https:\/\/kromogen.com\/","name":"Kromogen","description":"Kromogen Biyoteknoloji","potentialAction":[{"@type":"SearchAction","target":{"@type":"EntryPoint","urlTemplate":"https:\/\/kromogen.com\/?s={search_term_string}"},"query-input":{"@type":"PropertyValueSpecification","valueRequired":true,"valueName":"search_term_string"}}],"inLanguage":"en-US"}]}},"_links":{"self":[{"href":"https:\/\/kromogen.com\/en\/wp-json\/wp\/v2\/pages\/22"}],"collection":[{"href":"https:\/\/kromogen.com\/en\/wp-json\/wp\/v2\/pages"}],"about":[{"href":"https:\/\/kromogen.com\/en\/wp-json\/wp\/v2\/types\/page"}],"author":[{"embeddable":true,"href":"https:\/\/kromogen.com\/en\/wp-json\/wp\/v2\/users\/1"}],"replies":[{"embeddable":true,"href":"https:\/\/kromogen.com\/en\/wp-json\/wp\/v2\/comments?post=22"}],"version-history":[{"count":21,"href":"https:\/\/kromogen.com\/en\/wp-json\/wp\/v2\/pages\/22\/revisions"}],"predecessor-version":[{"id":1139,"href":"https:\/\/kromogen.com\/en\/wp-json\/wp\/v2\/pages\/22\/revisions\/1139"}],"up":[{"embeddable":true,"href":"https:\/\/kromogen.com\/en\/wp-json\/wp\/v2\/pages\/20"}],"wp:attachment":[{"href":"https:\/\/kromogen.com\/en\/wp-json\/wp\/v2\/media?parent=22"}],"curies":[{"name":"wp","href":"https:\/\/api.w.org\/{rel}","templated":true}]}}