
{"id":147,"date":"2024-08-07T03:10:52","date_gmt":"2024-08-07T03:10:52","guid":{"rendered":"https:\/\/kromogen.mehmetalisahin.com.tr\/?page_id=147"},"modified":"2025-05-06T08:58:16","modified_gmt":"2025-05-06T08:58:16","slug":"iletisim","status":"publish","type":"page","link":"https:\/\/kromogen.com\/en\/contact\/","title":{"rendered":"CONTACT"},"content":{"rendered":"<div class=\"banner has-hover\" id=\"banner-949026870\">\n          <div class=\"banner-inner fill\">\n        <div class=\"banner-bg fill\" >\n            <img loading=\"lazy\" decoding=\"async\" width=\"1020\" height=\"583\" src=\"https:\/\/kromogen.com\/wp-content\/uploads\/2024\/08\/23661-1024x585.jpg\" class=\"bg attachment-large size-large\" alt=\"\" \/>                        <div class=\"overlay\"><\/div>            \n                    <\/div>\n\t\t\n        <div class=\"banner-layers container\">\n            <div class=\"fill banner-link\"><\/div>            \n   <div id=\"text-box-2095761501\" class=\"text-box banner-layer x5 md-x5 lg-x5 y100 md-y100 lg-y100 res-text\">\n                                <div class=\"text-box-content text dark\">\n              \n              <div class=\"text-inner text-left\">\n                  \n\t<div id=\"text-3935501161\" class=\"text\">\n\t\t\n<h3><strong>Contact\u00a0<\/strong><\/h3>\n\t\t\n<style>\n#text-3935501161 {\n  color: #c00d0d;\n}\n#text-3935501161 > * {\n  color: #c00d0d;\n}\n<\/style>\n\t<\/div>\n\t\n              <\/div>\n           <\/div>\n                            \n<style>\n#text-box-2095761501 {\n  width: 60%;\n}\n#text-box-2095761501 .text-box-content {\n  font-size: 100%;\n}\n<\/style>\n    <\/div>\n \n        <\/div>\n      <\/div>\n\n            \n<style>\n#banner-949026870 {\n  padding-top: 50px;\n  background-color: rgba(19, 18, 18, 0.913);\n}\n#banner-949026870 .overlay {\n  background-color: rgba(255, 255, 255, 0.5);\n}\n<\/style>\n  <\/div>\n\n\n<div class=\"row\"  id=\"row-1174224424\">\n\n\t<div id=\"col-1175708364\" class=\"col medium-6 small-12 large-6\"  >\n\t\t\t\t<div class=\"col-inner\"  >\n\t\t\t\n\t\t\t\n<p><strong><b>KromoGEN BURSA<\/b><\/strong><\/p>\n<p><i class=\"icon-map-marker icon-magenta pull-left\"><\/i>Alaaddinbey Mh. 186. \u0130simsiz Sk. No:1H<br \/>\nNil\u00fcfer-BURSA \/ TURKEY<\/p>\n<p><i class=\"icon-envelope\"><\/i><img loading=\"lazy\" decoding=\"async\" class=\"alignnone wp-image-178\" src=\"https:\/\/kromogen.com\/wp-content\/uploads\/2024\/08\/mail-open-fill-150x150.png\" alt=\"\" width=\"35\" height=\"35\" srcset=\"https:\/\/kromogen.com\/wp-content\/uploads\/2024\/08\/mail-open-fill-150x150.png 150w, https:\/\/kromogen.com\/wp-content\/uploads\/2024\/08\/mail-open-fill.png 240w\" sizes=\"(max-width: 35px) 100vw, 35px\" \/> <strong>E-Mail:<\/strong> <a href=\"mailto:info@kromogen.com\">info@kromogen.com<\/a><\/p>\n<p><img loading=\"lazy\" decoding=\"async\" class=\"alignnone wp-image-179\" src=\"https:\/\/kromogen.com\/wp-content\/uploads\/2024\/08\/phone-fill-150x150.png\" alt=\"\" width=\"28\" height=\"28\" srcset=\"https:\/\/kromogen.com\/wp-content\/uploads\/2024\/08\/phone-fill-150x150.png 150w, https:\/\/kromogen.com\/wp-content\/uploads\/2024\/08\/phone-fill.png 240w\" sizes=\"(max-width: 28px) 100vw, 28px\" \/> <strong>Phone:<\/strong>\u00a0 +90 (224) 211 5712<\/p>\n<p><img loading=\"lazy\" decoding=\"async\" class=\"alignnone wp-image-210\" src=\"https:\/\/kromogen.com\/wp-content\/uploads\/2024\/08\/fax-150x150.png\" alt=\"\" width=\"39\" height=\"39\" srcset=\"https:\/\/kromogen.com\/wp-content\/uploads\/2024\/08\/fax-150x150.png 150w, https:\/\/kromogen.com\/wp-content\/uploads\/2024\/08\/fax-300x300.png 300w, https:\/\/kromogen.com\/wp-content\/uploads\/2024\/08\/fax.png 512w\" sizes=\"(max-width: 39px) 100vw, 39px\" \/> <strong>Fax:<\/strong>\u00a0 \u00a0 \u00a0+90 (224) 211 5713<\/p>\n<p><strong><b>KromoGEN ISTANBUL<\/b><\/strong><\/p>\n<p><i class=\"icon-map-marker pull-left\"><\/i>Giray Plaza No:1\/3 Nar\u00e7i\u00e7e\u011fi Sk. Inonu Mh.<br \/>\nAtasehir-ISTANBUL \/ TURKEY<\/p>\n<span class=\"scroll-to\" data-label=\"Scroll to: #iletisim-formu\" data-bullet=\"true\" data-link=\"#iletisim-formu\" data-title=\"iletisim-formu\" ><a name=\"iletisim-formu\"><\/a><\/span>\n<p>&nbsp;<\/p>\n<p>&nbsp;<\/p>\n<p>&nbsp;<\/p>\n<p><strong>Contact and Offer Form<\/strong><\/p>\n<p><!--more--><\/p>\n\n<div id=\"quform-a3291b\" class=\"quform quform-1 quform-support-page-caching\"><form id=\"quform-form-a3291b\" class=\"quform-form quform-form-1\" action=\"\/en\/wp-json\/wp\/v2\/pages\/147#quform-a3291b\" method=\"post\" enctype=\"multipart\/form-data\" novalidate=\"novalidate\" data-options=\"{&quot;id&quot;:1,&quot;uniqueId&quot;:&quot;a3291b&quot;,&quot;theme&quot;:&quot;&quot;,&quot;ajax&quot;:true,&quot;logic&quot;:{&quot;logic&quot;:[],&quot;dependents&quot;:[],&quot;elementIds&quot;:[],&quot;dependentElementIds&quot;:[],&quot;animate&quot;:true},&quot;currentPageId&quot;:1,&quot;errorsIcon&quot;:&quot;&quot;,&quot;updateFancybox&quot;:true,&quot;hasPages&quot;:false,&quot;pages&quot;:[1],&quot;pageProgressType&quot;:&quot;numbers&quot;,&quot;tooltipsEnabled&quot;:true,&quot;tooltipClasses&quot;:&quot;qtip-quform-dark qtip-shadow&quot;,&quot;tooltipMy&quot;:&quot;left center&quot;,&quot;tooltipAt&quot;:&quot;right center&quot;,&quot;isRtl&quot;:false,&quot;scrollOffset&quot;:-50,&quot;scrollSpeed&quot;:800}\" data-trp-original-action=\"\/en\/wp-json\/wp\/v2\/pages\/147#quform-a3291b\"><button class=\"quform-default-submit\" name=\"quform_submit\" type=\"submit\" value=\"submit\" aria-hidden=\"true\" tabindex=\"-1\"><\/button><div class=\"quform-form-inner quform-form-inner-1\"><input type=\"hidden\" name=\"quform_form_id\" value=\"1\" \/><input type=\"hidden\" name=\"quform_form_uid\" value=\"a3291b\" \/><input type=\"hidden\" name=\"quform_count\" value=\"1\" \/><input type=\"hidden\" name=\"form_url\" value=\"https:\/\/kromogen.com\/en\/wp-json\/wp\/v2\/pages\/147\" \/><input type=\"hidden\" name=\"referring_url\" value=\"\" \/><input type=\"hidden\" name=\"post_id\" value=\"\" \/><input type=\"hidden\" name=\"post_title\" value=\"\" \/><input type=\"hidden\" name=\"quform_current_page_id\" value=\"1\" \/><input type=\"hidden\" name=\"quform_csrf_token\" value=\"LvgQ4bMzSvMPbECFrUqWUYUpIwXIOwnGW5ZYw1Ia\" \/><div class=\"quform-elements quform-elements-1 quform-cf quform-responsive-elements-phone-landscape\"><div class=\"quform-element quform-element-page quform-page-1 quform-page-1_1 quform-cf quform-group-style-plain quform-first-page quform-last-page quform-current-page\"><div class=\"quform-child-elements\"><div class=\"quform-element quform-element-text quform-element-1_3 quform-cf quform-labels-inside quform-element-required\"><div class=\"quform-spacer\"><div class=\"quform-label quform-label-1_3\"><span class=\"quform-label-icon\"><i class=\"fa fa-user\"><\/i><\/span><label class=\"quform-label-text\" for=\"quform_1_3_a3291b\">Name Surname<span class=\"quform-required\">*<\/span><\/label><\/div><div class=\"quform-inner quform-inner-text quform-inner-1_3\"><div class=\"quform-input quform-input-text quform-input-1_3 quform-cf\"><input type=\"text\" id=\"quform_1_3_a3291b\" name=\"quform_1_3\" class=\"quform-field quform-field-text quform-field-1_3\" \/><\/div><\/div><\/div><\/div><div class=\"quform-element quform-element-text quform-element-1_4 quform-cf quform-labels-inside quform-element-required\"><div class=\"quform-spacer\"><div class=\"quform-label quform-label-1_4\"><span class=\"quform-label-icon\"><i class=\"fa fa-phone-square\"><\/i><\/span><label class=\"quform-label-text\" for=\"quform_1_4_a3291b\">Telephone<span class=\"quform-required\">*<\/span><\/label><\/div><div class=\"quform-inner quform-inner-text quform-inner-1_4\"><div class=\"quform-input quform-input-text quform-input-1_4 quform-cf\"><input type=\"text\" id=\"quform_1_4_a3291b\" name=\"quform_1_4\" class=\"quform-field quform-field-text quform-field-1_4\" \/><\/div><\/div><\/div><\/div><div class=\"quform-element quform-element-text quform-element-1_7 quform-cf quform-labels-inside quform-element-required\"><div class=\"quform-spacer\"><div class=\"quform-label quform-label-1_7\"><span class=\"quform-label-icon\"><i class=\"fa fa-envelope\"><\/i><\/span><label class=\"quform-label-text\" for=\"quform_1_7_a3291b\">E-Mail<span class=\"quform-required\">*<\/span><\/label><\/div><div class=\"quform-inner quform-inner-text quform-inner-1_7\"><div class=\"quform-input quform-input-text quform-input-1_7 quform-cf\"><input type=\"text\" id=\"quform_1_7_a3291b\" name=\"quform_1_7\" class=\"quform-field quform-field-text quform-field-1_7\" \/><\/div><\/div><\/div><\/div><div class=\"quform-element quform-element-text quform-element-1_5 quform-cf quform-labels-inside quform-element-optional\"><div class=\"quform-spacer\"><div class=\"quform-label quform-label-1_5\"><span class=\"quform-label-icon\"><i class=\"fa fa-university\"><\/i><\/span><label class=\"quform-label-text\" for=\"quform_1_5_a3291b\">Company Institution Name<\/label><\/div><div class=\"quform-inner quform-inner-text quform-inner-1_5\"><div class=\"quform-input quform-input-text quform-input-1_5 quform-cf\"><input type=\"text\" id=\"quform_1_5_a3291b\" name=\"quform_1_5\" class=\"quform-field quform-field-text quform-field-1_5\" \/><\/div><\/div><\/div><\/div><div class=\"quform-element quform-element-radio quform-element-1_8 quform-cf quform-element-required\"><div class=\"quform-spacer\"><div class=\"quform-label quform-label-1_8\"><span class=\"quform-label-icon\"><i class=\"fa fa-list\"><\/i><\/span><label class=\"quform-label-text\" id=\"quform_1_8_a3291b_label\">Subject<span class=\"quform-required\">*<\/span><\/label><\/div><div class=\"quform-inner quform-inner-radio quform-inner-1_8\"><div class=\"quform-input quform-input-radio quform-input-1_8 quform-cf\"><div class=\"quform-options quform-cf quform-options-inline quform-options-simple\" role=\"radiogroup\" aria-labelledby=\"quform_1_8_a3291b_label\"><div class=\"quform-option\"><input type=\"radio\" name=\"quform_1_8\" id=\"quform_1_8_a3291b_1\" class=\"quform-field quform-field-radio quform-field-1_8 quform-field-1_8_1\" value=\"Teknik Servis\" \/><label for=\"quform_1_8_a3291b_1\" class=\"quform-option-label quform-option-label-1_8_1\"><span class=\"quform-option-text\">Technical Service<\/span><\/label><\/div><div class=\"quform-option\"><input type=\"radio\" name=\"quform_1_8\" id=\"quform_1_8_a3291b_2\" class=\"quform-field quform-field-radio quform-field-1_8 quform-field-1_8_2\" value=\"Sat\u0131\u015f\" \/><label for=\"quform_1_8_a3291b_2\" class=\"quform-option-label quform-option-label-1_8_2\"><span class=\"quform-option-text\">Sale<\/span><\/label><\/div><div class=\"quform-option\"><input type=\"radio\" name=\"quform_1_8\" id=\"quform_1_8_a3291b_3\" class=\"quform-field quform-field-radio quform-field-1_8 quform-field-1_8_3\" value=\"Di\u011fer\" \/><label for=\"quform_1_8_a3291b_3\" class=\"quform-option-label quform-option-label-1_8_3\"><span class=\"quform-option-text\">Other<\/span><\/label><\/div><\/div><\/div><\/div><\/div><\/div><div class=\"quform-element quform-element-textarea quform-element-1_9 quform-cf quform-labels-inside quform-element-optional\"><div class=\"quform-spacer\"><div class=\"quform-label quform-label-1_9\"><label class=\"quform-label-text\" for=\"quform_1_9_a3291b\">Your message<\/label><\/div><div class=\"quform-inner quform-inner-textarea quform-inner-1_9\"><div class=\"quform-input quform-input-textarea quform-input-1_9 quform-cf\"><textarea id=\"quform_1_9_a3291b\" name=\"quform_1_9\" class=\"quform-field quform-field-textarea quform-field-1_9\"><\/textarea><\/div><\/div><\/div><\/div><div class=\"quform-element quform-element-captcha quform-element-1_10 quform-cf quform-labels-inside quform-element-required\"><div class=\"quform-spacer\"><div class=\"quform-label quform-label-1_10\"><label class=\"quform-label-text\" for=\"quform_1_10_a3291b\">Please write the characters<span class=\"quform-required\">*<\/span><\/label><\/div><div class=\"quform-inner quform-inner-captcha quform-inner-1_10\"><div class=\"quform-input quform-input-captcha quform-input-1_10 quform-cf\"><input type=\"text\" id=\"quform_1_10_a3291b\" name=\"quform_1_10\" class=\"quform-field quform-field-captcha quform-field-1_10\" \/><\/div><div class=\"quform-captcha quform-cf\"><div class=\"quform-captcha-image quform-captcha-image-1_10\"><img loading=\"lazy\" decoding=\"async\" class=\"quform-captcha-image-img\" src=\"data:image\/png;base64,iVBORw0KGgoAAAANSUhEUgAAAOYAAABQBAMAAAD\/1xTgAAAAG1BMVEX\/\/\/8iIiLj4+PHx8eQkJB0dHRZWVmsrKw9PT21v9pcAAAACXBIWXMAAA7EAAAOxAGVKw4bAAAEKklEQVRoge1YTU\/bQBA16yT2kQUSfHRQW3qsSVo4JhRKjw3i6xiLAD0SKIEjhqL2Z3f2c2bjgClKUCv5SW2iiXfezOyb2TWeV6JEiRIlSpT4H8Ha21sfXpeyknLAsWOrNQ5nGUWQcZ4j7YLh4XM8K86Ua9DElCXaW5sJZU1ktLMN\/y+gMTBx8Id4BpypqipQ19FYtZw0kmmhwvmS+HwPlURrCAnqba4\/snA9nmBkrdYzOJucd8Tn0OFMOD\/32kdPcNZUqC7eQJyNYr33eMOwECcg2xg+\/CvkXHHXJTREjbdPFsaCcb4ov8AO9tGc6kiAXLsI+MBJAOoy7svXCuiP\/zAG2M5bj61vba2NBsRsk04MJ+xwtEmeSPKcEAb\/Df+WCzhBrh01h87ciFX2sN1LltPkbjhj1xUsis5Fl+WL7gIk1NYl+YVWKPQ8W79eI5x+6jpr5jhDWVWW5n4YB4SbmU78Rpf\/FOZBXLX9ybpUHQwW7p9mD8TVkEex6uwC5Q4l22DryBFc04TRiLENh6benpSBwjm6yuRGzhVzilkuG3SDOhjaKUT0kPL5fFBYG+gA8XtYvJ89WHenXeKYs2NfDwwJSpDk8wxEB8iP+2dwqlKEZCikau5nNNGAEoSakoyRim7M0SAu5tTb6JOigHXXU1q1IgRxxMw84H+HeM5adDZViocBejfKyLDLE0mpRGgKOscbLKtbedRoqTXnrfr26cx7El3cRdJYvpk4PW6Fk\/ClQHa9Z8LpO54C48kvEu4QnfYsJ\/txoW1NLEOPL8gO2WlN5mRm7ytFnAlyYp5DK9cqiiiD0n2VwrnXnm9dV5mejdUizhBra\/fTx9tBYKXJZByynSPNOe+66mmu\/FQcAybC7AyvYYsgp6zYDbecgeJsY\/80daenzlkwAb5lqlj3YnwtWuOyCSRiorSN1tGyXrggQsaBCeGLgfuOkxk5Galp9aYtaBM7JCSHWkPMD9ssinOODDoGm1O\/vHJm12Qk2qtY0bF53uGvetfUCK7HlkGuC+nJvaGHU+HlROhfdOMNHsk1nGmpzViNYEuJnMSUjY\/oxyAqdrKfckxO6PbYsBvd544uudM1R6MVSbpbSInXZyyJ6AgxqcWbjE5ejKDNlLakLIbL6fkHp3skrMehGgCnmg4jOjngKGDZ6PTUhnauy61\/DkUeI5klja+L56c0B3EoEm5SeWRCsslLOT3\/+tp9\/\/Ltoa26M4U+WZLJ4jNCXiwr6v+\/QKBJI6kgX7P7VESgvSjjk94gXgr\/i+BpKAom+Q9FPfv2CX09meprG9xvL833keo7uG7mrn6daXI6WBW1PuYZFVF37EI0fXzMuMwWj0YGd+KH2f65xd+pkS2WWFl5\/PEpgUkxT685noe2YH1lTg+O7aI3gxlg9aL4mRIlSpQoUaJEiX8dfwD3J6TyLwgrnQAAAABJRU5ErkJggg==\" alt=\"CAPTCHA image\" data-element-id=\"10\" width=\"115\" height=\"40\" \/><\/div><\/div><p class=\"quform-description quform-description-below\">This will help us prevent spam, thanks.<\/p><\/div><\/div><\/div><div class=\"quform-element quform-element-submit quform-element-1_2 quform-cf quform-button-style-hollow\"><div class=\"quform-button-submit quform-button-submit-default quform-button-submit-1_2\"><button name=\"quform_submit\" type=\"submit\" class=\"quform-submit\" value=\"submit\"><span class=\"quform-button-text quform-button-submit-text\">Send<\/span><\/button><\/div><div class=\"quform-loading quform-loading-position-left quform-loading-type-spinner-1\"><div class=\"quform-loading-inner\"><div class=\"quform-loading-spinner\"><div class=\"quform-loading-spinner-inner\"><\/div><\/div><\/div><\/div><\/div><div class=\"quform-element-tree\"><label for=\"quform_1_0_a3291b\">This field should be left blank<\/label><input type=\"text\" id=\"quform_1_0_a3291b\" name=\"quform_1_0\" class=\"quform-field quform-field-tree quform-field-1_0\" tabindex=\"-1\" autocomplete=\"off\" \/><\/div><\/div><\/div><\/div><\/div><input type=\"hidden\" name=\"trp-form-language\" value=\"en\"\/><\/form><\/div>\n\n\t\t<\/div>\n\t\t\t\t\t<\/div>\n\n\t\n\n\t<div id=\"col-485895327\" class=\"col medium-6 small-12 large-6\"  >\n\t\t\t\t<div class=\"col-inner\"  >\n\t\t\t\n\t\t\t\n<div class=\"container section-title-container\" ><h3 class=\"section-title section-title-normal\"><b><\/b><span class=\"section-title-main\" >Bursa Office<\/span><b><\/b><\/h3><\/div>\n\n<p><iframe loading=\"lazy\" style=\"border: 0;\" src=\"https:\/\/www.google.com\/maps\/embed?pb=!1m18!1m12!1m3!1d3046.943673795669!2d28.920949376000774!3d40.21031587147343!2m3!1f0!2f0!3f0!3m2!1i1024!2i768!4f13.1!3m3!1m2!1s0x14ca11fca4e12033%3A0x849f2e59a3b7a499!2sKromo-GEN%20Biyoteknoloji!5e0!3m2!1str!2str!4v1723004116422!5m2!1str!2str\" width=\"100%\" height=\"200\" allowfullscreen=\"allowfullscreen\"><\/iframe><br \/>\n\n<div class=\"container section-title-container\" ><h3 class=\"section-title section-title-normal\"><b><\/b><span class=\"section-title-main\" >Istanbul Office<\/span><b><\/b><\/h3><\/div>\n\n<p><iframe loading=\"lazy\" style=\"border: 0;\" src=\"https:\/\/www.google.com\/maps\/embed?pb=!1m18!1m12!1m3!1d376.5257775182212!2d29.14491403560233!3d40.9769649915967!2m3!1f0!2f0!3f0!3m2!1i1024!2i768!4f13.1!3m3!1m2!1s0x14cac5fb59f762cd%3A0x19bbf0e30d202bbe!2zxLBuw7Zuw7wsIE5hcsOnacOnZcSfaSBTay4sIDM0NzU1IEF0YcWfZWhpci_EsHN0YW5idWw!5e0!3m2!1str!2str!4v1746518338286!5m2!1str!2str\" width=\"100%\" height=\"200\" allowfullscreen=\"allowfullscreen\"><\/iframe><br \/>\n\n\t\t<\/div>\n\t\t\t\t\t<\/div>\n\n\t\n<\/div>","protected":false},"excerpt":{"rendered":"<p>KromoGEN BURSA Alaaddinbey Mh. 186. Unnamed Sk. No:1H Nil\u00fcfer-BURSA \/ TURKEY E-Mail: info@kromogen.com Phone: +90 (224) 211 5712 Fax:     +90 (224) 211 5713 KromoGEN ISTANBUL Giray Plaza No:1\/3 Nar\u00e7i\u00e7e\u011fi Sk. Inonu Mh. Atasehir-ISTANBUL \/ TURKEY Contact and Offer Form<\/p>","protected":false},"author":1,"featured_media":174,"parent":0,"menu_order":0,"comment_status":"closed","ping_status":"closed","template":"page-blank.php","meta":{"footnotes":""},"class_list":["post-147","page","type-page","status-publish","has-post-thumbnail","hentry"],"yoast_head":"<!-- This site is optimized with the Yoast SEO plugin v23.4 - https:\/\/yoast.com\/wordpress\/plugins\/seo\/ -->\n<title>\u0130LET\u0130\u015e\u0130M - Kromogen<\/title>\n<meta name=\"robots\" content=\"index, follow, max-snippet:-1, max-image-preview:large, max-video-preview:-1\" \/>\n<link rel=\"canonical\" href=\"https:\/\/kromogen.com\/en\/contact\/\" \/>\n<meta property=\"og:locale\" content=\"en_US\" \/>\n<meta property=\"og:type\" content=\"article\" \/>\n<meta property=\"og:title\" content=\"\u0130LET\u0130\u015e\u0130M - Kromogen\" \/>\n<meta property=\"og:description\" content=\"KromoGEN BURSA Alaaddinbey Mh. 186. \u0130simsiz Sk. No:1H Nil\u00fcfer-BURSA \/ T\u00dcRK\u0130YE E-Mail: info@kromogen.com Telefon:\u00a0 +90 (224) 211 5712 Faks:\u00a0 \u00a0 \u00a0+90 (224) 211 5713 KromoGEN \u0130STANBUL Giray Plaza No:1\/3 Nar\u00e7i\u00e7e\u011fi Sk. \u0130n\u00f6n\u00fc Mh. Ata\u015fehir-\u0130STANBUL \/ T\u00dcRK\u0130YE &nbsp; &nbsp; &nbsp; \u0130leti\u015fim ve Teklif Formu\" \/>\n<meta property=\"og:url\" content=\"https:\/\/kromogen.com\/en\/contact\/\" \/>\n<meta property=\"og:site_name\" content=\"Kromogen\" \/>\n<meta property=\"article:modified_time\" content=\"2025-05-06T08:58:16+00:00\" \/>\n<meta property=\"og:image\" content=\"https:\/\/kromogen.com\/wp-content\/uploads\/2024\/08\/ulasims.jpg\" \/>\n\t<meta property=\"og:image:width\" content=\"1170\" \/>\n\t<meta property=\"og:image:height\" content=\"349\" \/>\n\t<meta property=\"og:image:type\" content=\"image\/jpeg\" \/>\n<meta name=\"twitter:card\" content=\"summary_large_image\" \/>\n<meta name=\"twitter:label1\" content=\"Est. reading time\" \/>\n\t<meta name=\"twitter:data1\" content=\"2 minutes\" \/>\n<script type=\"application\/ld+json\" class=\"yoast-schema-graph\">{\"@context\":\"https:\/\/schema.org\",\"@graph\":[{\"@type\":\"WebPage\",\"@id\":\"https:\/\/kromogen.com\/iletisim\/\",\"url\":\"https:\/\/kromogen.com\/iletisim\/\",\"name\":\"\u0130LET\u0130\u015e\u0130M - Kromogen\",\"isPartOf\":{\"@id\":\"https:\/\/kromogen.com\/#website\"},\"primaryImageOfPage\":{\"@id\":\"https:\/\/kromogen.com\/iletisim\/#primaryimage\"},\"image\":{\"@id\":\"https:\/\/kromogen.com\/iletisim\/#primaryimage\"},\"thumbnailUrl\":\"https:\/\/kromogen.com\/wp-content\/uploads\/2024\/08\/ulasims.jpg\",\"datePublished\":\"2024-08-07T03:10:52+00:00\",\"dateModified\":\"2025-05-06T08:58:16+00:00\",\"breadcrumb\":{\"@id\":\"https:\/\/kromogen.com\/iletisim\/#breadcrumb\"},\"inLanguage\":\"en-US\",\"potentialAction\":[{\"@type\":\"ReadAction\",\"target\":[\"https:\/\/kromogen.com\/iletisim\/\"]}]},{\"@type\":\"ImageObject\",\"inLanguage\":\"en-US\",\"@id\":\"https:\/\/kromogen.com\/iletisim\/#primaryimage\",\"url\":\"https:\/\/kromogen.com\/wp-content\/uploads\/2024\/08\/ulasims.jpg\",\"contentUrl\":\"https:\/\/kromogen.com\/wp-content\/uploads\/2024\/08\/ulasims.jpg\",\"width\":1170,\"height\":349},{\"@type\":\"BreadcrumbList\",\"@id\":\"https:\/\/kromogen.com\/iletisim\/#breadcrumb\",\"itemListElement\":[{\"@type\":\"ListItem\",\"position\":1,\"name\":\"Anasayfa\",\"item\":\"https:\/\/kromogen.com\/\"},{\"@type\":\"ListItem\",\"position\":2,\"name\":\"\u0130LET\u0130\u015e\u0130M\"}]},{\"@type\":\"WebSite\",\"@id\":\"https:\/\/kromogen.com\/#website\",\"url\":\"https:\/\/kromogen.com\/\",\"name\":\"Kromogen\",\"description\":\"Kromogen Biyoteknoloji\",\"potentialAction\":[{\"@type\":\"SearchAction\",\"target\":{\"@type\":\"EntryPoint\",\"urlTemplate\":\"https:\/\/kromogen.com\/?s={search_term_string}\"},\"query-input\":{\"@type\":\"PropertyValueSpecification\",\"valueRequired\":true,\"valueName\":\"search_term_string\"}}],\"inLanguage\":\"en-US\"}]}<\/script>\n<!-- \/ Yoast SEO plugin. -->","yoast_head_json":{"title":"\u0130LET\u0130\u015e\u0130M - Kromogen","robots":{"index":"index","follow":"follow","max-snippet":"max-snippet:-1","max-image-preview":"max-image-preview:large","max-video-preview":"max-video-preview:-1"},"canonical":"https:\/\/kromogen.com\/en\/contact\/","og_locale":"en_US","og_type":"article","og_title":"\u0130LET\u0130\u015e\u0130M - Kromogen","og_description":"KromoGEN BURSA Alaaddinbey Mh. 186. \u0130simsiz Sk. No:1H Nil\u00fcfer-BURSA \/ T\u00dcRK\u0130YE E-Mail: info@kromogen.com Telefon:\u00a0 +90 (224) 211 5712 Faks:\u00a0 \u00a0 \u00a0+90 (224) 211 5713 KromoGEN \u0130STANBUL Giray Plaza No:1\/3 Nar\u00e7i\u00e7e\u011fi Sk. \u0130n\u00f6n\u00fc Mh. Ata\u015fehir-\u0130STANBUL \/ T\u00dcRK\u0130YE &nbsp; &nbsp; &nbsp; \u0130leti\u015fim ve Teklif Formu","og_url":"https:\/\/kromogen.com\/en\/contact\/","og_site_name":"Kromogen","article_modified_time":"2025-05-06T08:58:16+00:00","og_image":[{"width":1170,"height":349,"url":"https:\/\/kromogen.com\/wp-content\/uploads\/2024\/08\/ulasims.jpg","type":"image\/jpeg"}],"twitter_card":"summary_large_image","twitter_misc":{"Est. reading time":"2 minutes"},"schema":{"@context":"https:\/\/schema.org","@graph":[{"@type":"WebPage","@id":"https:\/\/kromogen.com\/iletisim\/","url":"https:\/\/kromogen.com\/iletisim\/","name":"\u0130LET\u0130\u015e\u0130M - Kromogen","isPartOf":{"@id":"https:\/\/kromogen.com\/#website"},"primaryImageOfPage":{"@id":"https:\/\/kromogen.com\/iletisim\/#primaryimage"},"image":{"@id":"https:\/\/kromogen.com\/iletisim\/#primaryimage"},"thumbnailUrl":"https:\/\/kromogen.com\/wp-content\/uploads\/2024\/08\/ulasims.jpg","datePublished":"2024-08-07T03:10:52+00:00","dateModified":"2025-05-06T08:58:16+00:00","breadcrumb":{"@id":"https:\/\/kromogen.com\/iletisim\/#breadcrumb"},"inLanguage":"en-US","potentialAction":[{"@type":"ReadAction","target":["https:\/\/kromogen.com\/iletisim\/"]}]},{"@type":"ImageObject","inLanguage":"en-US","@id":"https:\/\/kromogen.com\/iletisim\/#primaryimage","url":"https:\/\/kromogen.com\/wp-content\/uploads\/2024\/08\/ulasims.jpg","contentUrl":"https:\/\/kromogen.com\/wp-content\/uploads\/2024\/08\/ulasims.jpg","width":1170,"height":349},{"@type":"BreadcrumbList","@id":"https:\/\/kromogen.com\/iletisim\/#breadcrumb","itemListElement":[{"@type":"ListItem","position":1,"name":"Anasayfa","item":"https:\/\/kromogen.com\/"},{"@type":"ListItem","position":2,"name":"\u0130LET\u0130\u015e\u0130M"}]},{"@type":"WebSite","@id":"https:\/\/kromogen.com\/#website","url":"https:\/\/kromogen.com\/","name":"Kromogen","description":"Kromogen Biyoteknoloji","potentialAction":[{"@type":"SearchAction","target":{"@type":"EntryPoint","urlTemplate":"https:\/\/kromogen.com\/?s={search_term_string}"},"query-input":{"@type":"PropertyValueSpecification","valueRequired":true,"valueName":"search_term_string"}}],"inLanguage":"en-US"}]}},"_links":{"self":[{"href":"https:\/\/kromogen.com\/en\/wp-json\/wp\/v2\/pages\/147"}],"collection":[{"href":"https:\/\/kromogen.com\/en\/wp-json\/wp\/v2\/pages"}],"about":[{"href":"https:\/\/kromogen.com\/en\/wp-json\/wp\/v2\/types\/page"}],"author":[{"embeddable":true,"href":"https:\/\/kromogen.com\/en\/wp-json\/wp\/v2\/users\/1"}],"replies":[{"embeddable":true,"href":"https:\/\/kromogen.com\/en\/wp-json\/wp\/v2\/comments?post=147"}],"version-history":[{"count":25,"href":"https:\/\/kromogen.com\/en\/wp-json\/wp\/v2\/pages\/147\/revisions"}],"predecessor-version":[{"id":1091,"href":"https:\/\/kromogen.com\/en\/wp-json\/wp\/v2\/pages\/147\/revisions\/1091"}],"wp:featuredmedia":[{"embeddable":true,"href":"https:\/\/kromogen.com\/en\/wp-json\/wp\/v2\/media\/174"}],"wp:attachment":[{"href":"https:\/\/kromogen.com\/en\/wp-json\/wp\/v2\/media?parent=147"}],"curies":[{"name":"wp","href":"https:\/\/api.w.org\/{rel}","templated":true}]}}