
{"id":110,"date":"2024-08-06T16:29:38","date_gmt":"2024-08-06T16:29:38","guid":{"rendered":"https:\/\/kromogen.mehmetalisahin.com.tr\/?page_id=110"},"modified":"2024-08-29T07:21:18","modified_gmt":"2024-08-29T07:21:18","slug":"real-time-pcr","status":"publish","type":"page","link":"https:\/\/kromogen.com\/en\/our-products\/real-time-pcr\/","title":{"rendered":"Real-Time PCR"},"content":{"rendered":"<div class=\"banner has-hover\" id=\"banner-933282171\">\n          <div class=\"banner-inner fill\">\n        <div class=\"banner-bg fill\" >\n            <img loading=\"lazy\" decoding=\"async\" width=\"1020\" height=\"245\" src=\"https:\/\/kromogen.com\/wp-content\/uploads\/2024\/08\/5-1-1024x246.jpg\" class=\"bg attachment-large size-large\" alt=\"\" \/>                                    \n                    <\/div>\n\t\t\n        <div class=\"banner-layers container\">\n            <div class=\"fill banner-link\"><\/div>            \n   <div id=\"text-box-2143605044\" class=\"text-box banner-layer x50 md-x50 lg-x50 y50 md-y50 lg-y50 res-text\">\n                                <div class=\"text-box-content text\">\n              \n              <div class=\"text-inner text-center\">\n                  \n<h3 class=\"uppercase\"><strong>Real-Time PCR<\/strong><\/h3>\n              <\/div>\n           <\/div>\n                            \n<style>\n#text-box-2143605044 {\n  width: 60%;\n}\n#text-box-2143605044 .text-box-content {\n  font-size: 100%;\n}\n<\/style>\n    <\/div>\n \n        <\/div>\n      <\/div>\n\n            \n<style>\n#banner-933282171 {\n  padding-top: 300px;\n  background-color: rgb(255,255,255);\n}\n<\/style>\n  <\/div>\n\n\n<div class=\"row\"  id=\"row-96938301\">\n\n\t<div id=\"col-1774968606\" class=\"col small-12 large-12\"  >\n\t\t\t\t<div class=\"col-inner\"  >\n\t\t\t\n\t\t\t\n<p>From genotyping to high-resolution melting, IT-IS International offers flexible, high-performance and compact real-time PCR systems that support all your real-time PCR applications and can be easily tailored to your needs.<\/p>\n\n\t\t<div class=\"tabbed-content\">\n\t\t\t\n\t\t\t<ul class=\"nav nav-line nav-vertical nav-uppercase nav-size-normal nav-left\" role=\"tablist\"><li id=\"tab-mygo-pro\" class=\"tab active has-icon\" role=\"presentation\"><a href=\"#tab_mygo-pro\" role=\"tab\" aria-selected=\"true\" aria-controls=\"tab_mygo-pro\"><span>MyGo Pro<\/span><\/a><\/li>\n<li id=\"tab-mygo-mini\" class=\"tab has-icon\" role=\"presentation\"><a href=\"#tab_mygo-mini\" tabindex=\"-1\" role=\"tab\" aria-selected=\"false\" aria-controls=\"tab_mygo-mini\"><span>MyGo Mini<\/span><\/a><\/li><\/ul><div class=\"tab-panels\"><div id=\"tab_mygo-pro\" class=\"panel active entry-content\" role=\"tabpanel\" aria-labelledby=\"tab-mygo-pro\">\n<h1>MyGo Pro Real-Time PCR System<\/h1>\n<div class=\"contentText\"><img decoding=\"async\" src=\"https:\/\/www.kromogen.com\/images\/urun-resim\/MyGo_Pro.jpg\" alt=\"MyGo_Pro\" \/><\/p>\n<p class=\"lead-inlines\">The 32 sample capacity MyGo Pro system is the fastest qPCR instrument on the market today with rapid heating and cooling. Advanced optics and a large number of defined dyes allow up to 7 different parameters to be analyzed simultaneously in the same tube. The comprehensive MyGo software package can be easily installed on any PC and enables the following applications:<\/p>\n<p class=\"lead-inlines\">- Automated analysis modules for high-resolution melting, melting curve, genotyping, exact\/relative quantitation<\/p>\n<p class=\"lead-inlines\">- Creation of calibration files for new and\/or different fluorescent dyes<\/p>\n<p class=\"lead-inlines\">- Extensive export data export functions<\/p>\n<p class=\"lead-inlines\">- Ready-made templates, analysis of all spectral data, easy processing and modification of samples into the system<\/p>\n<p class=\"lead-inlines\">For more information, see the MyGo Pro brochure\u00a0<a href=\"https:\/\/www.kromogen.com\/docs\/MyGo_Pro.pdf\" target=\"blank\" rel=\"noopener\">from here<\/a>\u00a0you can download it.<\/p>\n<\/div>\n<\/div>\n<div id=\"tab_mygo-mini\" class=\"panel entry-content\" role=\"tabpanel\" aria-labelledby=\"tab-mygo-mini\">\n<div class=\"parbase cookiealert\">\n<section id=\"main-container\">\n<section id=\"intro\" class=\"group clear\">\n<div class=\"parbase introbodytext\">\n<div class=\"intro-main-container\">\n<div class=\"container\">\n<h1>MyGo Mini Real-Time PCR System<\/h1>\n<div class=\"contentText\"><img decoding=\"async\" src=\"https:\/\/www.kromogen.com\/images\/urun-resim\/MyGo_Mini.jpg\" alt=\"MyGo_Pro\" \/><\/p>\n<p class=\"lead-inlines\">Weighing only 1.8 kg, the MyGo Mini system is a portable instrument with 2 channels and 16 sample capacities. It can be used for research, education and testing.<\/p>\n<p class=\"lead-inlines\">See MyGo Mini brochure for more information\u00a0<a href=\"https:\/\/www.kromogen.com\/docs\/MyGo_Mini.pdf\" target=\"blank\" rel=\"noopener\">from here<\/a>\u00a0you can reach.<\/p>\n<div class=\"background\">\u00a0<\/div>\n<\/div>\n<\/div>\n<\/div>\n<\/div>\n<\/section>\n<\/section>\n<\/div>\n<\/div><\/div><\/div>\n\t\t<\/div>\n\t\t\t\t\t<\/div>\n\n\t\n<\/div>","protected":false},"excerpt":{"rendered":"","protected":false},"author":1,"featured_media":95,"parent":100,"menu_order":0,"comment_status":"closed","ping_status":"closed","template":"page-blank.php","meta":{"footnotes":""},"class_list":["post-110","page","type-page","status-publish","has-post-thumbnail","hentry"],"yoast_head":"<!-- This site is optimized with the Yoast SEO plugin v23.4 - https:\/\/yoast.com\/wordpress\/plugins\/seo\/ -->\n<title>Real-Time PCR - Kromogen<\/title>\n<meta name=\"robots\" content=\"index, follow, max-snippet:-1, max-image-preview:large, max-video-preview:-1\" \/>\n<link rel=\"canonical\" href=\"https:\/\/kromogen.com\/en\/our-products\/real-time-pcr\/\" \/>\n<meta property=\"og:locale\" content=\"en_US\" \/>\n<meta property=\"og:type\" content=\"article\" \/>\n<meta property=\"og:title\" content=\"Real-Time PCR - Kromogen\" \/>\n<meta property=\"og:url\" content=\"https:\/\/kromogen.com\/en\/our-products\/real-time-pcr\/\" \/>\n<meta property=\"og:site_name\" content=\"Kromogen\" \/>\n<meta property=\"article:modified_time\" content=\"2024-08-29T07:21:18+00:00\" \/>\n<meta property=\"og:image\" content=\"https:\/\/kromogen.com\/wp-content\/uploads\/2024\/08\/5-1.jpg\" \/>\n\t<meta property=\"og:image:width\" content=\"1500\" \/>\n\t<meta property=\"og:image:height\" content=\"360\" \/>\n\t<meta property=\"og:image:type\" content=\"image\/jpeg\" \/>\n<meta name=\"twitter:card\" content=\"summary_large_image\" \/>\n<meta name=\"twitter:label1\" content=\"Est. reading time\" \/>\n\t<meta name=\"twitter:data1\" content=\"1 minute\" \/>\n<script type=\"application\/ld+json\" class=\"yoast-schema-graph\">{\"@context\":\"https:\/\/schema.org\",\"@graph\":[{\"@type\":\"WebPage\",\"@id\":\"https:\/\/kromogen.com\/urunlerimiz\/real-time-pcr\/\",\"url\":\"https:\/\/kromogen.com\/urunlerimiz\/real-time-pcr\/\",\"name\":\"Real-Time PCR - Kromogen\",\"isPartOf\":{\"@id\":\"https:\/\/kromogen.com\/#website\"},\"primaryImageOfPage\":{\"@id\":\"https:\/\/kromogen.com\/urunlerimiz\/real-time-pcr\/#primaryimage\"},\"image\":{\"@id\":\"https:\/\/kromogen.com\/urunlerimiz\/real-time-pcr\/#primaryimage\"},\"thumbnailUrl\":\"https:\/\/kromogen.com\/wp-content\/uploads\/2024\/08\/5-1.jpg\",\"datePublished\":\"2024-08-06T16:29:38+00:00\",\"dateModified\":\"2024-08-29T07:21:18+00:00\",\"breadcrumb\":{\"@id\":\"https:\/\/kromogen.com\/urunlerimiz\/real-time-pcr\/#breadcrumb\"},\"inLanguage\":\"en-US\",\"potentialAction\":[{\"@type\":\"ReadAction\",\"target\":[\"https:\/\/kromogen.com\/urunlerimiz\/real-time-pcr\/\"]}]},{\"@type\":\"ImageObject\",\"inLanguage\":\"en-US\",\"@id\":\"https:\/\/kromogen.com\/urunlerimiz\/real-time-pcr\/#primaryimage\",\"url\":\"https:\/\/kromogen.com\/wp-content\/uploads\/2024\/08\/5-1.jpg\",\"contentUrl\":\"https:\/\/kromogen.com\/wp-content\/uploads\/2024\/08\/5-1.jpg\",\"width\":1500,\"height\":360},{\"@type\":\"BreadcrumbList\",\"@id\":\"https:\/\/kromogen.com\/urunlerimiz\/real-time-pcr\/#breadcrumb\",\"itemListElement\":[{\"@type\":\"ListItem\",\"position\":1,\"name\":\"Anasayfa\",\"item\":\"https:\/\/kromogen.com\/\"},{\"@type\":\"ListItem\",\"position\":2,\"name\":\"\u00dcR\u00dcNLER\u0130M\u0130Z\",\"item\":\"https:\/\/kromogen.com\/urunlerimiz\/\"},{\"@type\":\"ListItem\",\"position\":3,\"name\":\"Real-Time PCR\"}]},{\"@type\":\"WebSite\",\"@id\":\"https:\/\/kromogen.com\/#website\",\"url\":\"https:\/\/kromogen.com\/\",\"name\":\"Kromogen\",\"description\":\"Kromogen Biyoteknoloji\",\"potentialAction\":[{\"@type\":\"SearchAction\",\"target\":{\"@type\":\"EntryPoint\",\"urlTemplate\":\"https:\/\/kromogen.com\/?s={search_term_string}\"},\"query-input\":{\"@type\":\"PropertyValueSpecification\",\"valueRequired\":true,\"valueName\":\"search_term_string\"}}],\"inLanguage\":\"en-US\"}]}<\/script>\n<!-- \/ Yoast SEO plugin. -->","yoast_head_json":{"title":"Real-Time PCR - Kromogen","robots":{"index":"index","follow":"follow","max-snippet":"max-snippet:-1","max-image-preview":"max-image-preview:large","max-video-preview":"max-video-preview:-1"},"canonical":"https:\/\/kromogen.com\/en\/our-products\/real-time-pcr\/","og_locale":"en_US","og_type":"article","og_title":"Real-Time PCR - Kromogen","og_url":"https:\/\/kromogen.com\/en\/our-products\/real-time-pcr\/","og_site_name":"Kromogen","article_modified_time":"2024-08-29T07:21:18+00:00","og_image":[{"width":1500,"height":360,"url":"https:\/\/kromogen.com\/wp-content\/uploads\/2024\/08\/5-1.jpg","type":"image\/jpeg"}],"twitter_card":"summary_large_image","twitter_misc":{"Est. reading time":"1 minute"},"schema":{"@context":"https:\/\/schema.org","@graph":[{"@type":"WebPage","@id":"https:\/\/kromogen.com\/urunlerimiz\/real-time-pcr\/","url":"https:\/\/kromogen.com\/urunlerimiz\/real-time-pcr\/","name":"Real-Time PCR - Kromogen","isPartOf":{"@id":"https:\/\/kromogen.com\/#website"},"primaryImageOfPage":{"@id":"https:\/\/kromogen.com\/urunlerimiz\/real-time-pcr\/#primaryimage"},"image":{"@id":"https:\/\/kromogen.com\/urunlerimiz\/real-time-pcr\/#primaryimage"},"thumbnailUrl":"https:\/\/kromogen.com\/wp-content\/uploads\/2024\/08\/5-1.jpg","datePublished":"2024-08-06T16:29:38+00:00","dateModified":"2024-08-29T07:21:18+00:00","breadcrumb":{"@id":"https:\/\/kromogen.com\/urunlerimiz\/real-time-pcr\/#breadcrumb"},"inLanguage":"en-US","potentialAction":[{"@type":"ReadAction","target":["https:\/\/kromogen.com\/urunlerimiz\/real-time-pcr\/"]}]},{"@type":"ImageObject","inLanguage":"en-US","@id":"https:\/\/kromogen.com\/urunlerimiz\/real-time-pcr\/#primaryimage","url":"https:\/\/kromogen.com\/wp-content\/uploads\/2024\/08\/5-1.jpg","contentUrl":"https:\/\/kromogen.com\/wp-content\/uploads\/2024\/08\/5-1.jpg","width":1500,"height":360},{"@type":"BreadcrumbList","@id":"https:\/\/kromogen.com\/urunlerimiz\/real-time-pcr\/#breadcrumb","itemListElement":[{"@type":"ListItem","position":1,"name":"Anasayfa","item":"https:\/\/kromogen.com\/"},{"@type":"ListItem","position":2,"name":"\u00dcR\u00dcNLER\u0130M\u0130Z","item":"https:\/\/kromogen.com\/urunlerimiz\/"},{"@type":"ListItem","position":3,"name":"Real-Time PCR"}]},{"@type":"WebSite","@id":"https:\/\/kromogen.com\/#website","url":"https:\/\/kromogen.com\/","name":"Kromogen","description":"Kromogen Biyoteknoloji","potentialAction":[{"@type":"SearchAction","target":{"@type":"EntryPoint","urlTemplate":"https:\/\/kromogen.com\/?s={search_term_string}"},"query-input":{"@type":"PropertyValueSpecification","valueRequired":true,"valueName":"search_term_string"}}],"inLanguage":"en-US"}]}},"_links":{"self":[{"href":"https:\/\/kromogen.com\/en\/wp-json\/wp\/v2\/pages\/110"}],"collection":[{"href":"https:\/\/kromogen.com\/en\/wp-json\/wp\/v2\/pages"}],"about":[{"href":"https:\/\/kromogen.com\/en\/wp-json\/wp\/v2\/types\/page"}],"author":[{"embeddable":true,"href":"https:\/\/kromogen.com\/en\/wp-json\/wp\/v2\/users\/1"}],"replies":[{"embeddable":true,"href":"https:\/\/kromogen.com\/en\/wp-json\/wp\/v2\/comments?post=110"}],"version-history":[{"count":7,"href":"https:\/\/kromogen.com\/en\/wp-json\/wp\/v2\/pages\/110\/revisions"}],"predecessor-version":[{"id":807,"href":"https:\/\/kromogen.com\/en\/wp-json\/wp\/v2\/pages\/110\/revisions\/807"}],"up":[{"embeddable":true,"href":"https:\/\/kromogen.com\/en\/wp-json\/wp\/v2\/pages\/100"}],"wp:featuredmedia":[{"embeddable":true,"href":"https:\/\/kromogen.com\/en\/wp-json\/wp\/v2\/media\/95"}],"wp:attachment":[{"href":"https:\/\/kromogen.com\/en\/wp-json\/wp\/v2\/media?parent=110"}],"curies":[{"name":"wp","href":"https:\/\/api.w.org\/{rel}","templated":true}]}}