
{"id":1099,"date":"2025-08-26T07:32:10","date_gmt":"2025-08-26T07:32:10","guid":{"rendered":"https:\/\/kromogen.com\/?page_id=1099"},"modified":"2025-08-26T07:32:10","modified_gmt":"2025-08-26T07:32:10","slug":"hla-tiplendirme","status":"publish","type":"page","link":"https:\/\/kromogen.com\/en\/hla-typing\/","title":{"rendered":"HLA Typing"},"content":{"rendered":"<blockquote><p><strong>NanoTYPE 24\/11 - High Resolution HLA Genotyping<\/strong><br \/>\n<em>The Reliable Solution for Determining Transplantation Compliance<\/em><\/p><\/blockquote>\n<p>&nbsp;<\/p>\n<ol>\n<li><strong> Product Description<\/strong><\/li>\n<\/ol>\n<p>NanoTYPE 24\/11 is a CE approved in-vitro diagnostic (IVD) kit for high-resolution genotyping of HLA genes. It is used to assess recipient-donor compatibility in organ and stem cell transplants.<\/p>\n<ol start=\"2\">\n<li><strong> Targeted Genes<\/strong><\/li>\n<\/ol>\n<p>Kit, in a single study <strong>Class I (HLA-A, HLA-B, HLA-C) and Class II (HLA-DRB1, HLA-DRB3\/4\/5, HLA-DQA1, HLA-DQB1, HLA-DPA1, HLA-DPB1)<\/strong> totaling <strong>11 HLA<\/strong> gene at the same time.<\/p>\n<table width=\"643\">\n<tbody>\n<tr>\n<td width=\"321\">\n<p style=\"text-align: center;\"><strong><em>HLA Gene<\/em><\/strong><\/p>\n<\/td>\n<td width=\"321\">\n<p style=\"text-align: center;\"><strong><em>Coverage<\/em><\/strong><\/p>\n<\/td>\n<\/tr>\n<tr>\n<td width=\"321\">\n<p style=\"text-align: center;\">HLA-A, B, C, DQA1, DQB1 and DPA1<\/p>\n<\/td>\n<td style=\"text-align: center;\" width=\"321\">All Gen<\/td>\n<\/tr>\n<tr>\n<td width=\"321\">\n<p style=\"text-align: center;\">DRB1<\/p>\n<\/td>\n<td width=\"321\">\n<p style=\"text-align: center;\">Exons 2-4<\/p>\n<\/td>\n<\/tr>\n<tr>\n<td width=\"321\">\n<p style=\"text-align: center;\">DRB3<\/p>\n<\/td>\n<td width=\"321\">\n<p style=\"text-align: center;\">Exons 2-4<\/p>\n<\/td>\n<\/tr>\n<tr>\n<td width=\"321\">\n<p style=\"text-align: center;\">DRB4<\/p>\n<\/td>\n<td width=\"321\">\n<p style=\"text-align: center;\">Exons 2-6<\/p>\n<\/td>\n<\/tr>\n<tr>\n<td width=\"321\">\n<p style=\"text-align: center;\">DRB5<\/p>\n<\/td>\n<td width=\"321\">\n<p style=\"text-align: center;\">Exons 2-6<\/p>\n<\/td>\n<\/tr>\n<tr>\n<td style=\"text-align: center;\" width=\"321\">DPB1<\/td>\n<td width=\"321\">\n<p style=\"text-align: center;\">Exons 2-5<\/p>\n<\/td>\n<\/tr>\n<\/tbody>\n<\/table>\n<p>&nbsp;<\/p>\n<ol start=\"3\">\n<li><strong> Technology<\/strong><\/li>\n<\/ol>\n<ul>\n<li><strong>High resolution<\/strong> - Compliant with EFI and ASHI standards<\/li>\n<li><strong>Fast result<\/strong> - High quality data in a short time (results in 5 hours for 1 sample)<\/li>\n<li><strong>Comprehensive analysis<\/strong> - Evaluation of 11 loci in a single study<\/li>\n<li><strong>Flexible use<\/strong> - Single or multiple sample analysis as needed<\/li>\n<li><strong>CE approved IVD product<\/strong> - Should only be used in competent molecular diagnostic laboratories by trained personnel<\/li>\n<\/ul>\n<p>&nbsp;<\/p>\n<ol start=\"4\">\n<li><strong> Method Principle<\/strong><\/li>\n<\/ol>\n<p>These kits amplify 11 different HLA loci simultaneously in a single tube using a single long-read multiplex PCR method.<\/p>\n<p>After PCR, barcoding, pooling, adapter addition and library size selection, if necessary, are performed according to the number of samples.<\/p>\n<p>The prepared library is then loaded into Oxford Nanopore Technologies sequencing devices. During sequencing, DNA fragments generate unique signals in the electric field as they pass through the nanopores. These signals are converted into DNA sequences in FASTQ format by base caller software.<\/p>\n<p>Finally, the sequences are analyzed with NanoTYPER\u2122 software to obtain HLA genotyping results.<\/p>\n<p><img loading=\"lazy\" decoding=\"async\" class=\"size-medium wp-image-1100 aligncenter\" src=\"https:\/\/kromogen.com\/wp-content\/uploads\/2025\/08\/3-300x193.jpg\" alt=\"\" width=\"300\" height=\"193\" srcset=\"https:\/\/kromogen.com\/wp-content\/uploads\/2025\/08\/3-300x193.jpg 300w, https:\/\/kromogen.com\/wp-content\/uploads\/2025\/08\/3-18x12.jpg 18w, https:\/\/kromogen.com\/wp-content\/uploads\/2025\/08\/3.jpg 535w\" sizes=\"(max-width: 300px) 100vw, 300px\" \/><\/p>\n<p>&nbsp;<\/p>\n<div class=\"_df_book df-lite\" id=\"df_1103\"  _slug=\"nanotype\" data-title=\"nanotype\" wpoptions=\"true\" thumbtype=\"\" ><\/div><script class=\"df-shortcode-script\" type=\"application\/javascript\">window.option_df_1103 = {\"outline\":[],\"autoEnableOutline\":\"false\",\"autoEnableThumbnail\":\"false\",\"overwritePDFOutline\":\"false\",\"direction\":\"1\",\"pageSize\":\"0\",\"source\":\"https:\\\/\\\/kromogen.com\\\/wp-content\\\/uploads\\\/2025\\\/08\\\/NanoTYPET.pdf\",\"wpOptions\":\"true\"}; if(window.DFLIP && window.DFLIP.parseBooks){window.DFLIP.parseBooks();}<\/script>","protected":false},"excerpt":{"rendered":"<p>NanoTYPE 24\/11 - High Resolution HLA Genotyping Reliable Solution for Determining Transplantation Compatibility Product Description NanoTYPE 24\/11 is a CE approved in-vitro diagnostic (IVD) kit for high-resolution genotyping of HLA genes. It is used to assess recipient-donor compatibility in organ and stem cell transplants. Targeted Genes In a single study, the kit can be used for Class I (HLA-A, HLA-B, HLA-C) and Class II [...]","protected":false},"author":2,"featured_media":0,"parent":0,"menu_order":0,"comment_status":"closed","ping_status":"closed","template":"","meta":{"footnotes":""},"class_list":["post-1099","page","type-page","status-publish","hentry"],"yoast_head":"<!-- This site is optimized with the Yoast SEO plugin v23.4 - https:\/\/yoast.com\/wordpress\/plugins\/seo\/ -->\n<title>HLA Tiplendirme - Kromogen<\/title>\n<meta name=\"description\" content=\"NanoTYPE 24\/11, HLA genlerinin y\u00fcksek \u00e7\u00f6z\u00fcn\u00fcrl\u00fckte genotiplendirilmesi i\u00e7in geli\u015ftirilmi\u015f CE onayl\u0131 bir in vitro tan\u0131 (IVD) kitidir. Organ ve k\u00f6k h\u00fccre nakillerinde al\u0131c\u0131\u2013verici uyumunu de\u011ferlendirmek amac\u0131yla kullan\u0131l\u0131r\" \/>\n<meta name=\"robots\" content=\"index, follow, max-snippet:-1, max-image-preview:large, max-video-preview:-1\" \/>\n<link rel=\"canonical\" href=\"https:\/\/kromogen.com\/en\/hla-typing\/\" \/>\n<meta property=\"og:locale\" content=\"en_US\" \/>\n<meta property=\"og:type\" content=\"article\" \/>\n<meta property=\"og:title\" content=\"HLA Tiplendirme - Kromogen\" \/>\n<meta property=\"og:description\" content=\"NanoTYPE 24\/11, HLA genlerinin y\u00fcksek \u00e7\u00f6z\u00fcn\u00fcrl\u00fckte genotiplendirilmesi i\u00e7in geli\u015ftirilmi\u015f CE onayl\u0131 bir in vitro tan\u0131 (IVD) kitidir. Organ ve k\u00f6k h\u00fccre nakillerinde al\u0131c\u0131\u2013verici uyumunu de\u011ferlendirmek amac\u0131yla kullan\u0131l\u0131r\" \/>\n<meta property=\"og:url\" content=\"https:\/\/kromogen.com\/en\/hla-typing\/\" \/>\n<meta property=\"og:site_name\" content=\"Kromogen\" \/>\n<meta property=\"og:image\" content=\"https:\/\/kromogen.com\/wp-content\/uploads\/2025\/08\/3-300x193.jpg\" \/>\n<meta name=\"twitter:card\" content=\"summary_large_image\" \/>\n<meta name=\"twitter:label1\" content=\"Est. reading time\" \/>\n\t<meta name=\"twitter:data1\" content=\"2 minutes\" \/>\n<script type=\"application\/ld+json\" class=\"yoast-schema-graph\">{\"@context\":\"https:\/\/schema.org\",\"@graph\":[{\"@type\":\"WebPage\",\"@id\":\"https:\/\/kromogen.com\/hla-tiplendirme\/\",\"url\":\"https:\/\/kromogen.com\/hla-tiplendirme\/\",\"name\":\"HLA Tiplendirme - Kromogen\",\"isPartOf\":{\"@id\":\"https:\/\/kromogen.com\/#website\"},\"primaryImageOfPage\":{\"@id\":\"https:\/\/kromogen.com\/hla-tiplendirme\/#primaryimage\"},\"image\":{\"@id\":\"https:\/\/kromogen.com\/hla-tiplendirme\/#primaryimage\"},\"thumbnailUrl\":\"https:\/\/kromogen.com\/wp-content\/uploads\/2025\/08\/3-300x193.jpg\",\"datePublished\":\"2025-08-26T07:32:10+00:00\",\"dateModified\":\"2025-08-26T07:32:10+00:00\",\"description\":\"NanoTYPE 24\/11, HLA genlerinin y\u00fcksek \u00e7\u00f6z\u00fcn\u00fcrl\u00fckte genotiplendirilmesi i\u00e7in geli\u015ftirilmi\u015f CE onayl\u0131 bir in vitro tan\u0131 (IVD) kitidir. Organ ve k\u00f6k h\u00fccre nakillerinde al\u0131c\u0131\u2013verici uyumunu de\u011ferlendirmek amac\u0131yla kullan\u0131l\u0131r\",\"breadcrumb\":{\"@id\":\"https:\/\/kromogen.com\/hla-tiplendirme\/#breadcrumb\"},\"inLanguage\":\"en-US\",\"potentialAction\":[{\"@type\":\"ReadAction\",\"target\":[\"https:\/\/kromogen.com\/hla-tiplendirme\/\"]}]},{\"@type\":\"ImageObject\",\"inLanguage\":\"en-US\",\"@id\":\"https:\/\/kromogen.com\/hla-tiplendirme\/#primaryimage\",\"url\":\"https:\/\/kromogen.com\/wp-content\/uploads\/2025\/08\/3-300x193.jpg\",\"contentUrl\":\"https:\/\/kromogen.com\/wp-content\/uploads\/2025\/08\/3-300x193.jpg\"},{\"@type\":\"BreadcrumbList\",\"@id\":\"https:\/\/kromogen.com\/hla-tiplendirme\/#breadcrumb\",\"itemListElement\":[{\"@type\":\"ListItem\",\"position\":1,\"name\":\"Anasayfa\",\"item\":\"https:\/\/kromogen.com\/\"},{\"@type\":\"ListItem\",\"position\":2,\"name\":\"HLA Tiplendirme\"}]},{\"@type\":\"WebSite\",\"@id\":\"https:\/\/kromogen.com\/#website\",\"url\":\"https:\/\/kromogen.com\/\",\"name\":\"Kromogen\",\"description\":\"Kromogen Biyoteknoloji\",\"potentialAction\":[{\"@type\":\"SearchAction\",\"target\":{\"@type\":\"EntryPoint\",\"urlTemplate\":\"https:\/\/kromogen.com\/?s={search_term_string}\"},\"query-input\":{\"@type\":\"PropertyValueSpecification\",\"valueRequired\":true,\"valueName\":\"search_term_string\"}}],\"inLanguage\":\"en-US\"}]}<\/script>\n<!-- \/ Yoast SEO plugin. -->","yoast_head_json":{"title":"HLA Tiplendirme - Kromogen","description":"NanoTYPE 24\/11, HLA genlerinin y\u00fcksek \u00e7\u00f6z\u00fcn\u00fcrl\u00fckte genotiplendirilmesi i\u00e7in geli\u015ftirilmi\u015f CE onayl\u0131 bir in vitro tan\u0131 (IVD) kitidir. Organ ve k\u00f6k h\u00fccre nakillerinde al\u0131c\u0131\u2013verici uyumunu de\u011ferlendirmek amac\u0131yla kullan\u0131l\u0131r","robots":{"index":"index","follow":"follow","max-snippet":"max-snippet:-1","max-image-preview":"max-image-preview:large","max-video-preview":"max-video-preview:-1"},"canonical":"https:\/\/kromogen.com\/en\/hla-typing\/","og_locale":"en_US","og_type":"article","og_title":"HLA Tiplendirme - Kromogen","og_description":"NanoTYPE 24\/11, HLA genlerinin y\u00fcksek \u00e7\u00f6z\u00fcn\u00fcrl\u00fckte genotiplendirilmesi i\u00e7in geli\u015ftirilmi\u015f CE onayl\u0131 bir in vitro tan\u0131 (IVD) kitidir. Organ ve k\u00f6k h\u00fccre nakillerinde al\u0131c\u0131\u2013verici uyumunu de\u011ferlendirmek amac\u0131yla kullan\u0131l\u0131r","og_url":"https:\/\/kromogen.com\/en\/hla-typing\/","og_site_name":"Kromogen","og_image":[{"url":"https:\/\/kromogen.com\/wp-content\/uploads\/2025\/08\/3-300x193.jpg"}],"twitter_card":"summary_large_image","twitter_misc":{"Est. reading time":"2 minutes"},"schema":{"@context":"https:\/\/schema.org","@graph":[{"@type":"WebPage","@id":"https:\/\/kromogen.com\/hla-tiplendirme\/","url":"https:\/\/kromogen.com\/hla-tiplendirme\/","name":"HLA Tiplendirme - Kromogen","isPartOf":{"@id":"https:\/\/kromogen.com\/#website"},"primaryImageOfPage":{"@id":"https:\/\/kromogen.com\/hla-tiplendirme\/#primaryimage"},"image":{"@id":"https:\/\/kromogen.com\/hla-tiplendirme\/#primaryimage"},"thumbnailUrl":"https:\/\/kromogen.com\/wp-content\/uploads\/2025\/08\/3-300x193.jpg","datePublished":"2025-08-26T07:32:10+00:00","dateModified":"2025-08-26T07:32:10+00:00","description":"NanoTYPE 24\/11, HLA genlerinin y\u00fcksek \u00e7\u00f6z\u00fcn\u00fcrl\u00fckte genotiplendirilmesi i\u00e7in geli\u015ftirilmi\u015f CE onayl\u0131 bir in vitro tan\u0131 (IVD) kitidir. Organ ve k\u00f6k h\u00fccre nakillerinde al\u0131c\u0131\u2013verici uyumunu de\u011ferlendirmek amac\u0131yla kullan\u0131l\u0131r","breadcrumb":{"@id":"https:\/\/kromogen.com\/hla-tiplendirme\/#breadcrumb"},"inLanguage":"en-US","potentialAction":[{"@type":"ReadAction","target":["https:\/\/kromogen.com\/hla-tiplendirme\/"]}]},{"@type":"ImageObject","inLanguage":"en-US","@id":"https:\/\/kromogen.com\/hla-tiplendirme\/#primaryimage","url":"https:\/\/kromogen.com\/wp-content\/uploads\/2025\/08\/3-300x193.jpg","contentUrl":"https:\/\/kromogen.com\/wp-content\/uploads\/2025\/08\/3-300x193.jpg"},{"@type":"BreadcrumbList","@id":"https:\/\/kromogen.com\/hla-tiplendirme\/#breadcrumb","itemListElement":[{"@type":"ListItem","position":1,"name":"Anasayfa","item":"https:\/\/kromogen.com\/"},{"@type":"ListItem","position":2,"name":"HLA Tiplendirme"}]},{"@type":"WebSite","@id":"https:\/\/kromogen.com\/#website","url":"https:\/\/kromogen.com\/","name":"Kromogen","description":"Kromogen Biyoteknoloji","potentialAction":[{"@type":"SearchAction","target":{"@type":"EntryPoint","urlTemplate":"https:\/\/kromogen.com\/?s={search_term_string}"},"query-input":{"@type":"PropertyValueSpecification","valueRequired":true,"valueName":"search_term_string"}}],"inLanguage":"en-US"}]}},"_links":{"self":[{"href":"https:\/\/kromogen.com\/en\/wp-json\/wp\/v2\/pages\/1099"}],"collection":[{"href":"https:\/\/kromogen.com\/en\/wp-json\/wp\/v2\/pages"}],"about":[{"href":"https:\/\/kromogen.com\/en\/wp-json\/wp\/v2\/types\/page"}],"author":[{"embeddable":true,"href":"https:\/\/kromogen.com\/en\/wp-json\/wp\/v2\/users\/2"}],"replies":[{"embeddable":true,"href":"https:\/\/kromogen.com\/en\/wp-json\/wp\/v2\/comments?post=1099"}],"version-history":[{"count":2,"href":"https:\/\/kromogen.com\/en\/wp-json\/wp\/v2\/pages\/1099\/revisions"}],"predecessor-version":[{"id":1105,"href":"https:\/\/kromogen.com\/en\/wp-json\/wp\/v2\/pages\/1099\/revisions\/1105"}],"wp:attachment":[{"href":"https:\/\/kromogen.com\/en\/wp-json\/wp\/v2\/media?parent=1099"}],"curies":[{"name":"wp","href":"https:\/\/api.w.org\/{rel}","templated":true}]}}