
{"id":108,"date":"2024-08-06T16:29:24","date_gmt":"2024-08-06T16:29:24","guid":{"rendered":"https:\/\/kromogen.mehmetalisahin.com.tr\/?page_id=108"},"modified":"2025-04-09T08:50:02","modified_gmt":"2025-04-09T08:50:02","slug":"nukleik-asit-izolasyonu","status":"publish","type":"page","link":"https:\/\/kromogen.com\/en\/our-products\/nucleic-acid-isolation\/","title":{"rendered":"Nucleic Acid Isolation"},"content":{"rendered":"<h3><\/h3>\n<h3><\/h3>\n<h3 class=\"uppercase\"><strong>\u00a0 \u00a0 \u00a0 \u00a0 \u00a0 Nucleic Acid Isolation<\/strong><\/h3>\n<p class=\"lead-inlines\">Nucleic acid isolation is the first step in almost every application in molecular biology. The efficiency of this step and the purity of the nucleic acids obtained are crucial for the success of the subsequent steps.<\/p>\n<p class=\"lead-inlines\">The methods using magnetic particles are much faster, simpler, applicable to automated systems and more effective than other methods.<\/p>\n<p class=\"lead-inlines\">KromoGEN Biotechnology offers state-of-the-art solutions to specialists with Maelstrom products.<\/p>\n<p>&nbsp;<\/p>\n<div class=\"_df_book df-lite\" id=\"df_1079\"  _slug=\"maelstrom\" data-title=\"maelstrom\" wpoptions=\"true\" thumbtype=\"\" ><\/div><script class=\"df-shortcode-script\" type=\"application\/javascript\">window.option_df_1079 = {\"outline\":[],\"autoEnableOutline\":\"false\",\"autoEnableThumbnail\":\"false\",\"overwritePDFOutline\":\"false\",\"direction\":\"1\",\"pageSize\":\"0\",\"source\":\"https:\\\/\\\/kromogen.com\\\/wp-content\\\/uploads\\\/2025\\\/04\\\/Brochure_M9610.pdf\",\"wpOptions\":\"true\"}; if(window.DFLIP && window.DFLIP.parseBooks){window.DFLIP.parseBooks();}<\/script>","protected":false},"excerpt":{"rendered":"<p>\u00a0 \u00a0 \u00a0 \u00a0 \u00a0 Nucleic Acid Isolation Nucleic acid isolation is the first step in almost every application in molecular biology. The efficiency of this step and the purity of the nucleic acids obtained are crucial for the success of the subsequent steps. Methods using magnetic particles are much faster, simpler, applicable to automated systems and more effective than other methods. ChromoGEN [...]","protected":false},"author":1,"featured_media":182,"parent":100,"menu_order":0,"comment_status":"closed","ping_status":"closed","template":"page-blank.php","meta":{"footnotes":""},"class_list":["post-108","page","type-page","status-publish","has-post-thumbnail","hentry"],"yoast_head":"<!-- This site is optimized with the Yoast SEO plugin v23.4 - https:\/\/yoast.com\/wordpress\/plugins\/seo\/ -->\n<title>N\u00fckleik Asit \u0130zolasyonu - Kromogen<\/title>\n<meta name=\"robots\" content=\"index, follow, max-snippet:-1, max-image-preview:large, max-video-preview:-1\" \/>\n<link rel=\"canonical\" href=\"https:\/\/kromogen.com\/en\/our-products\/nucleic-acid-isolation\/\" \/>\n<meta property=\"og:locale\" content=\"en_US\" \/>\n<meta property=\"og:type\" content=\"article\" \/>\n<meta property=\"og:title\" content=\"N\u00fckleik Asit \u0130zolasyonu - Kromogen\" \/>\n<meta property=\"og:description\" content=\"\u00a0 \u00a0 \u00a0 \u00a0 \u00a0 N\u00fckleik Asit \u0130zolasyonu N\u00fckleik asit izolasyonu molek\u00fcler biyolojide neredeyse her uygulaman\u0131n ilk a\u015famas\u0131d\u0131r. Bu a\u015faman\u0131n verimi ve elde edilen n\u00fckleik asitlerin safl\u0131\u011f\u0131 onu takip eden a\u015famalar\u0131n ba\u015far\u0131s\u0131 i\u00e7in b\u00fcy\u00fck bir \u00f6neme sahiptir. Manyetik taneciklerin kullan\u0131ld\u0131\u011f\u0131 y\u00f6ntemler di\u011fer y\u00f6ntemlere g\u00f6re \u00e7ok daha h\u0131zl\u0131, basit, otomatik sistemlere\u00a0 uygulanabilir ve etkili y\u00f6ntemlerdir. KromoGEN [...]\" \/>\n<meta property=\"og:url\" content=\"https:\/\/kromogen.com\/en\/our-products\/nucleic-acid-isolation\/\" \/>\n<meta property=\"og:site_name\" content=\"Kromogen\" \/>\n<meta property=\"article:modified_time\" content=\"2025-04-09T08:50:02+00:00\" \/>\n<meta property=\"og:image\" content=\"https:\/\/kromogen.com\/wp-content\/uploads\/2024\/08\/Biyoteknoloji.jpg\" \/>\n\t<meta property=\"og:image:width\" content=\"1280\" \/>\n\t<meta property=\"og:image:height\" content=\"720\" \/>\n\t<meta property=\"og:image:type\" content=\"image\/jpeg\" \/>\n<meta name=\"twitter:card\" content=\"summary_large_image\" \/>\n<meta name=\"twitter:label1\" content=\"Est. reading time\" \/>\n\t<meta name=\"twitter:data1\" content=\"1 minute\" \/>\n<script type=\"application\/ld+json\" class=\"yoast-schema-graph\">{\"@context\":\"https:\/\/schema.org\",\"@graph\":[{\"@type\":\"WebPage\",\"@id\":\"https:\/\/kromogen.com\/urunlerimiz\/nukleik-asit-izolasyonu\/\",\"url\":\"https:\/\/kromogen.com\/urunlerimiz\/nukleik-asit-izolasyonu\/\",\"name\":\"N\u00fckleik Asit \u0130zolasyonu - Kromogen\",\"isPartOf\":{\"@id\":\"https:\/\/kromogen.com\/#website\"},\"primaryImageOfPage\":{\"@id\":\"https:\/\/kromogen.com\/urunlerimiz\/nukleik-asit-izolasyonu\/#primaryimage\"},\"image\":{\"@id\":\"https:\/\/kromogen.com\/urunlerimiz\/nukleik-asit-izolasyonu\/#primaryimage\"},\"thumbnailUrl\":\"https:\/\/kromogen.com\/wp-content\/uploads\/2024\/08\/Biyoteknoloji.jpg\",\"datePublished\":\"2024-08-06T16:29:24+00:00\",\"dateModified\":\"2025-04-09T08:50:02+00:00\",\"breadcrumb\":{\"@id\":\"https:\/\/kromogen.com\/urunlerimiz\/nukleik-asit-izolasyonu\/#breadcrumb\"},\"inLanguage\":\"en-US\",\"potentialAction\":[{\"@type\":\"ReadAction\",\"target\":[\"https:\/\/kromogen.com\/urunlerimiz\/nukleik-asit-izolasyonu\/\"]}]},{\"@type\":\"ImageObject\",\"inLanguage\":\"en-US\",\"@id\":\"https:\/\/kromogen.com\/urunlerimiz\/nukleik-asit-izolasyonu\/#primaryimage\",\"url\":\"https:\/\/kromogen.com\/wp-content\/uploads\/2024\/08\/Biyoteknoloji.jpg\",\"contentUrl\":\"https:\/\/kromogen.com\/wp-content\/uploads\/2024\/08\/Biyoteknoloji.jpg\",\"width\":1280,\"height\":720},{\"@type\":\"BreadcrumbList\",\"@id\":\"https:\/\/kromogen.com\/urunlerimiz\/nukleik-asit-izolasyonu\/#breadcrumb\",\"itemListElement\":[{\"@type\":\"ListItem\",\"position\":1,\"name\":\"Anasayfa\",\"item\":\"https:\/\/kromogen.com\/\"},{\"@type\":\"ListItem\",\"position\":2,\"name\":\"\u00dcR\u00dcNLER\u0130M\u0130Z\",\"item\":\"https:\/\/kromogen.com\/urunlerimiz\/\"},{\"@type\":\"ListItem\",\"position\":3,\"name\":\"N\u00fckleik Asit \u0130zolasyonu\"}]},{\"@type\":\"WebSite\",\"@id\":\"https:\/\/kromogen.com\/#website\",\"url\":\"https:\/\/kromogen.com\/\",\"name\":\"Kromogen\",\"description\":\"Kromogen Biyoteknoloji\",\"potentialAction\":[{\"@type\":\"SearchAction\",\"target\":{\"@type\":\"EntryPoint\",\"urlTemplate\":\"https:\/\/kromogen.com\/?s={search_term_string}\"},\"query-input\":{\"@type\":\"PropertyValueSpecification\",\"valueRequired\":true,\"valueName\":\"search_term_string\"}}],\"inLanguage\":\"en-US\"}]}<\/script>\n<!-- \/ Yoast SEO plugin. -->","yoast_head_json":{"title":"N\u00fckleik Asit \u0130zolasyonu - Kromogen","robots":{"index":"index","follow":"follow","max-snippet":"max-snippet:-1","max-image-preview":"max-image-preview:large","max-video-preview":"max-video-preview:-1"},"canonical":"https:\/\/kromogen.com\/en\/our-products\/nucleic-acid-isolation\/","og_locale":"en_US","og_type":"article","og_title":"N\u00fckleik Asit \u0130zolasyonu - Kromogen","og_description":"\u00a0 \u00a0 \u00a0 \u00a0 \u00a0 N\u00fckleik Asit \u0130zolasyonu N\u00fckleik asit izolasyonu molek\u00fcler biyolojide neredeyse her uygulaman\u0131n ilk a\u015famas\u0131d\u0131r. Bu a\u015faman\u0131n verimi ve elde edilen n\u00fckleik asitlerin safl\u0131\u011f\u0131 onu takip eden a\u015famalar\u0131n ba\u015far\u0131s\u0131 i\u00e7in b\u00fcy\u00fck bir \u00f6neme sahiptir. Manyetik taneciklerin kullan\u0131ld\u0131\u011f\u0131 y\u00f6ntemler di\u011fer y\u00f6ntemlere g\u00f6re \u00e7ok daha h\u0131zl\u0131, basit, otomatik sistemlere\u00a0 uygulanabilir ve etkili y\u00f6ntemlerdir. KromoGEN [...]","og_url":"https:\/\/kromogen.com\/en\/our-products\/nucleic-acid-isolation\/","og_site_name":"Kromogen","article_modified_time":"2025-04-09T08:50:02+00:00","og_image":[{"width":1280,"height":720,"url":"https:\/\/kromogen.com\/wp-content\/uploads\/2024\/08\/Biyoteknoloji.jpg","type":"image\/jpeg"}],"twitter_card":"summary_large_image","twitter_misc":{"Est. reading time":"1 minute"},"schema":{"@context":"https:\/\/schema.org","@graph":[{"@type":"WebPage","@id":"https:\/\/kromogen.com\/urunlerimiz\/nukleik-asit-izolasyonu\/","url":"https:\/\/kromogen.com\/urunlerimiz\/nukleik-asit-izolasyonu\/","name":"N\u00fckleik Asit \u0130zolasyonu - Kromogen","isPartOf":{"@id":"https:\/\/kromogen.com\/#website"},"primaryImageOfPage":{"@id":"https:\/\/kromogen.com\/urunlerimiz\/nukleik-asit-izolasyonu\/#primaryimage"},"image":{"@id":"https:\/\/kromogen.com\/urunlerimiz\/nukleik-asit-izolasyonu\/#primaryimage"},"thumbnailUrl":"https:\/\/kromogen.com\/wp-content\/uploads\/2024\/08\/Biyoteknoloji.jpg","datePublished":"2024-08-06T16:29:24+00:00","dateModified":"2025-04-09T08:50:02+00:00","breadcrumb":{"@id":"https:\/\/kromogen.com\/urunlerimiz\/nukleik-asit-izolasyonu\/#breadcrumb"},"inLanguage":"en-US","potentialAction":[{"@type":"ReadAction","target":["https:\/\/kromogen.com\/urunlerimiz\/nukleik-asit-izolasyonu\/"]}]},{"@type":"ImageObject","inLanguage":"en-US","@id":"https:\/\/kromogen.com\/urunlerimiz\/nukleik-asit-izolasyonu\/#primaryimage","url":"https:\/\/kromogen.com\/wp-content\/uploads\/2024\/08\/Biyoteknoloji.jpg","contentUrl":"https:\/\/kromogen.com\/wp-content\/uploads\/2024\/08\/Biyoteknoloji.jpg","width":1280,"height":720},{"@type":"BreadcrumbList","@id":"https:\/\/kromogen.com\/urunlerimiz\/nukleik-asit-izolasyonu\/#breadcrumb","itemListElement":[{"@type":"ListItem","position":1,"name":"Anasayfa","item":"https:\/\/kromogen.com\/"},{"@type":"ListItem","position":2,"name":"\u00dcR\u00dcNLER\u0130M\u0130Z","item":"https:\/\/kromogen.com\/urunlerimiz\/"},{"@type":"ListItem","position":3,"name":"N\u00fckleik Asit \u0130zolasyonu"}]},{"@type":"WebSite","@id":"https:\/\/kromogen.com\/#website","url":"https:\/\/kromogen.com\/","name":"Kromogen","description":"Kromogen Biyoteknoloji","potentialAction":[{"@type":"SearchAction","target":{"@type":"EntryPoint","urlTemplate":"https:\/\/kromogen.com\/?s={search_term_string}"},"query-input":{"@type":"PropertyValueSpecification","valueRequired":true,"valueName":"search_term_string"}}],"inLanguage":"en-US"}]}},"_links":{"self":[{"href":"https:\/\/kromogen.com\/en\/wp-json\/wp\/v2\/pages\/108"}],"collection":[{"href":"https:\/\/kromogen.com\/en\/wp-json\/wp\/v2\/pages"}],"about":[{"href":"https:\/\/kromogen.com\/en\/wp-json\/wp\/v2\/types\/page"}],"author":[{"embeddable":true,"href":"https:\/\/kromogen.com\/en\/wp-json\/wp\/v2\/users\/1"}],"replies":[{"embeddable":true,"href":"https:\/\/kromogen.com\/en\/wp-json\/wp\/v2\/comments?post=108"}],"version-history":[{"count":8,"href":"https:\/\/kromogen.com\/en\/wp-json\/wp\/v2\/pages\/108\/revisions"}],"predecessor-version":[{"id":1083,"href":"https:\/\/kromogen.com\/en\/wp-json\/wp\/v2\/pages\/108\/revisions\/1083"}],"up":[{"embeddable":true,"href":"https:\/\/kromogen.com\/en\/wp-json\/wp\/v2\/pages\/100"}],"wp:featuredmedia":[{"embeddable":true,"href":"https:\/\/kromogen.com\/en\/wp-json\/wp\/v2\/media\/182"}],"wp:attachment":[{"href":"https:\/\/kromogen.com\/en\/wp-json\/wp\/v2\/media?parent=108"}],"curies":[{"name":"wp","href":"https:\/\/api.w.org\/{rel}","templated":true}]}}