
{"id":104,"date":"2024-08-06T16:28:58","date_gmt":"2024-08-06T16:28:58","guid":{"rendered":"https:\/\/kromogen.mehmetalisahin.com.tr\/?page_id=104"},"modified":"2024-08-08T04:45:19","modified_gmt":"2024-08-08T04:45:19","slug":"adli-genetik","status":"publish","type":"page","link":"https:\/\/kromogen.com\/en\/our-products\/forensic-genetics\/","title":{"rendered":"Forensic Genetics"},"content":{"rendered":"<div class=\"banner has-hover\" id=\"banner-1655327391\">\n          <div class=\"banner-inner fill\">\n        <div class=\"banner-bg fill\" >\n            <img loading=\"lazy\" decoding=\"async\" width=\"1020\" height=\"308\" src=\"https:\/\/kromogen.com\/wp-content\/uploads\/2024\/08\/adli-genetig-1024x309.jpg\" class=\"bg attachment-large size-large\" alt=\"\" \/>                                    \n                    <\/div>\n\t\t\n        <div class=\"banner-layers container\">\n            <div class=\"fill banner-link\"><\/div>            \n   <div id=\"text-box-996658667\" class=\"text-box banner-layer x5 md-x5 lg-x5 y85 md-y85 lg-y85 res-text\">\n                                <div class=\"text-box-content text dark\">\n              \n              <div class=\"text-inner text-left\">\n                  \n<h3><strong>FORENSIC GENETICS<\/strong><\/h3>\n              <\/div>\n           <\/div>\n                            \n<style>\n#text-box-996658667 {\n  width: 60%;\n}\n#text-box-996658667 .text-box-content {\n  font-size: 100%;\n}\n<\/style>\n    <\/div>\n \n        <\/div>\n      <\/div>\n\n            \n<style>\n#banner-1655327391 {\n  padding-top: 350px;\n  background-color: rgb(255,255,255);\n}\n<\/style>\n  <\/div>\n\n\n<div class=\"row\"  id=\"row-1641964517\">\n\n\t<div id=\"col-449225128\" class=\"col small-12 large-12\"  >\n\t\t\t\t<div class=\"col-inner\"  >\n\t\t\t\n\t\t\t\n<p>The use of DNA technologies in forensic medicine has become an important tool in forensic investigations. Common problems and special requirements in DNA analysis in forensic sciences can be listed as follows; low copy number template DNA, deconstructed or contaminated samples, the need for high accuracy and repeatability, and the need to obtain results as soon as possible. As KromoGEN Biotechnology, we combine our experience in forensic sciences with our wide range of products and offer solutions tailored to your needs.<\/p>\n<p>Our solution partners in forensic genetics are IntegenX and HEALTH Gene Technologies, which address different application areas. IntegenX offers fast and labor-efficient platforms and products that work with sample-to-result logic. On the other hand, HEALTH Gene Technologies' products are ready-to-use kits that can be quickly integrated into the existing working systems of laboratories that routinely perform DNA typing, such as forensic medicine and police criminal laboratories.<\/p>\n<p>IntegenXRapidHIT\u00ae Human Identification System<br \/>\nHEALTH Gene Technologies SureID\u00ae Human Identification Products<\/p>\n\n\t\t<div class=\"tabbed-content\">\n\t\t\t\n\t\t\t<ul class=\"nav nav-line nav-vertical nav-uppercase nav-size-normal nav-left\" role=\"tablist\"><li id=\"tab-integenxrapidhit\u00ae\" class=\"tab active has-icon\" role=\"presentation\"><a href=\"#tab_integenxrapidhit\u00ae\" role=\"tab\" aria-selected=\"true\" aria-controls=\"tab_integenxrapidhit\u00ae\"><span>IntegenXRapidHIT\u00ae<\/span><\/a><\/li>\n<li id=\"tab-health-gene-techsureid\u00ae\" class=\"tab has-icon\" role=\"presentation\"><a href=\"#tab_health-gene-techsureid\u00ae\" tabindex=\"-1\" role=\"tab\" aria-selected=\"false\" aria-controls=\"tab_health-gene-techsureid\u00ae\"><span>HEALTH Gene TechSureID\u00ae<\/span><\/a><\/li><\/ul><div class=\"tab-panels\"><div id=\"tab_integenxrapidhit\u00ae\" class=\"panel active entry-content\" role=\"tabpanel\" aria-labelledby=\"tab-integenxrapidhit\u00ae\">\n<h1>IntegenXRapidHIT\u00ae Human Identification System<\/h1>\n<p class=\"lead-inlines\">Today, the majority of forensic genetic testing is performed by STR (short tandem repeat) typing based on PCR and capillary electrophoresis. The RapidHIT\u00ae System developed by IntegenX is the first fully automated sample-to-result STR-based human identification system. This system uses GlobalFiler\u00ae Express cartridges. With this closed system, standard DNA profiles can be obtained from human samples in an average of 90 minutes. The RapidHIT\u00ae System uses DNA extraction, PCR and capillary electrophoresis. The system can perform 1-5 DNA typing at the same time, requiring only 3 minutes of staff time to perform these procedures. With its easy operation, it can be made a part of any forensic genetics workflow. For detailed information about the product, see our current brochure.\u00a0<a href=\"https:\/\/www.kromogen.com\/docs\/integenx_rapidhit.pdf\" target=\"blank\" rel=\"noopener\">from here<\/a>\u00a0you can reach.<\/p>\n<p><img decoding=\"async\" src=\"https:\/\/www.kromogen.com\/images\/urun-resim\/integenx_rapidhit.png\" alt=\"Intendenx Rapidhit\" \/><\/p>\n<\/div>\n<div id=\"tab_health-gene-techsureid\u00ae\" class=\"panel entry-content\" role=\"tabpanel\" aria-labelledby=\"tab-health-gene-techsureid\u00ae\">\n<h1>SureID\u00ae Human Identification Products<\/h1>\n<p class=\"lead-inlines\">Compatible with ABI 3130\/3730\/3500, the most commonly used genetic analysis platforms\u00a0<b>HEALTH Gene Technologies<\/b>\u00a0The Human Identification products consist of two products, SureID\u00ae 21G and SureID\u00ae 27Y. These products are also STR-based human identification tests based on PCR and capillary electrophoresis techniques.\u00a0<b>HEALTH Gene Technologies<\/b>\u00a0general product brochure\u00a0<a href=\"https:\/\/www.kromogen.com\/docs\/HGT_Products.pdf\" target=\"blank\" rel=\"noopener\">from here<\/a>\u00a0you can download it.<\/p>\n<div class=\"contentText\">\n<h1><a href=\"https:\/\/kromogen.com\/en\/sureid-21g.html\/\">SureID\u00ae 21G Human STR Identification Kit<\/a><\/h1>\n<p><img decoding=\"async\" src=\"https:\/\/www.kromogen.com\/images\/urun-resim\/hgt_21g.jpg\" alt=\"HGT 21G\" \/><\/p>\n<p class=\"lead-inlines\">SureID\u00ae 21G Human STR Identification kit is a 5-dye STR (short tandem repeat) multiplex test kit. Simultaneously amplifying 20 autosomal STR loci and the sex marker Amelogenin locus, this kit contains all original CODIS (Combined DNA Index System) regions and loci from the expanded European Standard Set. This kit can be used for applications such as human DNA databanking, crime scene investigation, smuggler control and DNA fingerprint identification.<\/p>\n<p class=\"lead-inlines\">Detailed information about the product\u00a0<a href=\"https:\/\/www.kromogen.com\/docs\/hgt_21g.pdf\" target=\"blank\" rel=\"noopener\">from our brochure<\/a>\u00a0you can reach.<\/p>\n<h1><a href=\"https:\/\/kromogen.com\/en\/sureid-27y.html\/\">SureID\u00ae 27Y Human STR Identification Kit<\/a><\/h1>\n<p class=\"lead-inlines\">The SureID\u00ae 27Y Human STR Identification Kit amplifies the 17 most commonly used loci as well as 10 new Y-STR loci. 7 of these new loci are composed of rapidly mutating regions, which can help differentiate male individuals of the same ancestry. The regions amplified with this kit are labeled with 4 fluorescent dyes and range in size from 80-480 nucleotides.<\/p>\n<p class=\"lead-inlines\">Detailed information about the product\u00a0<a href=\"https:\/\/www.kromogen.com\/docs\/hgt_27y.pdf\" target=\"blank\" rel=\"noopener\">from our brochure<\/a>\u00a0you can reach.<\/p>\n<\/div>\n<div class=\"accordion\">\n\t<div id=\"accordion-988621977\" class=\"accordion-item\">\n\t\t<a id=\"accordion-988621977-label\" class=\"accordion-title plain\" href=\"#accordion-item-sureid\u00ae-21g\" aria-expanded=\"false\" aria-controls=\"accordion-988621977-content\" >\n\t\t\t<button class=\"toggle\" aria-label=\"Toggle\"><i class=\"icon-angle-down\"><\/i><\/button>\n\t\t\t<span>SureID\u00ae 21G<\/span>\n\t\t<\/a>\n\t\t<div id=\"accordion-988621977-content\" class=\"accordion-inner\" aria-labelledby=\"accordion-988621977-label\" >\n\t\t\t\n<h1>SureID\u00ae 21G Human STR Identification Kit<\/h1>\n<p><img decoding=\"async\" src=\"https:\/\/www.kromogen.com\/images\/urun-resim\/hgt_21g.jpg\" alt=\"HGT 21G\" \/><\/p>\n<p class=\"lead-inlines\">SureID\u00ae 21G Human STR Identification kit is a 5-dye STR (short tandem repeat) multiplex test kit. Simultaneously amplifying 20 autosomal STR loci and the sex marker Amelogenin locus, this kit contains all original CODIS (Combined DNA Index System) regions and loci from the expanded European Standard Set. This kit can be used for applications such as human DNA databanking, crime scene investigation, smuggler control and DNA fingerprint identification.<\/p>\n<p class=\"lead-inlines\">Detailed information about the product\u00a0<a href=\"https:\/\/www.kromogen.com\/docs\/hgt_21g.pdf\" target=\"blank\" rel=\"noopener\">from our brochure<\/a>\u00a0you can reach.<\/p>\n\t\t<\/div>\n\t<\/div>\n\t\n\t<div id=\"accordion-49218453\" class=\"accordion-item\">\n\t\t<a id=\"accordion-49218453-label\" class=\"accordion-title plain\" href=\"#accordion-item-sureid\u00ae-27y\" aria-expanded=\"false\" aria-controls=\"accordion-49218453-content\" >\n\t\t\t<button class=\"toggle\" aria-label=\"Toggle\"><i class=\"icon-angle-down\"><\/i><\/button>\n\t\t\t<span>SureID\u00ae 27Y<\/span>\n\t\t<\/a>\n\t\t<div id=\"accordion-49218453-content\" class=\"accordion-inner\" aria-labelledby=\"accordion-49218453-label\" >\n\t\t\t\n<h1><a href=\"https:\/\/kromogen.com\/en\/sureid-27y.html\/\">SureID\u00ae 27Y Human STR Identification Kit<\/a><\/h1>\n<p class=\"lead-inlines\">The SureID\u00ae 27Y Human STR Identification Kit amplifies the 17 most commonly used loci as well as 10 new Y-STR loci. 7 of these new loci are composed of rapidly mutating regions, which can help differentiate male individuals of the same ancestry. The regions amplified with this kit are labeled with 4 fluorescent dyes and range in size from 80-480 nucleotides.<\/p>\n<p class=\"lead-inlines\">Detailed information about the product\u00a0<a href=\"https:\/\/www.kromogen.com\/docs\/hgt_27y.pdf\" target=\"blank\" rel=\"noopener\">from our brochure<\/a>\u00a0you can reach.<\/p>\n\t\t<\/div>\n\t<\/div>\n\t\n<\/div>\n<\/div><\/div><\/div>\n\t\t<\/div>\n\t\t\t\t\t<\/div>\n\n\t\n<\/div>","protected":false},"excerpt":{"rendered":"","protected":false},"author":1,"featured_media":171,"parent":100,"menu_order":0,"comment_status":"closed","ping_status":"closed","template":"page-blank.php","meta":{"footnotes":""},"class_list":["post-104","page","type-page","status-publish","has-post-thumbnail","hentry"],"yoast_head":"<!-- This site is optimized with the Yoast SEO plugin v23.4 - https:\/\/yoast.com\/wordpress\/plugins\/seo\/ -->\n<title>Adli Genetik - Kromogen<\/title>\n<meta name=\"robots\" content=\"index, follow, max-snippet:-1, max-image-preview:large, max-video-preview:-1\" \/>\n<link rel=\"canonical\" href=\"https:\/\/kromogen.com\/en\/our-products\/forensic-genetics\/\" \/>\n<meta property=\"og:locale\" content=\"en_US\" \/>\n<meta property=\"og:type\" content=\"article\" \/>\n<meta property=\"og:title\" content=\"Adli Genetik - Kromogen\" \/>\n<meta property=\"og:url\" content=\"https:\/\/kromogen.com\/en\/our-products\/forensic-genetics\/\" \/>\n<meta property=\"og:site_name\" content=\"Kromogen\" \/>\n<meta property=\"article:modified_time\" content=\"2024-08-08T04:45:19+00:00\" \/>\n<meta property=\"og:image\" content=\"https:\/\/kromogen.com\/wp-content\/uploads\/2024\/08\/adli-genetig.jpg\" \/>\n\t<meta property=\"og:image:width\" content=\"1652\" \/>\n\t<meta property=\"og:image:height\" content=\"499\" \/>\n\t<meta property=\"og:image:type\" content=\"image\/jpeg\" \/>\n<meta name=\"twitter:card\" content=\"summary_large_image\" \/>\n<meta name=\"twitter:label1\" content=\"Est. reading time\" \/>\n\t<meta name=\"twitter:data1\" content=\"4 minutes\" \/>\n<script type=\"application\/ld+json\" class=\"yoast-schema-graph\">{\"@context\":\"https:\/\/schema.org\",\"@graph\":[{\"@type\":\"WebPage\",\"@id\":\"https:\/\/kromogen.com\/urunlerimiz\/adli-genetik\/\",\"url\":\"https:\/\/kromogen.com\/urunlerimiz\/adli-genetik\/\",\"name\":\"Adli Genetik - Kromogen\",\"isPartOf\":{\"@id\":\"https:\/\/kromogen.com\/#website\"},\"primaryImageOfPage\":{\"@id\":\"https:\/\/kromogen.com\/urunlerimiz\/adli-genetik\/#primaryimage\"},\"image\":{\"@id\":\"https:\/\/kromogen.com\/urunlerimiz\/adli-genetik\/#primaryimage\"},\"thumbnailUrl\":\"https:\/\/kromogen.com\/wp-content\/uploads\/2024\/08\/adli-genetig.jpg\",\"datePublished\":\"2024-08-06T16:28:58+00:00\",\"dateModified\":\"2024-08-08T04:45:19+00:00\",\"breadcrumb\":{\"@id\":\"https:\/\/kromogen.com\/urunlerimiz\/adli-genetik\/#breadcrumb\"},\"inLanguage\":\"en-US\",\"potentialAction\":[{\"@type\":\"ReadAction\",\"target\":[\"https:\/\/kromogen.com\/urunlerimiz\/adli-genetik\/\"]}]},{\"@type\":\"ImageObject\",\"inLanguage\":\"en-US\",\"@id\":\"https:\/\/kromogen.com\/urunlerimiz\/adli-genetik\/#primaryimage\",\"url\":\"https:\/\/kromogen.com\/wp-content\/uploads\/2024\/08\/adli-genetig.jpg\",\"contentUrl\":\"https:\/\/kromogen.com\/wp-content\/uploads\/2024\/08\/adli-genetig.jpg\",\"width\":1652,\"height\":499},{\"@type\":\"BreadcrumbList\",\"@id\":\"https:\/\/kromogen.com\/urunlerimiz\/adli-genetik\/#breadcrumb\",\"itemListElement\":[{\"@type\":\"ListItem\",\"position\":1,\"name\":\"Anasayfa\",\"item\":\"https:\/\/kromogen.com\/\"},{\"@type\":\"ListItem\",\"position\":2,\"name\":\"\u00dcR\u00dcNLER\u0130M\u0130Z\",\"item\":\"https:\/\/kromogen.com\/urunlerimiz\/\"},{\"@type\":\"ListItem\",\"position\":3,\"name\":\"Adli Genetik\"}]},{\"@type\":\"WebSite\",\"@id\":\"https:\/\/kromogen.com\/#website\",\"url\":\"https:\/\/kromogen.com\/\",\"name\":\"Kromogen\",\"description\":\"Kromogen Biyoteknoloji\",\"potentialAction\":[{\"@type\":\"SearchAction\",\"target\":{\"@type\":\"EntryPoint\",\"urlTemplate\":\"https:\/\/kromogen.com\/?s={search_term_string}\"},\"query-input\":{\"@type\":\"PropertyValueSpecification\",\"valueRequired\":true,\"valueName\":\"search_term_string\"}}],\"inLanguage\":\"en-US\"}]}<\/script>\n<!-- \/ Yoast SEO plugin. -->","yoast_head_json":{"title":"Adli Genetik - Kromogen","robots":{"index":"index","follow":"follow","max-snippet":"max-snippet:-1","max-image-preview":"max-image-preview:large","max-video-preview":"max-video-preview:-1"},"canonical":"https:\/\/kromogen.com\/en\/our-products\/forensic-genetics\/","og_locale":"en_US","og_type":"article","og_title":"Adli Genetik - Kromogen","og_url":"https:\/\/kromogen.com\/en\/our-products\/forensic-genetics\/","og_site_name":"Kromogen","article_modified_time":"2024-08-08T04:45:19+00:00","og_image":[{"width":1652,"height":499,"url":"https:\/\/kromogen.com\/wp-content\/uploads\/2024\/08\/adli-genetig.jpg","type":"image\/jpeg"}],"twitter_card":"summary_large_image","twitter_misc":{"Est. reading time":"4 minutes"},"schema":{"@context":"https:\/\/schema.org","@graph":[{"@type":"WebPage","@id":"https:\/\/kromogen.com\/urunlerimiz\/adli-genetik\/","url":"https:\/\/kromogen.com\/urunlerimiz\/adli-genetik\/","name":"Adli Genetik - Kromogen","isPartOf":{"@id":"https:\/\/kromogen.com\/#website"},"primaryImageOfPage":{"@id":"https:\/\/kromogen.com\/urunlerimiz\/adli-genetik\/#primaryimage"},"image":{"@id":"https:\/\/kromogen.com\/urunlerimiz\/adli-genetik\/#primaryimage"},"thumbnailUrl":"https:\/\/kromogen.com\/wp-content\/uploads\/2024\/08\/adli-genetig.jpg","datePublished":"2024-08-06T16:28:58+00:00","dateModified":"2024-08-08T04:45:19+00:00","breadcrumb":{"@id":"https:\/\/kromogen.com\/urunlerimiz\/adli-genetik\/#breadcrumb"},"inLanguage":"en-US","potentialAction":[{"@type":"ReadAction","target":["https:\/\/kromogen.com\/urunlerimiz\/adli-genetik\/"]}]},{"@type":"ImageObject","inLanguage":"en-US","@id":"https:\/\/kromogen.com\/urunlerimiz\/adli-genetik\/#primaryimage","url":"https:\/\/kromogen.com\/wp-content\/uploads\/2024\/08\/adli-genetig.jpg","contentUrl":"https:\/\/kromogen.com\/wp-content\/uploads\/2024\/08\/adli-genetig.jpg","width":1652,"height":499},{"@type":"BreadcrumbList","@id":"https:\/\/kromogen.com\/urunlerimiz\/adli-genetik\/#breadcrumb","itemListElement":[{"@type":"ListItem","position":1,"name":"Anasayfa","item":"https:\/\/kromogen.com\/"},{"@type":"ListItem","position":2,"name":"\u00dcR\u00dcNLER\u0130M\u0130Z","item":"https:\/\/kromogen.com\/urunlerimiz\/"},{"@type":"ListItem","position":3,"name":"Adli Genetik"}]},{"@type":"WebSite","@id":"https:\/\/kromogen.com\/#website","url":"https:\/\/kromogen.com\/","name":"Kromogen","description":"Kromogen Biyoteknoloji","potentialAction":[{"@type":"SearchAction","target":{"@type":"EntryPoint","urlTemplate":"https:\/\/kromogen.com\/?s={search_term_string}"},"query-input":{"@type":"PropertyValueSpecification","valueRequired":true,"valueName":"search_term_string"}}],"inLanguage":"en-US"}]}},"_links":{"self":[{"href":"https:\/\/kromogen.com\/en\/wp-json\/wp\/v2\/pages\/104"}],"collection":[{"href":"https:\/\/kromogen.com\/en\/wp-json\/wp\/v2\/pages"}],"about":[{"href":"https:\/\/kromogen.com\/en\/wp-json\/wp\/v2\/types\/page"}],"author":[{"embeddable":true,"href":"https:\/\/kromogen.com\/en\/wp-json\/wp\/v2\/users\/1"}],"replies":[{"embeddable":true,"href":"https:\/\/kromogen.com\/en\/wp-json\/wp\/v2\/comments?post=104"}],"version-history":[{"count":4,"href":"https:\/\/kromogen.com\/en\/wp-json\/wp\/v2\/pages\/104\/revisions"}],"predecessor-version":[{"id":237,"href":"https:\/\/kromogen.com\/en\/wp-json\/wp\/v2\/pages\/104\/revisions\/237"}],"up":[{"embeddable":true,"href":"https:\/\/kromogen.com\/en\/wp-json\/wp\/v2\/pages\/100"}],"wp:featuredmedia":[{"embeddable":true,"href":"https:\/\/kromogen.com\/en\/wp-json\/wp\/v2\/media\/171"}],"wp:attachment":[{"href":"https:\/\/kromogen.com\/en\/wp-json\/wp\/v2\/media?parent=104"}],"curies":[{"name":"wp","href":"https:\/\/api.w.org\/{rel}","templated":true}]}}