
{"id":1018,"date":"2025-04-02T07:07:54","date_gmt":"2025-04-02T07:07:54","guid":{"rendered":"https:\/\/kromogen.com\/?page_id=1018"},"modified":"2025-10-28T06:08:48","modified_gmt":"2025-10-28T06:08:48","slug":"phenomenex","status":"publish","type":"page","link":"https:\/\/kromogen.com\/en\/our-products\/phenomenex\/","title":{"rendered":"Phenomenex"},"content":{"rendered":"<p>Under the umbrella of Danaher<strong>\u00a0Phenomenex<\/strong>is the world leader in Chromatography products. You can contact our experts for all products from HPLC, GC columns to SPE cartridges; Filters and Vials to Reference Standards. You can get help for the use of the most accurate products in your methods; By learning the alternatives of the products you use from different brands, you can add quality solutions to your analyzes. KromoGEN is the distributor of Phenomenex in Turkey, TRNC, Azerbaijan, all Turkic Republics and other regional countries on project basis.<\/p>\n<p>&nbsp;<\/p>\n<p><img loading=\"lazy\" decoding=\"async\" class=\"aligncenter wp-image-1073 size-full\" src=\"https:\/\/kromogen.com\/wp-content\/uploads\/2025\/04\/WhatsApp-Image-2025-04-07-at-09.50.47.jpeg\" alt=\"\" width=\"780\" height=\"430\" srcset=\"https:\/\/kromogen.com\/wp-content\/uploads\/2025\/04\/WhatsApp-Image-2025-04-07-at-09.50.47.jpeg 780w, https:\/\/kromogen.com\/wp-content\/uploads\/2025\/04\/WhatsApp-Image-2025-04-07-at-09.50.47-300x165.jpeg 300w, https:\/\/kromogen.com\/wp-content\/uploads\/2025\/04\/WhatsApp-Image-2025-04-07-at-09.50.47-768x423.jpeg 768w, https:\/\/kromogen.com\/wp-content\/uploads\/2025\/04\/WhatsApp-Image-2025-04-07-at-09.50.47-18x10.jpeg 18w\" sizes=\"(max-width: 780px) 100vw, 780px\" \/><\/p>\n<h3><strong>Phenomenex from the 2025-2026 Catalog<\/strong>'s products and contact our experts for your requests.<\/h3>\n<p>&nbsp;<\/p>\n<div class=\"_df_book df-lite\" id=\"df_1016\"  _slug=\"phenomenex\" data-title=\"phenomenex\" wpoptions=\"true\" thumbtype=\"\" ><\/div><script class=\"df-shortcode-script\" type=\"application\/javascript\">window.option_df_1016 = {\"outline\":[],\"autoEnableOutline\":\"false\",\"autoEnableThumbnail\":\"false\",\"overwritePDFOutline\":\"false\",\"direction\":\"1\",\"pageSize\":\"0\",\"source\":\"https:\\\/\\\/kromogen.com\\\/wp-content\\\/uploads\\\/2025\\\/04\\\/2025-26-Catalog.pdf\",\"wpOptions\":\"true\"}; if(window.DFLIP && window.DFLIP.parseBooks){window.DFLIP.parseBooks();}<\/script>\n<p>&nbsp;<\/p>\n<p>&nbsp;<\/p>\n<h3><strong>2025-2026 LC Catalog<\/strong><\/h3>\n<p>&nbsp;<\/p>\n<div class=\"_df_book df-lite\" id=\"df_1026\"  _slug=\"lc-book\" data-title=\"lc-book\" wpoptions=\"true\" thumbtype=\"\" ><\/div><script class=\"df-shortcode-script\" type=\"application\/javascript\">window.option_df_1026 = {\"outline\":[],\"autoEnableOutline\":\"false\",\"autoEnableThumbnail\":\"false\",\"overwritePDFOutline\":\"false\",\"direction\":\"1\",\"pageSize\":\"0\",\"source\":\"https:\\\/\\\/kromogen.com\\\/wp-content\\\/uploads\\\/2025\\\/10\\\/2025-26-LC-Product-Guide.pdf\",\"wpOptions\":\"true\"}; if(window.DFLIP && window.DFLIP.parseBooks){window.DFLIP.parseBooks();}<\/script>\n<p>&nbsp;<\/p>\n<p>&nbsp;<\/p>\n<p>&nbsp;<\/p>\n<h3><strong>2025-2026 GC Catalog<\/strong><\/h3>\n<p>&nbsp;<\/p>\n<div class=\"_df_book df-lite\" id=\"df_1029\"  _slug=\"gc-book\" data-title=\"gc-book\" wpoptions=\"true\" thumbtype=\"\" ><\/div><script class=\"df-shortcode-script\" type=\"application\/javascript\">window.option_df_1029 = {\"outline\":[],\"autoEnableOutline\":\"false\",\"autoEnableThumbnail\":\"false\",\"overwritePDFOutline\":\"false\",\"direction\":\"1\",\"pageSize\":\"0\",\"source\":\"https:\\\/\\\/kromogen.com\\\/wp-content\\\/uploads\\\/2025\\\/04\\\/2025-26-Catalog-GC-Book.pdf\",\"wpOptions\":\"true\"}; if(window.DFLIP && window.DFLIP.parseBooks){window.DFLIP.parseBooks();}<\/script>\n<p>&nbsp;<\/p>\n<p>&nbsp;<\/p>\n<p>&nbsp;<\/p>\n<h3><strong>2025-2026 Sample Prep Catalog<\/strong><\/h3>\n<p>&nbsp;<\/p>\n<div class=\"_df_book df-lite\" id=\"df_1031\"  _slug=\"sample-prep-book\" data-title=\"sample-prep-book\" wpoptions=\"true\" thumbtype=\"\" ><\/div><script class=\"df-shortcode-script\" type=\"application\/javascript\">window.option_df_1031 = {\"outline\":[],\"autoEnableOutline\":\"false\",\"autoEnableThumbnail\":\"false\",\"overwritePDFOutline\":\"false\",\"direction\":\"1\",\"pageSize\":\"0\",\"source\":\"https:\\\/\\\/kromogen.com\\\/wp-content\\\/uploads\\\/2025\\\/04\\\/2025-26-Catalog-Sample-Prep-Book.pdf\",\"wpOptions\":\"true\"}; if(window.DFLIP && window.DFLIP.parseBooks){window.DFLIP.parseBooks();}<\/script>\n<p>&nbsp;<\/p>\n<p>&nbsp;<\/p>\n<p>&nbsp;<\/p>\n<h3><strong>2025-2026 Accessories Catalog<\/strong><\/h3>\n<p>&nbsp;<\/p>\n<div class=\"_df_book df-lite\" id=\"df_1035\"  _slug=\"accessories-book\" data-title=\"accessories-book\" wpoptions=\"true\" thumbtype=\"\" ><\/div><script class=\"df-shortcode-script\" type=\"application\/javascript\">window.option_df_1035 = {\"outline\":[],\"autoEnableOutline\":\"false\",\"autoEnableThumbnail\":\"false\",\"overwritePDFOutline\":\"false\",\"direction\":\"1\",\"pageSize\":\"0\",\"source\":\"https:\\\/\\\/kromogen.com\\\/wp-content\\\/uploads\\\/2025\\\/04\\\/2025-26-Catalog-Accessories-Book.pdf\",\"wpOptions\":\"true\"}; if(window.DFLIP && window.DFLIP.parseBooks){window.DFLIP.parseBooks();}<\/script>\n<p>&nbsp;<\/p>\n<p>&nbsp;<\/p>\n<p>&nbsp;<\/p>\n<h3><strong>2024 Vial Catalog<\/strong><\/h3>\n<p>&nbsp;<\/p>\n<div class=\"_df_book df-lite\" id=\"df_1039\"  _slug=\"vial-katalog\" data-title=\"vial-katalog\" wpoptions=\"true\" thumbtype=\"\" ><\/div><script class=\"df-shortcode-script\" type=\"application\/javascript\">window.option_df_1039 = {\"outline\":[],\"autoEnableOutline\":\"false\",\"autoEnableThumbnail\":\"false\",\"overwritePDFOutline\":\"false\",\"direction\":\"1\",\"pageSize\":\"0\",\"source\":\"https:\\\/\\\/kromogen.com\\\/wp-content\\\/uploads\\\/2025\\\/04\\\/027-048-Vials-2024-Catalog.pdf\",\"wpOptions\":\"true\"}; if(window.DFLIP && window.DFLIP.parseBooks){window.DFLIP.parseBooks();}<\/script>\n<p>&nbsp;<\/p>\n<p>&nbsp;<\/p>\n<p>&nbsp;<\/p>\n<h3><strong>2024 Syringe Catalog<\/strong><\/h3>\n<p>&nbsp;<\/p>\n<div class=\"_df_book df-lite\" id=\"df_1044\"  _slug=\"syringe-book\" data-title=\"syringe-book\" wpoptions=\"true\" thumbtype=\"\" ><\/div><script class=\"df-shortcode-script\" type=\"application\/javascript\">window.option_df_1044 = {\"outline\":[],\"autoEnableOutline\":\"false\",\"autoEnableThumbnail\":\"false\",\"overwritePDFOutline\":\"false\",\"direction\":\"1\",\"pageSize\":\"0\",\"source\":\"https:\\\/\\\/kromogen.com\\\/wp-content\\\/uploads\\\/2025\\\/04\\\/017-026-Syringes-2024-Catalog.pdf\",\"wpOptions\":\"true\"}; if(window.DFLIP && window.DFLIP.parseBooks){window.DFLIP.parseBooks();}<\/script>\n<p>&nbsp;<\/p>\n<p>&nbsp;<\/p>\n<h3><strong>2024 Reference Standard Catalog<\/strong><\/h3>\n<p>&nbsp;<\/p>\n<div class=\"_df_book df-lite\" id=\"df_1049\"  _slug=\"reference-material\" data-title=\"reference-material\" wpoptions=\"true\" thumbtype=\"\" ><\/div><script class=\"df-shortcode-script\" type=\"application\/javascript\">window.option_df_1049 = {\"outline\":[],\"autoEnableOutline\":\"false\",\"autoEnableThumbnail\":\"false\",\"overwritePDFOutline\":\"false\",\"direction\":\"1\",\"pageSize\":\"0\",\"source\":\"https:\\\/\\\/kromogen.com\\\/wp-content\\\/uploads\\\/2025\\\/04\\\/003-006-Reference-Standards-2024-Catalog.pdf\",\"wpOptions\":\"true\"}; if(window.DFLIP && window.DFLIP.parseBooks){window.DFLIP.parseBooks();}<\/script>\n<p>&nbsp;<\/p>\n<p>&nbsp;<\/p>\n<p>&nbsp;<\/p>\n<h3><strong>2024 Filtration Catalog<\/strong><\/h3>\n<p>&nbsp;<\/p>\n<div class=\"_df_book df-lite\" id=\"df_1054\"  _slug=\"filtration\" data-title=\"filtration\" wpoptions=\"true\" thumbtype=\"\" ><\/div><script class=\"df-shortcode-script\" type=\"application\/javascript\">window.option_df_1054 = {\"outline\":[],\"autoEnableOutline\":\"false\",\"autoEnableThumbnail\":\"false\",\"overwritePDFOutline\":\"false\",\"direction\":\"1\",\"pageSize\":\"0\",\"source\":\"https:\\\/\\\/kromogen.com\\\/wp-content\\\/uploads\\\/2025\\\/04\\\/007-016-Filtration-2024-Catalog.pdf\",\"wpOptions\":\"true\"}; if(window.DFLIP && window.DFLIP.parseBooks){window.DFLIP.parseBooks();}<\/script>\n<p>&nbsp;<\/p>\n<p>&nbsp;<\/p>\n<p>&nbsp;<\/p>\n<h3><strong>2024 Flash Chromatography Catalog<\/strong><\/h3>\n<p>&nbsp;<\/p>\n<div class=\"_df_book df-lite\" id=\"df_1058\"  _slug=\"flashprep\" data-title=\"flashprep\" wpoptions=\"true\" thumbtype=\"\" ><\/div><script class=\"df-shortcode-script\" type=\"application\/javascript\">window.option_df_1058 = {\"outline\":[],\"autoEnableOutline\":\"false\",\"autoEnableThumbnail\":\"false\",\"overwritePDFOutline\":\"false\",\"direction\":\"1\",\"pageSize\":\"0\",\"source\":\"https:\\\/\\\/kromogen.com\\\/wp-content\\\/uploads\\\/2025\\\/04\\\/373-382-Flash-Chromatography-2024-Catalog.pdf\",\"wpOptions\":\"true\"}; if(window.DFLIP && window.DFLIP.parseBooks){window.DFLIP.parseBooks();}<\/script>\n<p>&nbsp;<\/p>\n<p>&nbsp;<\/p>\n<p>&nbsp;<\/p>\n<h3><strong>2024 Bulk and Prep Catalog<\/strong><\/h3>\n<p>&nbsp;<\/p>\n<div class=\"_df_book df-lite\" id=\"df_1061\"  _slug=\"bulk-prep\" data-title=\"bulk-prep\" wpoptions=\"true\" thumbtype=\"\" ><\/div><script class=\"df-shortcode-script\" type=\"application\/javascript\">window.option_df_1061 = {\"outline\":[],\"autoEnableOutline\":\"false\",\"autoEnableThumbnail\":\"false\",\"overwritePDFOutline\":\"false\",\"direction\":\"1\",\"pageSize\":\"0\",\"source\":\"https:\\\/\\\/kromogen.com\\\/wp-content\\\/uploads\\\/2025\\\/04\\\/383-402-Prep-and-Bulk-2024-Catalog.pdf\",\"wpOptions\":\"true\"}; if(window.DFLIP && window.DFLIP.parseBooks){window.DFLIP.parseBooks();}<\/script>\n<p>&nbsp;<\/p>\n<p>&nbsp;<\/p>\n<p>&nbsp;<\/p>\n<h3><strong>2024 Synthetic DNA &amp; RNA Catalog<\/strong><\/h3>\n<p>&nbsp;<\/p>\n<div class=\"_df_book df-lite\" id=\"df_1065\"  _slug=\"dna-rna\" data-title=\"dna-rna\" wpoptions=\"true\" thumbtype=\"\" ><\/div><script class=\"df-shortcode-script\" type=\"application\/javascript\">window.option_df_1065 = {\"outline\":[],\"autoEnableOutline\":\"false\",\"autoEnableThumbnail\":\"false\",\"overwritePDFOutline\":\"false\",\"direction\":\"1\",\"pageSize\":\"0\",\"source\":\"https:\\\/\\\/kromogen.com\\\/wp-content\\\/uploads\\\/2025\\\/04\\\/403-413-Synthetic-DNA-RNA-2024-Catalog.pdf\",\"wpOptions\":\"true\"}; if(window.DFLIP && window.DFLIP.parseBooks){window.DFLIP.parseBooks();}<\/script>","protected":false},"excerpt":{"rendered":"<p>Phenomenex, under the roof of Danaher, is the world leader in Chromatography products. You can contact our experts for all products from HPLC, GC columns to SPE cartridges; Filters and Vials to Reference Standards. You can get help for the use of the most accurate products in your methods; by learning the alternatives of the products you use from different brands, you can add quality solutions to your analyzes. KromoGEN, Phenomenex's Turkey, TRNC, Azerbaijan, all Turkic Republics and other regions on a project basis [...]","protected":false},"author":2,"featured_media":1073,"parent":100,"menu_order":0,"comment_status":"closed","ping_status":"closed","template":"","meta":{"footnotes":""},"class_list":["post-1018","page","type-page","status-publish","has-post-thumbnail","hentry"],"yoast_head":"<!-- This site is optimized with the Yoast SEO plugin v23.4 - https:\/\/yoast.com\/wordpress\/plugins\/seo\/ -->\n<title>Phenomenex - Kromogen<\/title>\n<meta name=\"description\" content=\"Kromatografi \u00dcr\u00fcnlerinde D\u00fcnya Lideri Phenomenex T\u00fcrkiye ve T\u00fcrk\u00ee Cumhuriyetlerde KromoGEN uzmanl\u0131\u011f\u0131yla temsil edilmektedir.\" \/>\n<meta name=\"robots\" content=\"index, follow, max-snippet:-1, max-image-preview:large, max-video-preview:-1\" \/>\n<link rel=\"canonical\" href=\"https:\/\/kromogen.com\/en\/our-products\/phenomenex\/\" \/>\n<meta property=\"og:locale\" content=\"en_US\" \/>\n<meta property=\"og:type\" content=\"article\" \/>\n<meta property=\"og:title\" content=\"Phenomenex - Kromogen\" \/>\n<meta property=\"og:description\" content=\"Kromatografi \u00dcr\u00fcnlerinde D\u00fcnya Lideri Phenomenex T\u00fcrkiye ve T\u00fcrk\u00ee Cumhuriyetlerde KromoGEN uzmanl\u0131\u011f\u0131yla temsil edilmektedir.\" \/>\n<meta property=\"og:url\" content=\"https:\/\/kromogen.com\/en\/our-products\/phenomenex\/\" \/>\n<meta property=\"og:site_name\" content=\"Kromogen\" \/>\n<meta property=\"article:modified_time\" content=\"2025-10-28T06:08:48+00:00\" \/>\n<meta property=\"og:image\" content=\"https:\/\/kromogen.com\/wp-content\/uploads\/2025\/04\/WhatsApp-Image-2025-04-07-at-09.50.47.jpeg\" \/>\n\t<meta property=\"og:image:width\" content=\"780\" \/>\n\t<meta property=\"og:image:height\" content=\"430\" \/>\n\t<meta property=\"og:image:type\" content=\"image\/jpeg\" \/>\n<meta name=\"twitter:card\" content=\"summary_large_image\" \/>\n<meta name=\"twitter:label1\" content=\"Est. reading time\" \/>\n\t<meta name=\"twitter:data1\" content=\"2 minutes\" \/>\n<script type=\"application\/ld+json\" class=\"yoast-schema-graph\">{\"@context\":\"https:\/\/schema.org\",\"@graph\":[{\"@type\":\"WebPage\",\"@id\":\"https:\/\/kromogen.com\/urunlerimiz\/phenomenex\/\",\"url\":\"https:\/\/kromogen.com\/urunlerimiz\/phenomenex\/\",\"name\":\"Phenomenex - Kromogen\",\"isPartOf\":{\"@id\":\"https:\/\/kromogen.com\/#website\"},\"primaryImageOfPage\":{\"@id\":\"https:\/\/kromogen.com\/urunlerimiz\/phenomenex\/#primaryimage\"},\"image\":{\"@id\":\"https:\/\/kromogen.com\/urunlerimiz\/phenomenex\/#primaryimage\"},\"thumbnailUrl\":\"https:\/\/kromogen.com\/wp-content\/uploads\/2025\/04\/WhatsApp-Image-2025-04-07-at-09.50.47.jpeg\",\"datePublished\":\"2025-04-02T07:07:54+00:00\",\"dateModified\":\"2025-10-28T06:08:48+00:00\",\"description\":\"Kromatografi \u00dcr\u00fcnlerinde D\u00fcnya Lideri Phenomenex T\u00fcrkiye ve T\u00fcrk\u00ee Cumhuriyetlerde KromoGEN uzmanl\u0131\u011f\u0131yla temsil edilmektedir.\",\"breadcrumb\":{\"@id\":\"https:\/\/kromogen.com\/urunlerimiz\/phenomenex\/#breadcrumb\"},\"inLanguage\":\"en-US\",\"potentialAction\":[{\"@type\":\"ReadAction\",\"target\":[\"https:\/\/kromogen.com\/urunlerimiz\/phenomenex\/\"]}]},{\"@type\":\"ImageObject\",\"inLanguage\":\"en-US\",\"@id\":\"https:\/\/kromogen.com\/urunlerimiz\/phenomenex\/#primaryimage\",\"url\":\"https:\/\/kromogen.com\/wp-content\/uploads\/2025\/04\/WhatsApp-Image-2025-04-07-at-09.50.47.jpeg\",\"contentUrl\":\"https:\/\/kromogen.com\/wp-content\/uploads\/2025\/04\/WhatsApp-Image-2025-04-07-at-09.50.47.jpeg\",\"width\":780,\"height\":430},{\"@type\":\"BreadcrumbList\",\"@id\":\"https:\/\/kromogen.com\/urunlerimiz\/phenomenex\/#breadcrumb\",\"itemListElement\":[{\"@type\":\"ListItem\",\"position\":1,\"name\":\"Anasayfa\",\"item\":\"https:\/\/kromogen.com\/\"},{\"@type\":\"ListItem\",\"position\":2,\"name\":\"\u00dcR\u00dcNLER\u0130M\u0130Z\",\"item\":\"https:\/\/kromogen.com\/urunlerimiz\/\"},{\"@type\":\"ListItem\",\"position\":3,\"name\":\"Phenomenex\"}]},{\"@type\":\"WebSite\",\"@id\":\"https:\/\/kromogen.com\/#website\",\"url\":\"https:\/\/kromogen.com\/\",\"name\":\"Kromogen\",\"description\":\"Kromogen Biyoteknoloji\",\"potentialAction\":[{\"@type\":\"SearchAction\",\"target\":{\"@type\":\"EntryPoint\",\"urlTemplate\":\"https:\/\/kromogen.com\/?s={search_term_string}\"},\"query-input\":{\"@type\":\"PropertyValueSpecification\",\"valueRequired\":true,\"valueName\":\"search_term_string\"}}],\"inLanguage\":\"en-US\"}]}<\/script>\n<!-- \/ Yoast SEO plugin. -->","yoast_head_json":{"title":"Phenomenex - Kromogen","description":"Kromatografi \u00dcr\u00fcnlerinde D\u00fcnya Lideri Phenomenex T\u00fcrkiye ve T\u00fcrk\u00ee Cumhuriyetlerde KromoGEN uzmanl\u0131\u011f\u0131yla temsil edilmektedir.","robots":{"index":"index","follow":"follow","max-snippet":"max-snippet:-1","max-image-preview":"max-image-preview:large","max-video-preview":"max-video-preview:-1"},"canonical":"https:\/\/kromogen.com\/en\/our-products\/phenomenex\/","og_locale":"en_US","og_type":"article","og_title":"Phenomenex - Kromogen","og_description":"Kromatografi \u00dcr\u00fcnlerinde D\u00fcnya Lideri Phenomenex T\u00fcrkiye ve T\u00fcrk\u00ee Cumhuriyetlerde KromoGEN uzmanl\u0131\u011f\u0131yla temsil edilmektedir.","og_url":"https:\/\/kromogen.com\/en\/our-products\/phenomenex\/","og_site_name":"Kromogen","article_modified_time":"2025-10-28T06:08:48+00:00","og_image":[{"width":780,"height":430,"url":"https:\/\/kromogen.com\/wp-content\/uploads\/2025\/04\/WhatsApp-Image-2025-04-07-at-09.50.47.jpeg","type":"image\/jpeg"}],"twitter_card":"summary_large_image","twitter_misc":{"Est. reading time":"2 minutes"},"schema":{"@context":"https:\/\/schema.org","@graph":[{"@type":"WebPage","@id":"https:\/\/kromogen.com\/urunlerimiz\/phenomenex\/","url":"https:\/\/kromogen.com\/urunlerimiz\/phenomenex\/","name":"Phenomenex - Kromogen","isPartOf":{"@id":"https:\/\/kromogen.com\/#website"},"primaryImageOfPage":{"@id":"https:\/\/kromogen.com\/urunlerimiz\/phenomenex\/#primaryimage"},"image":{"@id":"https:\/\/kromogen.com\/urunlerimiz\/phenomenex\/#primaryimage"},"thumbnailUrl":"https:\/\/kromogen.com\/wp-content\/uploads\/2025\/04\/WhatsApp-Image-2025-04-07-at-09.50.47.jpeg","datePublished":"2025-04-02T07:07:54+00:00","dateModified":"2025-10-28T06:08:48+00:00","description":"Kromatografi \u00dcr\u00fcnlerinde D\u00fcnya Lideri Phenomenex T\u00fcrkiye ve T\u00fcrk\u00ee Cumhuriyetlerde KromoGEN uzmanl\u0131\u011f\u0131yla temsil edilmektedir.","breadcrumb":{"@id":"https:\/\/kromogen.com\/urunlerimiz\/phenomenex\/#breadcrumb"},"inLanguage":"en-US","potentialAction":[{"@type":"ReadAction","target":["https:\/\/kromogen.com\/urunlerimiz\/phenomenex\/"]}]},{"@type":"ImageObject","inLanguage":"en-US","@id":"https:\/\/kromogen.com\/urunlerimiz\/phenomenex\/#primaryimage","url":"https:\/\/kromogen.com\/wp-content\/uploads\/2025\/04\/WhatsApp-Image-2025-04-07-at-09.50.47.jpeg","contentUrl":"https:\/\/kromogen.com\/wp-content\/uploads\/2025\/04\/WhatsApp-Image-2025-04-07-at-09.50.47.jpeg","width":780,"height":430},{"@type":"BreadcrumbList","@id":"https:\/\/kromogen.com\/urunlerimiz\/phenomenex\/#breadcrumb","itemListElement":[{"@type":"ListItem","position":1,"name":"Anasayfa","item":"https:\/\/kromogen.com\/"},{"@type":"ListItem","position":2,"name":"\u00dcR\u00dcNLER\u0130M\u0130Z","item":"https:\/\/kromogen.com\/urunlerimiz\/"},{"@type":"ListItem","position":3,"name":"Phenomenex"}]},{"@type":"WebSite","@id":"https:\/\/kromogen.com\/#website","url":"https:\/\/kromogen.com\/","name":"Kromogen","description":"Kromogen Biyoteknoloji","potentialAction":[{"@type":"SearchAction","target":{"@type":"EntryPoint","urlTemplate":"https:\/\/kromogen.com\/?s={search_term_string}"},"query-input":{"@type":"PropertyValueSpecification","valueRequired":true,"valueName":"search_term_string"}}],"inLanguage":"en-US"}]}},"_links":{"self":[{"href":"https:\/\/kromogen.com\/en\/wp-json\/wp\/v2\/pages\/1018"}],"collection":[{"href":"https:\/\/kromogen.com\/en\/wp-json\/wp\/v2\/pages"}],"about":[{"href":"https:\/\/kromogen.com\/en\/wp-json\/wp\/v2\/types\/page"}],"author":[{"embeddable":true,"href":"https:\/\/kromogen.com\/en\/wp-json\/wp\/v2\/users\/2"}],"replies":[{"embeddable":true,"href":"https:\/\/kromogen.com\/en\/wp-json\/wp\/v2\/comments?post=1018"}],"version-history":[{"count":14,"href":"https:\/\/kromogen.com\/en\/wp-json\/wp\/v2\/pages\/1018\/revisions"}],"predecessor-version":[{"id":1116,"href":"https:\/\/kromogen.com\/en\/wp-json\/wp\/v2\/pages\/1018\/revisions\/1116"}],"up":[{"embeddable":true,"href":"https:\/\/kromogen.com\/en\/wp-json\/wp\/v2\/pages\/100"}],"wp:featuredmedia":[{"embeddable":true,"href":"https:\/\/kromogen.com\/en\/wp-json\/wp\/v2\/media\/1073"}],"wp:attachment":[{"href":"https:\/\/kromogen.com\/en\/wp-json\/wp\/v2\/media?parent=1018"}],"curies":[{"name":"wp","href":"https:\/\/api.w.org\/{rel}","templated":true}]}}